{"id":229977,"date":"2020-10-05T19:11:01","date_gmt":"2020-10-05T19:11:01","guid":{"rendered":"https:\/\/equicord.com\/?page_id=229977"},"modified":"2022-07-18T09:30:22","modified_gmt":"2022-07-18T09:30:22","slug":"nuestra-tecnologia","status":"publish","type":"page","link":"https:\/\/equicord.com\/en\/our-technology\/","title":{"rendered":"Our technology"},"content":{"rendered":"<p>[et_pb_section fb_built=\u00bb1&#8243; custom_padding_last_edited=\u00bbon|desktop\u00bb module_class=\u00bbsection-header\u00bb _builder_version=\u00bb4.16&#8243; _module_preset=\u00bbdefault\u00bb background_enable_color=\u00bboff\u00bb use_background_color_gradient=\u00bbon\u00bb background_color_gradient_direction=\u00bb53deg\u00bb background_color_gradient_stops=\u00bb#24519b 35%|#78a9cc 100%\u00bb background_color_gradient_start=\u00bb#24519b\u00bb background_color_gradient_start_position=\u00bb35%\u00bb background_color_gradient_end=\u00bb#78a9cc\u00bb background_image=\u00bbhttps:\/\/equicord.com\/wp-content\/uploads\/celulas-3.jpg\u00bb background_blend=\u00bbsoft-light\u00bb custom_padding=\u00bb8vw||12vw||false|false\u00bb custom_padding_tablet=\u00bb5rem||8rem||false|false\u00bb custom_padding_phone=\u00bb3rem||5rem||false|false\u00bb bottom_divider_style=\u00bbramp\u00bb bottom_divider_color=\u00bb#ffffff\u00bb bottom_divider_height=\u00bb5vw\u00bb global_colors_info=\u00bb{}\u00bb][et_pb_row _builder_version=\u00bb4.16&#8243; _module_preset=\u00bbdefault\u00bb global_colors_info=\u00bb{}\u00bb][et_pb_column type=\u00bb4_4&#8243; _builder_version=\u00bb4.16&#8243; _module_preset=\u00bbdefault\u00bb global_colors_info=\u00bb{}\u00bb][et_pb_text _builder_version=\u00bb4.16&#8243; _module_preset=\u00bbdefault\u00bb text_font=\u00bb|300|||||||\u00bb text_text_color=\u00bb#e3edf4&#8243; text_font_size=\u00bb1.15rem\u00bb text_line_height=\u00bb1.5rem\u00bb header_text_color=\u00bb#ffffff\u00bb header_font_size=\u00bb3.5rem\u00bb header_line_height=\u00bb3.8rem\u00bb max_width=\u00bb50%\u00bb max_width_tablet=\u00bb75%\u00bb max_width_phone=\u00bb90%\u00bb max_width_last_edited=\u00bbon|desktop\u00bb text_font_size_tablet=\u00bb1rem\u00bb text_font_size_phone=\u00bb0.9rem\u00bb text_font_size_last_edited=\u00bbon|desktop\u00bb text_line_height_tablet=\u00bb1.4rem\u00bb text_line_height_phone=\u00bb1.3rem\u00bb text_line_height_last_edited=\u00bbon|phone\u00bb header_font_size_tablet=\u00bb3rem\u00bb header_font_size_phone=\u00bb1.8rem\u00bb header_font_size_last_edited=\u00bbon|phone\u00bb header_line_height_tablet=\u00bb3.3rem\u00bb header_line_height_phone=\u00bb2.1rem\u00bb header_line_height_last_edited=\u00bbon|phone\u00bb global_colors_info=\u00bb{}\u00bb]<span class=\"header-top-title\">Our technology<\/span><\/p>\n<h1 class=\"title\">Mesenchymal Stem Cells<\/h1>\n<p>Once injected into the animal, the cells are activated by the inflammatory environment present in the damaged tissues. After their activation, the cells secrete various cytokines that trigger an anti-inflammatory cascade that improves the clinical symptoms of the animal and promotes tissue regeneration<br \/>\n[\/et_pb_text][\/et_pb_column][\/et_pb_row][\/et_pb_section][et_pb_section fb_built=\u00bb1&#8243; _builder_version=\u00bb4.16&#8243; _module_preset=\u00bbdefault\u00bb background_color=\u00bb#d6deec\u00bb use_background_color_gradient=\u00bbon\u00bb background_color_gradient_stops=\u00bb#ffffff 0%|#d6deec 100%\u00bb background_color_gradient_start=\u00bb#ffffff\u00bb background_color_gradient_end=\u00bb#d6deec\u00bb custom_padding=\u00bb||55px|||\u00bb bottom_divider_color=\u00bbrgba(0,0,0,0)\u00bb bottom_divider_height=\u00bb24px\u00bb bottom_divider_repeat=\u00bb0x\u00bb bottom_divider_flip=\u00bbhorizontal\u00bb global_colors_info=\u00bb{}\u00bb][et_pb_row column_structure=\u00bb2_5,3_5&#8243; _builder_version=\u00bb4.16&#8243; _module_preset=\u00bbdefault\u00bb custom_margin=\u00bb|auto|47px|auto||\u00bb custom_margin_tablet=\u00bb-35px||||false|false\u00bb custom_margin_phone=\u00bb\u00bb custom_margin_last_edited=\u00bbon|phone\u00bb custom_padding=\u00bb||0px|||\u00bb global_colors_info=\u00bb{}\u00bb][et_pb_column type=\u00bb2_5&#8243; _builder_version=\u00bb4.16&#8243; _module_preset=\u00bbdefault\u00bb global_colors_info=\u00bb{}\u00bb][et_pb_text _builder_version=\u00bb4.16&#8243; _module_preset=\u00bbdefault\u00bb header_2_font_size=\u00bb44px\u00bb custom_margin_tablet=\u00bb||-20px||false|false\u00bb custom_margin_phone=\u00bb||-16px||false|false\u00bb custom_margin_last_edited=\u00bbon|desktop\u00bb custom_padding=\u00bb55px||0px|||\u00bb header_2_font_size_tablet=\u00bb\u00bb header_2_font_size_phone=\u00bb31px\u00bb header_2_font_size_last_edited=\u00bbon|phone\u00bb global_colors_info=\u00bb{}\u00bb]<\/p>\n<h2>What are Mesenchymal Stem Cells?<\/h2>\n<p>&nbsp;<br \/>\n[\/et_pb_text][\/et_pb_column][et_pb_column type=\u00bb3_5&#8243; _builder_version=\u00bb4.16&#8243; _module_preset=\u00bbdefault\u00bb global_colors_info=\u00bb{}\u00bb][et_pb_text _builder_version=\u00bb4.16&#8243; _module_preset=\u00bbdefault\u00bb header_2_font_size=\u00bb48px\u00bb custom_padding=\u00bb65px|||||\u00bb custom_padding_tablet=\u00bb0px||||false|false\u00bb custom_padding_phone=\u00bb0px||||false|false\u00bb custom_padding_last_edited=\u00bbon|desktop\u00bb global_colors_info=\u00bb{}\u00bb]<\/p>\n<p>Mesenchymal stem cells are multipotential cells with the ability to differentiate into various tissues such as osteocytes (bone cells) and chondrocytes (cartilage cells).<\/p>\n<p>Mesenchymal stem cells are present in a multitude of tissues such as adipose tissue, bone marrow, umbilical cord, etc. Mesenchymal cells are responsible for the repair and regeneration of tissues in the body.<\/p>\n<p>Thanks to biotechnology, these cells can be isolated and cultured in vitro in order to be used in other patients as regenerative medicine treatments.<\/p>\n<p>[\/et_pb_text][\/et_pb_column][\/et_pb_row][\/et_pb_section][et_pb_section fb_built=\u00bb1&#8243; _builder_version=\u00bb4.16&#8243; _module_preset=\u00bbdefault\u00bb global_colors_info=\u00bb{}\u00bb][et_pb_row column_structure=\u00bb2_5,3_5&#8243; _builder_version=\u00bb4.16&#8243; _module_preset=\u00bbdefault\u00bb custom_margin=\u00bb|auto|47px|auto||\u00bb custom_margin_tablet=\u00bb-35px||||false|false\u00bb custom_margin_phone=\u00bb\u00bb custom_margin_last_edited=\u00bbon|phone\u00bb custom_padding=\u00bb||0px|||\u00bb global_colors_info=\u00bb{}\u00bb][et_pb_column type=\u00bb2_5&#8243; _builder_version=\u00bb4.16&#8243; _module_preset=\u00bbdefault\u00bb global_colors_info=\u00bb{}\u00bb][et_pb_text _builder_version=\u00bb4.16&#8243; _module_preset=\u00bbdefault\u00bb header_2_font_size=\u00bb44px\u00bb custom_margin=\u00bb3vw||||false|false\u00bb custom_margin_tablet=\u00bb||||false|false\u00bb custom_margin_phone=\u00bb||-16px||false|false\u00bb custom_margin_last_edited=\u00bbon|phone\u00bb custom_padding=\u00bb||0px||false|false\u00bb header_2_font_size_tablet=\u00bb\u00bb header_2_font_size_phone=\u00bb31px\u00bb header_2_font_size_last_edited=\u00bbon|phone\u00bb global_colors_info=\u00bb{}\u00bb]<\/p>\n<h2>Umbilical cord use advantages<span style=\"font-size: 14px; color: #60789b;\">\u00a0<\/span><\/h2>\n<p>[\/et_pb_text][et_pb_text _builder_version=\u00bb4.16&#8243; _module_preset=\u00bbdefault\u00bb header_2_font_size=\u00bb48px\u00bb custom_margin=\u00bb0vw||||false|false\u00bb custom_margin_tablet=\u00bb3vw||||false|false\u00bb custom_margin_phone=\u00bb5vw||||false|false\u00bb custom_margin_last_edited=\u00bbon|desktop\u00bb custom_padding=\u00bb||||false|false\u00bb custom_padding_tablet=\u00bb0px||||false|false\u00bb custom_padding_phone=\u00bb0px||||false|false\u00bb custom_padding_last_edited=\u00bbon|desktop\u00bb global_colors_info=\u00bb{}\u00bb]Las c\u00e9lulas madre de cord\u00f3n umbilical presentan importantes ventajas que las hacen la fuente ideal para tratamientos de terapia celular.<br \/>\nGracias a sus singulares caracter\u00edsticas las c\u00e9lulas de cord\u00f3n umbilical permiten obtener un producto de mayor calidad, seguridad y eficacia a un menor coste de fabricaci\u00f3n.[\/et_pb_text][\/et_pb_column][et_pb_column type=\u00bb3_5&#8243; _builder_version=\u00bb4.16&#8243; _module_preset=\u00bbdefault\u00bb global_colors_info=\u00bb{}\u00bb][et_pb_accordion open_toggle_text_color=\u00bb#24519b\u00bb open_toggle_background_color=\u00bbrgba(214,222,236,0.35)\u00bb closed_toggle_background_color=\u00bb#d6deec\u00bb icon_color=\u00bb#24519b\u00bb _builder_version=\u00bb4.17.6&#8243; _module_preset=\u00bbdefault\u00bb toggle_text_color=\u00bb#24519b\u00bb background_enable_color=\u00bboff\u00bb custom_margin=\u00bb3vw||||false|false\u00bb custom_margin_tablet=\u00bb\u00bb custom_margin_phone=\u00bb\u00bb custom_margin_last_edited=\u00bbon|desktop\u00bb border_radii=\u00bboff|20px|4px|20px|4px\u00bb border_width_all=\u00bb0px\u00bb global_colors_info=\u00bb{}\u00bb][et_pb_accordion_item title=\u00bbExtracci\u00f3n no invasiva\u00bb open=\u00bbon\u00bb _builder_version=\u00bb4.16&#8243; _module_preset=\u00bbdefault\u00bb global_colors_info=\u00bb{}\u00bb]La extracci\u00f3n de MSC de cord\u00f3n umbilical (tanto de tejido como de sangre) se produce una vez el animal ha nacido sin manipulaci\u00f3n o intervenci\u00f3n en el proceso natural de parto del animal, siendo una extracci\u00f3n de tejido no invasiva. La extracci\u00f3n de c\u00e9lulas de un tejido por un proceso no invasivo evita someter al animal a una intervenci\u00f3n dolorosa evitando riesgos asociados a la extracci\u00f3n del tejido como efectos de la sedaci\u00f3n o cicatrizaci\u00f3n y estando en l\u00ednea con m\u00e1ximo el bienestar animal.[\/et_pb_accordion_item][et_pb_accordion_item title=\u00bb100% Bienestar animal\u00bb open=\u00bboff\u00bb _builder_version=\u00bb4.17.6&#8243; _module_preset=\u00bbdefault\u00bb global_colors_info=\u00bb{}\u00bb]Los cordones umbilicales utilizados en la fabricaci\u00f3n de nuestros productos provienen exclusivamente de yeguadas de alto nivel, estas deben tener instalaciones adecuadas para la gestaci\u00f3n, parto y lactancia de nuestros donantes, un veterinario permanente y un programa sanitario que garantice la m\u00e1xima salud y bienestar de nuestros potros. Gracias a nuestro proceso no invasivo, la obtenci\u00f3n de las c\u00e9lulas est\u00e1 100% en l\u00ednea con los m\u00e1ximos est\u00e1ndares de bienestar animal. Tras el parto, tanto la madre como el potro son seguidos por un veterinario que vela por su adecuado estado de salud y desarrollo. Una vez que los cordones han sido donados nuestros potros contin\u00faan su crecimiento normal junto con sus madres.[\/et_pb_accordion_item][et_pb_accordion_item title=\u00bbEficiencia en el aislamiento celular\u00bb _builder_version=\u00bb4.16&#8243; _module_preset=\u00bbdefault\u00bb global_colors_info=\u00bb{}\u00bb open=\u00bboff\u00bb]<\/p>\n<p>The number of mesenchymal stem cells that can be obtained from invasive sources is very limited. Only between 0.001% and 0.01% of mononuclear cells are considered MSC after the extraction of peripheral blood or bone marrow, while you can only find 5,000 cells for each gram of adipose tissue. In contrast, the number of cells in umbilical cord tissue (Wharton's jelly) is 50,000 per centimeter. In addition to the higher number of cells per gram of tissue, umbilical cord MSCs have a higher proliferation capacity compared to other tissue sources (Kalaszcynska et al., 2015). This makes the manufacturing more efficient.<\/p>\n<p>[\/et_pb_accordion_item][et_pb_accordion_item title=\u00bbEstado inmunoprivilegiado\u00bb _builder_version=\u00bb4.16&#8243; _module_preset=\u00bbdefault\u00bb global_colors_info=\u00bb{}\u00bb open=\u00bboff\u00bb]<\/p>\n<p>The ability to modulate immunological responses rank umbilical cord MSCs as an important compatible stem cell type for therapeutic applications in an allogeneic setting. The mechanisms of immune privilege are still being investigated; however, low MHC-I level and absence of MHC-II expression protect them from NK-mediated lysis.\n<br>\nIn addition, recent studies in horses demonstrate that in MSCs from conventional sources (Bone Marrow) a great heterogeneity in the expression of MHC-II surface markers exists (range 0\u201398% positive) (Schnabel, 2013). In addition, a study from the same author (Schanabel et al., 2014) showed that the incidence of positiveness of MHC-II in bone marrow samples is about 85%. However, in our experience in more than 100 donors of Umbilical Cord MSC that has been characterised, all of them were strongly negative to MHC-II (<1%)<\/p>\n<p>[\/et_pb_accordion_item][et_pb_accordion_item title=\u00bbBajas duplicaciones celulares\u00bb _builder_version=\u00bb4.16&#8243; _module_preset=\u00bbdefault\u00bb global_colors_info=\u00bb{}\u00bb open=\u00bboff\u00bb]<\/p>\n<p>Thanks to working with a tissue as rich in stem cells as the umbilical cord and the large anatomical size of an equine umbilical cord (~1kg), the number of stem cells obtained from a single umbilical cord is extremely higher than the one obtained from other sources.\nThis higher number of cells in pass zero (P0) allows the expansion of the cells efficiently without the need to increase the cellular duplications in excess. It is well known that as the cells are duplicated in culture, they lose differentiation capacity, immunomodulation and therapeutic actions (Crisostomo et al., 2006).<\/p>\n<p>[\/et_pb_accordion_item][et_pb_accordion_item title=\u00bbSeguridad\u00bb _builder_version=\u00bb4.16&#8243; _module_preset=\u00bbdefault\u00bb global_colors_info=\u00bb{}\u00bb open=\u00bboff\u00bb]Las c\u00e9lulas madre de cord\u00f3n umbilical son consideradas m\u00e1s seguras que las c\u00e9lulas procedentes de otros tejidos por diferentes razones. Por un lado, siendo un tejido recogido en el momento del nacimiento del animal las c\u00e9lulas donantes no est\u00e1n expuestas al ambiente del donante ni a otros agentes infecciones que puedan afectar al donante, reduciendo significativamente el riesgo de infecciones con virus extra\u00f1os  (Nagamura-Inoue et al., 2014). Por otro lado las c\u00e9lulas no est\u00e1n expuestas a cambios derivados de la edad del donante o al ambiente, por lo que el riesgo de alteraciones gen\u00e9ticas y cromos\u00f3micas es mucho menor que con fuentes de c\u00e9lulas madre adultas.[\/et_pb_accordion_item][\/et_pb_accordion][\/et_pb_column][\/et_pb_row][\/et_pb_section][et_pb_section fb_built=\u00bb1&#8243; prev_background_color=\u00bb#ffffff\u00bb next_background_color=\u00bb#ffffff\u00bb _builder_version=\u00bb4.16&#8243; _module_preset=\u00bbdefault\u00bb use_background_color_gradient=\u00bbon\u00bb background_color_gradient_direction=\u00bb108deg\u00bb background_color_gradient_stops=\u00bb#24519b 0%|#6eabd3 100%\u00bb background_color_gradient_start=\u00bb#24519b\u00bb background_color_gradient_end=\u00bb#6eabd3&#8243; custom_margin=\u00bb-22px|||||\u00bb custom_padding=\u00bb||136px|||\u00bb top_divider_style=\u00bbramp\u00bb top_divider_height=\u00bb38px\u00bb top_divider_flip=\u00bbhorizontal\u00bb bottom_divider_style=\u00bbarrow2&#8243; bottom_divider_height=\u00bb86px\u00bb global_colors_info=\u00bb{}\u00bb][et_pb_row _builder_version=\u00bb4.16&#8243; _module_preset=\u00bbdefault\u00bb custom_margin=\u00bb64px|auto||auto||\u00bb global_colors_info=\u00bb{}\u00bb][et_pb_column type=\u00bb4_4&#8243; _builder_version=\u00bb4.16&#8243; _module_preset=\u00bbdefault\u00bb global_colors_info=\u00bb{}\u00bb][et_pb_text _builder_version=\u00bb4.16&#8243; _module_preset=\u00bbdefault\u00bb header_2_text_color=\u00bb#ffffff\u00bb header_2_font_size=\u00bb37px\u00bb global_colors_info=\u00bb{}\u00bb]<\/p>\n<h2>Mechanism of action of MSCs<\/h2>\n<p>[\/et_pb_text][\/et_pb_column][\/et_pb_row][et_pb_row column_structure=\u00bb1_2,1_2&#8243; _builder_version=\u00bb4.16&#8243; _module_preset=\u00bbdefault\u00bb custom_margin_tablet=\u00bb-30px||||false|false\u00bb custom_margin_phone=\u00bb-30px||0px||false|false\u00bb custom_margin_last_edited=\u00bbon|desktop\u00bb global_colors_info=\u00bb{}\u00bb][et_pb_column type=\u00bb1_2&#8243; _builder_version=\u00bb4.16&#8243; _module_preset=\u00bbdefault\u00bb global_colors_info=\u00bb{}\u00bb][et_pb_text _builder_version=\u00bb4.17.6&#8243; _module_preset=\u00bbdefault\u00bb text_text_color=\u00bb#a9c5e0&#8243; header_2_font_size=\u00bb48px\u00bb custom_padding=\u00bb0px||||false|false\u00bb global_colors_info=\u00bb{}\u00bb]<\/p>\n<p>The mechanism of action (MoA) of mesenchymal stem cells is complex, multifactorial and not fully understood. Initially it was thought that its efficacy lay in its inherent capacity for differentiation and adhesion to tissues, however, it is now known that this capacity <em>in vivo<\/em> is very limited.<\/p>\n<p>Today it has been determined that the mechanism of action of MSCs is based mainly on the paracrine capacity and on the secretion of immunomodulatory factors that act on cells and tissues, generating an anti-inflammatory and regenerating environment.<\/p>\n<p>Once injected into the animal, the cells are activated by the inflammatory environment present in the damaged tissues. After their activation, the cells secrete various cytokines that trigger an anti-inflammatory cascade that improves the clinical symptoms of the animal and promotes tissue regeneration<\/p>\n<p>At EquiCord we have conducted <em>in vitro<\/em> studies demonstrating the immunomodulatory capabilities of EUC-MSCs. This ability gives it a great local anti-inflammatory effect, which translates into a significant reduction in lameness and pain.<\/p>\n<p>[\/et_pb_text][\/et_pb_column][et_pb_column type=\u00bb1_2&#8243; _builder_version=\u00bb4.16&#8243; _module_preset=\u00bbdefault\u00bb custom_padding_tablet=\u00bb3rem||||false|false\u00bb custom_padding_phone=\u00bb\u00bb custom_padding_last_edited=\u00bbon|tablet\u00bb global_colors_info=\u00bb{}\u00bb][et_pb_image src=\u00bbhttps:\/\/equicord.com\/wp-content\/uploads\/chart_proliferating_cells.svg\u00bb title_text=\u00bbchart_proliferating_cells\u00bb align=\u00bbcenter\u00bb _builder_version=\u00bb4.16&#8243; _module_preset=\u00bbdefault\u00bb max_width_tablet=\u00bb450px\u00bb max_width_phone=\u00bb\u00bb max_width_last_edited=\u00bbon|phone\u00bb custom_margin=\u00bb||||false|false\u00bb custom_padding=\u00bb||||false|false\u00bb global_colors_info=\u00bb{}\u00bb][\/et_pb_image][\/et_pb_column][\/et_pb_row][\/et_pb_section][et_pb_section fb_built=\u00bb1&#8243; _builder_version=\u00bb4.16&#8243; _module_preset=\u00bbdefault\u00bb bottom_divider_color=\u00bb#252525&#8243; bottom_divider_height=\u00bb2vw\u00bb global_colors_info=\u00bb{}\u00bb][et_pb_row _builder_version=\u00bb4.16&#8243; _module_preset=\u00bbdefault\u00bb max_width=\u00bb980px\u00bb global_colors_info=\u00bb{}\u00bb][et_pb_column type=\u00bb4_4&#8243; _builder_version=\u00bb4.16&#8243; _module_preset=\u00bbdefault\u00bb global_colors_info=\u00bb{}\u00bb][et_pb_code _builder_version=\u00bb4.16&#8243; _module_preset=\u00bbdefault\u00bb hover_enabled=\u00bb0&#8243; global_colors_info=\u00bb{}\u00bb sticky_enabled=\u00bb0&#8243; disabled_on=\u00bbon|on|on\u00bb disabled=\u00bbon\u00bb]<!-- [et_pb_line_break_holder] --><\/p>\n<div style=\"width: 100%;\">\n<div style=\"position: relative; padding-bottom: 284.48%; padding-top: 0; height: 0;\"><iframe loading=\"lazy\" frameborder=\"0\" width=\"1160\" height=\"3300\" style=\"position: absolute; top: 0; left: 0; width: 100%; height: 100%;\" src=\"https:\/\/view.genial.ly\/608132751395b10d457cab10\" type=\"text\/html\" allowscriptaccess=\"always\" allowfullscreen=\"true\" scrolling=\"yes\" allownetworking=\"all\"><\/iframe> <\/div>\n<\/p><\/div>\n<p><!-- [et_pb_line_break_holder] --><!-- [et_pb_line_break_holder] --><!-- [et_pb_line_break_holder] -->[\/et_pb_code][et_pb_code _builder_version=\u00bb4.16&#8243; _module_preset=\u00bbdefault\u00bb hover_enabled=\u00bb0&#8243; global_colors_info=\u00bb{}\u00bb sticky_enabled=\u00bb0&#8243; disabled_on=\u00bbon|on|on\u00bb disabled=\u00bbon\u00bb]<!-- [et_pb_line_break_holder] --><\/p>\n<div style=\"width: 100%;\">\n<div style=\"position: relative; padding-bottom: 318.97%; padding-top: 0; height: 0;\"><iframe loading=\"lazy\" frameborder=\"0\" width=\"1160\" height=\"3700\" style=\"position: absolute; top: 0; left: 0; width: 100%; height: 100%;\" src=\"https:\/\/view.genial.ly\/60813267407fec0d4cf5d92d\" type=\"text\/html\" allowscriptaccess=\"always\" allowfullscreen=\"true\" scrolling=\"yes\" allownetworking=\"all\"><\/iframe> <\/div>\n<\/p><\/div>\n<p><!-- [et_pb_line_break_holder] --><!-- [et_pb_line_break_holder] --><!-- [et_pb_line_break_holder] -->[\/et_pb_code][et_pb_image _builder_version=\u00bb4.17.6&#8243; _module_preset=\u00bbdefault\u00bb title_text=\u00bbdogstem_graphic\u00bb src=\u00bbhttps:\/\/equicord.com\/wp-content\/uploads\/dogstem_graphic.webp\u00bb align=\u00bbcenter\u00bb hover_enabled=\u00bb0&#8243; sticky_enabled=\u00bb0&#8243;][\/et_pb_image][\/et_pb_column][\/et_pb_row][\/et_pb_section][et_pb_section fb_built=\u00bb1&#8243; _builder_version=\u00bb4.16&#8243; _module_preset=\u00bbdefault\u00bb bottom_divider_style=\u00bbcurve\u00bb bottom_divider_color=\u00bb#252525&#8243; bottom_divider_height=\u00bb2vw\u00bb global_colors_info=\u00bb{}\u00bb][et_pb_row _builder_version=\u00bb4.16&#8243; _module_preset=\u00bbdefault\u00bb global_colors_info=\u00bb{}\u00bb][et_pb_column type=\u00bb4_4&#8243; _builder_version=\u00bb4.16&#8243; _module_preset=\u00bbdefault\u00bb global_colors_info=\u00bb{}\u00bb][et_pb_image src=\u00bbhttps:\/\/equicord.com\/wp-content\/uploads\/esquema_celulas-1.jpg\u00bb title_text=\u00bbesquema_celulas\u00bb _builder_version=\u00bb4.16&#8243; _module_preset=\u00bbdefault\u00bb global_colors_info=\u00bb{}\u00bb][\/et_pb_image][\/et_pb_column][\/et_pb_row][\/et_pb_section]<\/p>","protected":false},"excerpt":{"rendered":"<p>Nuestra tecnolog\u00eda C\u00e9lulas Madre Mesenquimales Una vez inyectadas en el animal, las c\u00e9lulas se activan con el ambiente inflamatorio presente en los tejidos da\u00f1ados. Tras su activaci\u00f3n, las c\u00e9lulas secretan diversas citoquinas que desencadenan una cascada antiinflamatoria que mejora los s\u00edntomas cl\u00ednicos del animal y favorece la regeneraci\u00f3n tisular. \u00bfQu\u00e9 son las C\u00e9lulas Madre Mesenquimales? [&hellip;]<\/p>","protected":false},"author":2,"featured_media":0,"parent":0,"menu_order":0,"comment_status":"closed","ping_status":"closed","template":"","meta":{"_et_pb_use_builder":"on","_et_pb_old_content":"","_et_gb_content_width":"","inline_featured_image":false},"_links":{"self":[{"href":"https:\/\/equicord.com\/en\/wp-json\/wp\/v2\/pages\/229977"}],"collection":[{"href":"https:\/\/equicord.com\/en\/wp-json\/wp\/v2\/pages"}],"about":[{"href":"https:\/\/equicord.com\/en\/wp-json\/wp\/v2\/types\/page"}],"author":[{"embeddable":true,"href":"https:\/\/equicord.com\/en\/wp-json\/wp\/v2\/users\/2"}],"replies":[{"embeddable":true,"href":"https:\/\/equicord.com\/en\/wp-json\/wp\/v2\/comments?post=229977"}],"version-history":[{"count":57,"href":"https:\/\/equicord.com\/en\/wp-json\/wp\/v2\/pages\/229977\/revisions"}],"predecessor-version":[{"id":231543,"href":"https:\/\/equicord.com\/en\/wp-json\/wp\/v2\/pages\/229977\/revisions\/231543"}],"wp:attachment":[{"href":"https:\/\/equicord.com\/en\/wp-json\/wp\/v2\/media?parent=229977"}],"curies":[{"name":"wp","href":"https:\/\/api.w.org\/{rel}","templated":true}]}}