{"id":229979,"date":"2020-10-05T19:11:30","date_gmt":"2020-10-05T19:11:30","guid":{"rendered":"https:\/\/equicord.com\/?page_id=229979"},"modified":"2020-11-12T12:31:50","modified_gmt":"2020-11-12T12:31:50","slug":"nuestras-instalaciones","status":"publish","type":"page","link":"https:\/\/equicord.com\/en\/our-facilities\/","title":{"rendered":"Our facilities"},"content":{"rendered":"<p>[et_pb_section fb_built=\u00bb1&#8243; custom_padding_last_edited=\u00bbon|desktop\u00bb module_class=\u00bbsection-header\u00bb _builder_version=\u00bb4.6.5&#8243; _module_preset=\u00bbdefault\u00bb background_enable_color=\u00bboff\u00bb use_background_color_gradient=\u00bbon\u00bb background_color_gradient_start=\u00bb#24519b\u00bb background_color_gradient_end=\u00bb#78a9cc\u00bb background_color_gradient_direction=\u00bb53deg\u00bb background_color_gradient_start_position=\u00bb35%\u00bb background_image=\u00bbhttps:\/\/equicord.com\/wp-content\/uploads\/instalaciones_fondo_2.jpg\u00bb background_blend=\u00bbsoft-light\u00bb custom_padding=\u00bb8vw||12vw||false|false\u00bb custom_padding_tablet=\u00bb5rem||8rem||false|false\u00bb custom_padding_phone=\u00bb3rem||5rem||false|false\u00bb bottom_divider_style=\u00bbramp\u00bb bottom_divider_color=\u00bb#ffffff\u00bb bottom_divider_height=\u00bb5vw\u00bb][et_pb_row _builder_version=\u00bb4.6.5&#8243; _module_preset=\u00bbdefault\u00bb][et_pb_column type=\u00bb4_4&#8243; _builder_version=\u00bb4.6.5&#8243; _module_preset=\u00bbdefault\u00bb][et_pb_text _builder_version=\u00bb4.6.5&#8243; _module_preset=\u00bbdefault\u00bb text_font=\u00bb|300|||||||\u00bb text_text_color=\u00bb#e3edf4&#8243; text_font_size=\u00bb1.15rem\u00bb text_line_height=\u00bb1.5rem\u00bb header_text_color=\u00bb#ffffff\u00bb header_font_size=\u00bb3.5rem\u00bb header_line_height=\u00bb3.8rem\u00bb max_width=\u00bb50%\u00bb max_width_tablet=\u00bb75%\u00bb max_width_phone=\u00bb90%\u00bb max_width_last_edited=\u00bbon|phone\u00bb text_font_size_tablet=\u00bb1rem\u00bb text_font_size_phone=\u00bb0.9rem\u00bb text_font_size_last_edited=\u00bbon|desktop\u00bb text_line_height_tablet=\u00bb1.4rem\u00bb text_line_height_phone=\u00bb1.3rem\u00bb text_line_height_last_edited=\u00bbon|desktop\u00bb header_font_size_tablet=\u00bb3rem\u00bb header_font_size_phone=\u00bb2.2rem\u00bb header_font_size_last_edited=\u00bbon|phone\u00bb header_line_height_tablet=\u00bb3.3rem\u00bb header_line_height_phone=\u00bb2.5rem\u00bb header_line_height_last_edited=\u00bbon|phone\u00bb]<span class=\"header-top-title\">Equicord<\/span><\/p>\n<h1 class=\"title\">Our Facilities<\/h1>\n<p>EquiCord has its own high-tech facilities of more than 500m\u00b2 located in Madrid.<\/p>\n<p>[\/et_pb_text][\/et_pb_column][\/et_pb_row][\/et_pb_section][et_pb_section fb_built=\u00bb1&#8243; _builder_version=\u00bb4.6.5&#8243; _module_preset=\u00bbdefault\u00bb][et_pb_row column_structure=\u00bb1_3,2_3&#8243; _builder_version=\u00bb4.6.6&#8243; _module_preset=\u00bbdefault\u00bb custom_css_main_element=\u00bbdisplay: flex;||justify-content:center;||align-items: center;\u00bb][et_pb_column type=\u00bb1_3&#8243; disabled_on=\u00bbon|on|off\u00bb _builder_version=\u00bb4.6.6&#8243; _module_preset=\u00bbdefault\u00bb][et_pb_image src=\u00bbhttps:\/\/equicord.com\/wp-content\/uploads\/instalaciones.jpg\u00bb title_text=\u00bbinstalaciones\u00bb disabled_on=\u00bboff|off|off\u00bb _builder_version=\u00bb4.6.6&#8243; _module_preset=\u00bbdefault\u00bb box_shadow_style=\u00bbpreset4&#8243; box_shadow_spread=\u00bb-2px\u00bb box_shadow_color=\u00bb#f2ad00&#8243;][\/et_pb_image][\/et_pb_column][et_pb_column type=\u00bb2_3&#8243; _builder_version=\u00bb4.6.5&#8243; _module_preset=\u00bbdefault\u00bb][et_pb_text _builder_version=\u00bb4.6.6&#8243; _module_preset=\u00bbdefault\u00bb custom_margin=\u00bb||0.5rem||false|false\u00bb custom_margin_tablet=\u00bb\u00bb custom_margin_phone=\u00bb\u00bb custom_margin_last_edited=\u00bbon|phone\u00bb]<\/p>\n<h2> Facilities specially designed for the manufacture of HorStem and DogStem<\/h2>\n<p>[\/et_pb_text][et_pb_text _builder_version=\u00bb4.6.6&#8243; _module_preset=\u00bbdefault\u00bb custom_margin=\u00bb||||false|false\u00bb custom_margin_tablet=\u00bb\u00bb custom_margin_phone=\u00bb\u00bb custom_margin_last_edited=\u00bbon|desktop\u00bb custom_padding=\u00bb||||false|false\u00bb]<\/p>\n<p class=\" translation-block\">We have a GMP accredited production room of more than 100m\u00b2 specially designed for HorStem production. We also have our own Quality Control and R&D laboratories.<\/p>\n<p>[\/et_pb_text][\/et_pb_column][\/et_pb_row][\/et_pb_section][et_pb_section fb_built=\u00bb1&#8243; _builder_version=\u00bb4.6.5&#8243; _module_preset=\u00bbdefault\u00bb custom_margin=\u00bb-10px||0px||false|false\u00bb custom_padding=\u00bb0px||0px|||\u00bb top_divider_style=\u00bbarrow2&#8243; top_divider_color=\u00bb#ffffff\u00bb top_divider_height=\u00bb3vw\u00bb top_divider_arrangement=\u00bbabove_content\u00bb bottom_divider_style=\u00bbcurve\u00bb bottom_divider_color=\u00bb#262626&#8243; bottom_divider_height=\u00bb3vw\u00bb bottom_divider_arrangement=\u00bbabove_content\u00bb][et_pb_row _builder_version=\u00bb4.6.5&#8243; _module_preset=\u00bbdefault\u00bb width=\u00bb100%\u00bb max_width=\u00bb100%\u00bb custom_padding=\u00bb1px||0px|||\u00bb][et_pb_column type=\u00bb4_4&#8243; _builder_version=\u00bb4.6.5&#8243; _module_preset=\u00bbdefault\u00bb][et_pb_slider use_bg_overlay=\u00bboff\u00bb use_text_overlay=\u00bboff\u00bb _builder_version=\u00bb4.6.6&#8243; _module_preset=\u00bbdefault\u00bb content_width_tablet=\u00bb\u00bb content_width_phone=\u00bb\u00bb content_width_last_edited=\u00bbon|desktop\u00bb height_tablet=\u00bb\u00bb height_phone=\u00bb\u00bb height_last_edited=\u00bbon|desktop\u00bb custom_padding=\u00bb400px||400px||true|false\u00bb custom_padding_tablet=\u00bb300px||300px||true|false\u00bb custom_padding_phone=\u00bb200px||200px||true|false\u00bb custom_padding_last_edited=\u00bbon|tablet\u00bb auto=\u00bbon\u00bb auto_speed=\u00bb2500&#8243; hover_enabled=\u00bb0&#8243; sticky_enabled=\u00bb0&#8243;][et_pb_slide _builder_version=\u00bb4.6.5&#8243; _module_preset=\u00bbdefault\u00bb background_enable_color=\u00bboff\u00bb background_image=\u00bbhttps:\/\/equicord.com\/wp-content\/uploads\/carrusel_instalaciones_1.jpg\u00bb background_enable_image=\u00bbon\u00bb background_position=\u00bbbottom_center\u00bb sticky_transition=\u00bbon\u00bb][\/et_pb_slide][et_pb_slide _builder_version=\u00bb4.6.5&#8243; _module_preset=\u00bbdefault\u00bb background_enable_color=\u00bboff\u00bb background_image=\u00bbhttps:\/\/equicord.com\/wp-content\/uploads\/carrusel_instalaciones_5.jpg\u00bb background_enable_image=\u00bbon\u00bb background_position=\u00bbbottom_center\u00bb sticky_transition=\u00bbon\u00bb][\/et_pb_slide][et_pb_slide _builder_version=\u00bb4.6.5&#8243; _module_preset=\u00bbdefault\u00bb background_enable_color=\u00bboff\u00bb background_image=\u00bbhttps:\/\/equicord.com\/wp-content\/uploads\/carrusel_instalaciones_4.jpg\u00bb background_enable_image=\u00bbon\u00bb background_position=\u00bbbottom_center\u00bb sticky_transition=\u00bbon\u00bb][\/et_pb_slide][et_pb_slide _builder_version=\u00bb4.6.5&#8243; _module_preset=\u00bbdefault\u00bb background_enable_color=\u00bboff\u00bb background_image=\u00bbhttps:\/\/equicord.com\/wp-content\/uploads\/carrusel_instalaciones_2.jpg\u00bb background_enable_image=\u00bbon\u00bb sticky_transition=\u00bbon\u00bb][\/et_pb_slide][et_pb_slide _builder_version=\u00bb4.6.6&#8243; _module_preset=\u00bbdefault\u00bb background_enable_color=\u00bboff\u00bb background_image=\u00bbhttps:\/\/equicord.com\/wp-content\/uploads\/instalaciones1.jpg\u00bb background_enable_image=\u00bbon\u00bb hover_enabled=\u00bb0&#8243; sticky_transition=\u00bbon\u00bb alt=\u00bbInstalaciones\u00bb title_text=\u00bbinstalaciones\u00bb sticky_enabled=\u00bb0&#8243;][\/et_pb_slide][et_pb_slide _builder_version=\u00bb4.6.6&#8243; _module_preset=\u00bbdefault\u00bb background_enable_color=\u00bboff\u00bb background_image=\u00bbhttps:\/\/equicord.com\/wp-content\/uploads\/instalaciones2.jpg\u00bb background_enable_image=\u00bbon\u00bb hover_enabled=\u00bb0&#8243; sticky_transition=\u00bbon\u00bb alt=\u00bbInstalaciones\u00bb title_text=\u00bbinstalaciones2&#8243; sticky_enabled=\u00bb0&#8243;][\/et_pb_slide][et_pb_slide _builder_version=\u00bb4.6.6&#8243; _module_preset=\u00bbdefault\u00bb background_enable_color=\u00bboff\u00bb background_image=\u00bbhttps:\/\/equicord.com\/wp-content\/uploads\/instalaciones3.jpg\u00bb background_enable_image=\u00bbon\u00bb hover_enabled=\u00bb0&#8243; sticky_transition=\u00bbon\u00bb alt=\u00bbInstalaciones\u00bb title_text=\u00bbinstalaciones3&#8243; sticky_enabled=\u00bb0&#8243;][\/et_pb_slide][et_pb_slide _builder_version=\u00bb4.6.6&#8243; _module_preset=\u00bbdefault\u00bb background_enable_color=\u00bboff\u00bb background_image=\u00bbhttps:\/\/equicord.com\/wp-content\/uploads\/instalaciones4.jpg\u00bb background_enable_image=\u00bbon\u00bb hover_enabled=\u00bb0&#8243; sticky_transition=\u00bbon\u00bb alt=\u00bbInstalaciones\u00bb title_text=\u00bbinstalaciones4&#8243; sticky_enabled=\u00bb0&#8243;][\/et_pb_slide][\/et_pb_slider][\/et_pb_column][\/et_pb_row][\/et_pb_section]<\/p>","protected":false},"excerpt":{"rendered":"<p>Equicord Nuestras Instalaciones EquiCord cuenta con unas instalaciones propias de alta tecnolog\u00eda de m\u00e1s de 500m\u00b2 ubicadas en Madrid. Instalaciones Good Manufacturing Practices especialmente dise\u00f1adas para la fabricaci\u00f3n de HorStem y DogStemContamos con una sala de producci\u00f3n acreditada GMP de m\u00e1s de 100m\u00b2\u00a0especialmente dise\u00f1ada para la producci\u00f3n de HorStem. As\u00ed mismo contamos con laboratorios propios [&hellip;]<\/p>","protected":false},"author":2,"featured_media":0,"parent":0,"menu_order":0,"comment_status":"closed","ping_status":"closed","template":"","meta":{"_et_pb_use_builder":"on","_et_pb_old_content":"","_et_gb_content_width":"","inline_featured_image":false},"_links":{"self":[{"href":"https:\/\/equicord.com\/en\/wp-json\/wp\/v2\/pages\/229979"}],"collection":[{"href":"https:\/\/equicord.com\/en\/wp-json\/wp\/v2\/pages"}],"about":[{"href":"https:\/\/equicord.com\/en\/wp-json\/wp\/v2\/types\/page"}],"author":[{"embeddable":true,"href":"https:\/\/equicord.com\/en\/wp-json\/wp\/v2\/users\/2"}],"replies":[{"embeddable":true,"href":"https:\/\/equicord.com\/en\/wp-json\/wp\/v2\/comments?post=229979"}],"version-history":[{"count":34,"href":"https:\/\/equicord.com\/en\/wp-json\/wp\/v2\/pages\/229979\/revisions"}],"predecessor-version":[{"id":231228,"href":"https:\/\/equicord.com\/en\/wp-json\/wp\/v2\/pages\/229979\/revisions\/231228"}],"wp:attachment":[{"href":"https:\/\/equicord.com\/en\/wp-json\/wp\/v2\/media?parent=229979"}],"curies":[{"name":"wp","href":"https:\/\/api.w.org\/{rel}","templated":true}]}}