{"id":230947,"date":"2020-11-10T11:58:47","date_gmt":"2020-11-10T11:58:47","guid":{"rendered":"https:\/\/equicord.com\/?page_id=230947"},"modified":"2020-11-19T10:06:20","modified_gmt":"2020-11-19T10:06:20","slug":"el-futuro-de-horstem","status":"publish","type":"page","link":"https:\/\/equicord.com\/en\/future-of-horstem\/","title":{"rendered":"The Future"},"content":{"rendered":"<p>[et_pb_section fb_built=\u00bb1&#8243; custom_padding_last_edited=\u00bbon|desktop\u00bb module_class=\u00bbsection-header\u00bb _builder_version=\u00bb4.7.0&#8243; _module_preset=\u00bbdefault\u00bb background_enable_color=\u00bboff\u00bb use_background_color_gradient=\u00bbon\u00bb background_color_gradient_start=\u00bb#24519b\u00bb background_color_gradient_end=\u00bb#78a9cc\u00bb background_color_gradient_direction=\u00bb53deg\u00bb background_color_gradient_start_position=\u00bb35%\u00bb background_image=\u00bbhttps:\/\/equicord.com\/wp-content\/uploads\/futuro-horstem.jpg\u00bb background_blend=\u00bbsoft-light\u00bb custom_padding=\u00bb8vw||12vw||false|false\u00bb custom_padding_tablet=\u00bb5rem||8rem||false|false\u00bb custom_padding_phone=\u00bb3rem||5rem||false|false\u00bb bottom_divider_style=\u00bbramp\u00bb bottom_divider_color=\u00bb#ffffff\u00bb bottom_divider_height=\u00bb5vw\u00bb hover_enabled=\u00bb0&#8243; title_text=\u00bbfuturo-horstem\u00bb sticky_enabled=\u00bb0&#8243;][et_pb_row _builder_version=\u00bb4.6.5&#8243; _module_preset=\u00bbdefault\u00bb][et_pb_column type=\u00bb4_4&#8243; _builder_version=\u00bb4.6.5&#8243; _module_preset=\u00bbdefault\u00bb][et_pb_text _builder_version=\u00bb4.6.6&#8243; _module_preset=\u00bbdefault\u00bb text_font=\u00bb|300|||||||\u00bb text_text_color=\u00bb#e3edf4&#8243; text_font_size=\u00bb1.15rem\u00bb text_line_height=\u00bb1.5rem\u00bb header_text_color=\u00bb#ffffff\u00bb header_font_size=\u00bb3.5rem\u00bb header_line_height=\u00bb3.8rem\u00bb max_width=\u00bb50%\u00bb max_width_tablet=\u00bb75%\u00bb max_width_phone=\u00bb80%\u00bb max_width_last_edited=\u00bbon|phone\u00bb text_font_size_tablet=\u00bb1rem\u00bb text_font_size_phone=\u00bb0.9rem\u00bb text_font_size_last_edited=\u00bbon|desktop\u00bb text_line_height_tablet=\u00bb1.4rem\u00bb text_line_height_phone=\u00bb1.3rem\u00bb text_line_height_last_edited=\u00bbon|phone\u00bb header_font_size_tablet=\u00bb3rem\u00bb header_font_size_phone=\u00bb2.2rem\u00bb header_font_size_last_edited=\u00bbon|phone\u00bb header_line_height_tablet=\u00bb3.3rem\u00bb header_line_height_phone=\u00bb2.5rem\u00bb header_line_height_last_edited=\u00bbon|phone\u00bb]<\/p>\n<p><span class=\"header-top-title\">HorStem<\/span><\/p>\n<h1 class=\"title\">The Future<\/h1>\n<p>Clinical studies show that Mesenchymal Stem Cells promote the recovery and regeneration of injured tissue, reducing recovery times and the risk of relapse.<\/p>\n<p>[\/et_pb_text][\/et_pb_column][\/et_pb_row][\/et_pb_section][et_pb_section fb_built=\u00bb1&#8243; custom_padding_last_edited=\u00bbon|phone\u00bb _builder_version=\u00bb4.6.6&#8243; _module_preset=\u00bbdefault\u00bb background_enable_color=\u00bboff\u00bb use_background_color_gradient=\u00bbon\u00bb background_color_gradient_start=\u00bb#ffffff\u00bb background_color_gradient_end=\u00bb#E9EEF5&#8243; custom_padding=\u00bb4vw||6vw||false|false\u00bb custom_padding_tablet=\u00bb8vw||6vw||false|false\u00bb custom_padding_phone=\u00bb12vw||||false|false\u00bb top_divider_color=\u00bb#E9EEF5&#8243; top_divider_height=\u00bb4vw\u00bb top_divider_flip=\u00bbvertical\u00bb top_divider_height_tablet=\u00bb\u00bb top_divider_height_phone=\u00bb\u00bb top_divider_height_last_edited=\u00bbon|desktop\u00bb bottom_divider_style=\u00bbramp\u00bb bottom_divider_color=\u00bb#ffffff\u00bb bottom_divider_height=\u00bb2vw\u00bb bottom_divider_flip=\u00bbhorizontal\u00bb][et_pb_row column_structure=\u00bb1_3,1_3,1_3&#8243; _builder_version=\u00bb4.6.6&#8243; _module_preset=\u00bbdefault\u00bb][et_pb_column type=\u00bb1_3&#8243; _builder_version=\u00bb4.6.6&#8243; _module_preset=\u00bbdefault\u00bb][et_pb_text _builder_version=\u00bb4.6.6&#8243; _module_preset=\u00bbdefault\u00bb header_3_font_size=\u00bb1.6rem\u00bb custom_margin_tablet=\u00bb||2rem||false|false\u00bb custom_margin_phone=\u00bb\u00bb custom_margin_last_edited=\u00bbon|phone\u00bb text_font_size_tablet=\u00bb\u00bb text_font_size_phone=\u00bb\u00bb text_font_size_last_edited=\u00bbon|phone\u00bb]<\/p>\n<h2>The use of mesenchymal stem cells in tendons and ligaments is widely described in veterinary medicine<\/h2>\n<p>[\/et_pb_text][et_pb_text _builder_version=\u00bb4.6.6&#8243; _module_preset=\u00bbdefault\u00bb header_3_font_size=\u00bb1.6rem\u00bb custom_margin_tablet=\u00bb||2rem||false|false\u00bb custom_margin_phone=\u00bb\u00bb custom_margin_last_edited=\u00bbon|phone\u00bb text_font_size_tablet=\u00bb\u00bb text_font_size_phone=\u00bb\u00bb text_font_size_last_edited=\u00bbon|phone\u00bb]<\/p>\n<p>However there is still no authorised medicine for this indication.<\/p>\n<p>[\/et_pb_text][\/et_pb_column][et_pb_column type=\u00bb1_3&#8243; _builder_version=\u00bb4.6.6&#8243; _module_preset=\u00bbdefault\u00bb custom_css_main_element=\u00bbwidth: 50%;\u00bb][et_pb_circle_counter title=\u00bbReparaci\u00f3n de la lesi\u00f3n superior al 80% en menos de 8 semanas\u00bb number=\u00bb85&#8243; bar_bg_color=\u00bb#f2ad00&#8243; circle_color=\u00bbrgba(214,222,236,0.38)\u00bb circle_color_alpha=\u00bb1&#8243; _builder_version=\u00bb4.7.0&#8243; _module_preset=\u00bbdefault\u00bb title_font=\u00bb||||||||\u00bb title_text_color=\u00bb#24519b\u00bb number_text_color=\u00bb#f2ad00&#8243; number_font_size=\u00bb3.5rem\u00bb background_layout=\u00bbdark\u00bb max_width=\u00bb210px\u00bb custom_margin_tablet=\u00bb\u00bb custom_margin_phone=\u00bb\u00bb custom_margin_last_edited=\u00bbon|tablet\u00bb custom_css_circle_counter_title=\u00bbtext-transform: uppercase;||letter-spacing: 2px;||font-size: 1em;||font-weight: 400;\u00bb][\/et_pb_circle_counter][\/et_pb_column][et_pb_column type=\u00bb1_3&#8243; _builder_version=\u00bb4.6.6&#8243; _module_preset=\u00bbdefault\u00bb custom_css_main_element=\u00bbwidth: 50%;\u00bb][et_pb_circle_counter title=\u00bbLos propietarios puntuaron HorStem con un 9 sobre 10 teniendo en cuenta variables como precio, seguridad y eficacia\u00bb number=\u00bb9&#8243; percent_sign=\u00bboff\u00bb bar_bg_color=\u00bbrgba(36,81,155,0)\u00bb circle_color=\u00bbrgba(214,222,236,0)\u00bb circle_color_alpha=\u00bb1&#8243; disabled_on=\u00bboff|off|off\u00bb module_class=\u00bboutoften\u00bb _builder_version=\u00bb4.7.0&#8243; _module_preset=\u00bbdefault\u00bb title_font=\u00bb||||||||\u00bb title_text_color=\u00bb#24519b\u00bb number_text_color=\u00bb#24519b\u00bb number_font_size=\u00bb3.5rem\u00bb background_layout=\u00bbdark\u00bb max_width=\u00bb210px\u00bb custom_css_circle_counter_title=\u00bbtext-transform: uppercase;||letter-spacing: 2px;||font-size: 1em;||font-weight: 400;\u00bb][\/et_pb_circle_counter][\/et_pb_column][\/et_pb_row][\/et_pb_section][et_pb_section fb_built=\u00bb1&#8243; custom_padding_last_edited=\u00bbon|phone\u00bb _builder_version=\u00bb4.6.6&#8243; _module_preset=\u00bbdefault\u00bb use_background_color_gradient=\u00bbon\u00bb background_color_gradient_start=\u00bbrgba(0,0,0,0)\u00bb background_color_gradient_end=\u00bbrgba(36,81,155,0.1)\u00bb background_color_gradient_start_position=\u00bb50%\u00bb custom_margin=\u00bb||||false|false\u00bb custom_padding=\u00bb||6rem||false|false\u00bb custom_padding_tablet=\u00bb||3rem||false|false\u00bb custom_padding_phone=\u00bb||2rem||false|false\u00bb bottom_divider_style=\u00bbcurve\u00bb bottom_divider_color=\u00bb#262626&#8243; bottom_divider_height=\u00bb2vw\u00bb bottom_divider_repeat=\u00bb0x\u00bb bottom_divider_flip=\u00bbhorizontal\u00bb][et_pb_row column_structure=\u00bb3_5,2_5&#8243; _builder_version=\u00bb4.6.6&#8243; _module_preset=\u00bbdefault\u00bb custom_css_main_element=\u00bbdisplay:flex;||align-items:center;\u00bb custom_css_main_element_last_edited=\u00bbon|phone\u00bb custom_css_main_element_tablet=\u00bbdisplay: inherit;\u00bb][et_pb_column type=\u00bb3_5&#8243; _builder_version=\u00bb4.6.6&#8243; _module_preset=\u00bbdefault\u00bb][et_pb_image src=\u00bbhttps:\/\/equicord.com\/wp-content\/uploads\/eco.jpg\u00bb alt=\u00bbHorstem &#8211; ecograf\u00eda\u00bb title_text=\u00bbHorstem &#8211; ecograf\u00eda\u00bb align=\u00bbcenter\u00bb disabled_on=\u00bboff|off|off\u00bb _builder_version=\u00bb4.6.6&#8243; _module_preset=\u00bbdefault\u00bb max_width=\u00bb800px\u00bb box_shadow_style=\u00bbpreset4&#8243; box_shadow_spread=\u00bb-2px\u00bb box_shadow_color=\u00bb#f2ad00&#8243;][\/et_pb_image][\/et_pb_column][et_pb_column type=\u00bb2_5&#8243; _builder_version=\u00bb4.6.6&#8243; _module_preset=\u00bbdefault\u00bb custom_padding_tablet=\u00bb2rem||||false|false\u00bb custom_padding_phone=\u00bb\u00bb custom_padding_last_edited=\u00bbon|phone\u00bb][et_pb_text _builder_version=\u00bb4.6.6&#8243; _module_preset=\u00bbdefault\u00bb]<\/p>\n<p>MSCs applied intralesional:<\/p>\n<ul>\n<li>Increase levels of collagen I<\/li>\n<li>Increase extracellular matrix synthesis (ECM)<\/li>\n<li>Increase IL-10 anti-inflammatory cytokines<\/li>\n<li>Reduce levels of Metaloproteases<\/li>\n<li>Reduce inflammatory cytokines such as IL-1<\/li>\n<\/ul>\n<p>&nbsp;<\/p>\n<p>[\/et_pb_text][\/et_pb_column][\/et_pb_row][\/et_pb_section]<\/p>","protected":false},"excerpt":{"rendered":"<p>HorStem El Futuro: Tendones Estudios cl\u00ednicos demuestran que las c\u00e9lulas madre favorecen la recuperaci\u00f3n y regeneraci\u00f3n de tejido lesionado reduciendo tiempos de recuperaci\u00f3n y riesgo de reca\u00edda.El uso de c\u00e9lulas madre mesenquimales en tendones y ligamentos est\u00e1 ampliamente descrito en la medicina veterinariaSin embargo a\u00fan no existe ning\u00fan medicamento autorizado para esta indicaci\u00f3n. Estudios llevados [&hellip;]<\/p>","protected":false},"author":3,"featured_media":0,"parent":0,"menu_order":0,"comment_status":"closed","ping_status":"closed","template":"","meta":{"_et_pb_use_builder":"on","_et_pb_old_content":"","_et_gb_content_width":"","inline_featured_image":false},"_links":{"self":[{"href":"https:\/\/equicord.com\/en\/wp-json\/wp\/v2\/pages\/230947"}],"collection":[{"href":"https:\/\/equicord.com\/en\/wp-json\/wp\/v2\/pages"}],"about":[{"href":"https:\/\/equicord.com\/en\/wp-json\/wp\/v2\/types\/page"}],"author":[{"embeddable":true,"href":"https:\/\/equicord.com\/en\/wp-json\/wp\/v2\/users\/3"}],"replies":[{"embeddable":true,"href":"https:\/\/equicord.com\/en\/wp-json\/wp\/v2\/comments?post=230947"}],"version-history":[{"count":28,"href":"https:\/\/equicord.com\/en\/wp-json\/wp\/v2\/pages\/230947\/revisions"}],"predecessor-version":[{"id":231349,"href":"https:\/\/equicord.com\/en\/wp-json\/wp\/v2\/pages\/230947\/revisions\/231349"}],"wp:attachment":[{"href":"https:\/\/equicord.com\/en\/wp-json\/wp\/v2\/media?parent=230947"}],"curies":[{"name":"wp","href":"https:\/\/api.w.org\/{rel}","templated":true}]}}