{"id":231181,"date":"2020-11-11T15:41:02","date_gmt":"2020-11-11T15:41:02","guid":{"rendered":"https:\/\/equicord.com\/?page_id=231181"},"modified":"2022-07-26T15:26:37","modified_gmt":"2022-07-26T15:26:37","slug":"inicio","status":"publish","type":"page","link":"https:\/\/equicord.com\/en\/","title":{"rendered":"Home"},"content":{"rendered":"<p>[et_pb_section fb_built=\u00bb1&#8243; custom_padding_last_edited=\u00bbon|desktop\u00bb module_class=\u00bbsection-header\u00bb _builder_version=\u00bb4.16&#8243; _module_preset=\u00bbdefault\u00bb background_enable_color=\u00bboff\u00bb use_background_color_gradient=\u00bbon\u00bb background_color_gradient_direction=\u00bb53deg\u00bb background_color_gradient_stops=\u00bb#24519b 35%|#78a9cc 100%\u00bb background_color_gradient_start=\u00bb#24519b\u00bb background_color_gradient_start_position=\u00bb35%\u00bb background_color_gradient_end=\u00bb#78a9cc\u00bb background_image=\u00bbhttps:\/\/equicord.com\/wp-content\/uploads\/dogstem_home.jpg\u00bb background_blend=\u00bbsoft-light\u00bb custom_padding=\u00bb17rem||17rem||false|false\u00bb custom_padding_tablet=\u00bb8rem||8rem||false|false\u00bb custom_padding_phone=\u00bb5rem||5rem||false|false\u00bb bottom_divider_style=\u00bbarrow\u00bb bottom_divider_color=\u00bb#ffffff\u00bb bottom_divider_height=\u00bb5vw\u00bb global_colors_info=\u00bb{}\u00bb][et_pb_row _builder_version=\u00bb4.16&#8243; _module_preset=\u00bbdefault\u00bb global_colors_info=\u00bb{}\u00bb][et_pb_column type=\u00bb4_4&#8243; _builder_version=\u00bb4.16&#8243; _module_preset=\u00bbdefault\u00bb global_colors_info=\u00bb{}\u00bb][et_pb_text _builder_version=\u00bb4.16&#8243; _module_preset=\u00bbdefault\u00bb text_font=\u00bb|300|||||||\u00bb text_text_color=\u00bb#e3edf4&#8243; text_font_size=\u00bb1.15rem\u00bb text_line_height=\u00bb1.5rem\u00bb header_text_color=\u00bb#ffffff\u00bb header_font_size=\u00bb3.5rem\u00bb header_line_height=\u00bb3.8rem\u00bb max_width=\u00bb50%\u00bb max_width_tablet=\u00bb75%\u00bb max_width_phone=\u00bb100%\u00bb max_width_last_edited=\u00bbon|phone\u00bb text_font_size_tablet=\u00bb1rem\u00bb text_font_size_phone=\u00bb0.9rem\u00bb text_font_size_last_edited=\u00bbon|desktop\u00bb text_line_height_tablet=\u00bb1.4rem\u00bb text_line_height_phone=\u00bb1.3rem\u00bb text_line_height_last_edited=\u00bbon|phone\u00bb header_font_size_tablet=\u00bb3rem\u00bb header_font_size_phone=\u00bb2rem\u00bb header_font_size_last_edited=\u00bbon|tablet\u00bb header_line_height_tablet=\u00bb3.3rem\u00bb header_line_height_phone=\u00bb2.5rem\u00bb header_line_height_last_edited=\u00bbon|phone\u00bb global_colors_info=\u00bb{}\u00bb]<\/p>\n<h1 class=\"title\">State of the art cellular technology<\/h1>\n<p>Pioneers in the world working with equine umbilical cord cells thanks to our trade secret.<\/p>\n<p>[\/et_pb_text][et_pb_button button_url=\u00bb@ET-DC@eyJkeW5hbWljIjp0cnVlLCJjb250ZW50IjoicG9zdF9saW5rX3VybF9wYWdlIiwic2V0dGluZ3MiOnsicG9zdF9pZCI6IjIyOTk3NyJ9fQ==@\u00bb button_text=\u00bbDescubre m\u00e1s\u00bb module_class=\u00bbbtn\u00bb _builder_version=\u00bb4.16&#8243; _dynamic_attributes=\u00bbbutton_url\u00bb _module_preset=\u00bbdefault\u00bb global_colors_info=\u00bb{}\u00bb][\/et_pb_button][\/et_pb_column][\/et_pb_row][\/et_pb_section][et_pb_section fb_built=\u00bb1&#8243; _builder_version=\u00bb4.17.6&#8243; _module_preset=\u00bbdefault\u00bb background_enable_color=\u00bboff\u00bb use_background_color_gradient=\u00bbon\u00bb background_color_gradient_stops=\u00bb#ffffff 50%|#e8edf5 100%\u00bb background_color_gradient_start=\u00bb#ffffff\u00bb background_color_gradient_start_position=\u00bb50%\u00bb background_color_gradient_end=\u00bb#e8edf5&#8243; custom_padding=\u00bb||||false|false\u00bb bottom_divider_style=\u00bbcurve\u00bb bottom_divider_color=\u00bb#262626&#8243; bottom_divider_height=\u00bb2vw\u00bb global_colors_info=\u00bb{}\u00bb][et_pb_row column_structure=\u00bb1_2,1_2&#8243; use_custom_gutter=\u00bbon\u00bb make_equal=\u00bbon\u00bb _builder_version=\u00bb4.16&#8243; _module_preset=\u00bbdefault\u00bb max_width=\u00bb90%\u00bb global_colors_info=\u00bb{}\u00bb][et_pb_column type=\u00bb1_2&#8243; _builder_version=\u00bb4.16&#8243; _module_preset=\u00bbdefault\u00bb global_colors_info=\u00bb{}\u00bb][et_pb_code _builder_version=\u00bb4.17.6&#8243; _module_preset=\u00bbdefault\u00bb global_colors_info=\u00bb{}\u00bb]<a href=\"https:\/\/equicord.com\/en\/horstem\/\" class=\"featured-block\" style=\"background-image:url(https:\/\/equicord.com\/wp-content\/uploads\/tratamientos-caballoss.jpg);\"><!-- [et_pb_line_break_holder] -->  <\/p>\n<div class=\"gradient-bg\"><\/div>\n<p><!-- [et_pb_line_break_holder] -->  <\/p>\n<div class=\"content\"><!-- [et_pb_line_break_holder] -->    <\/p>\n<h2 class=\"title\">HorStem<\/h2>\n<p><!-- [et_pb_line_break_holder] -->    <pee class=\"desc\">Horstem is the world's first drug based on equine umbilical cord mesenchymal stem cells authorised by centralised registry by the European Medicines Agency.<\/pee><!-- [et_pb_line_break_holder] -->    <\/p>\n<div class=\"et_pb_button btn\">See more<\/div>\n<p>  <!-- [et_pb_line_break_holder] -->  <\/div>\n<p><!-- [et_pb_line_break_holder] --><\/a>[\/et_pb_code][\/et_pb_column][et_pb_column type=\u00bb1_2&#8243; _builder_version=\u00bb4.16&#8243; _module_preset=\u00bbdefault\u00bb global_colors_info=\u00bb{}\u00bb][et_pb_code _builder_version=\u00bb4.17.6&#8243; _module_preset=\u00bbdefault\u00bb hover_enabled=\u00bb0&#8243; global_colors_info=\u00bb{}\u00bb sticky_enabled=\u00bb0&#8243;]<a href=\"https:\/\/equicord.com\/en\/dogstem\/\" class=\"featured-block\" style=\"background-image:url(https:\/\/equicord.com\/wp-content\/uploads\/tratamientos-mascotas.jpg);background-position: top center;\"><!-- [et_pb_line_break_holder] -->  <\/p>\n<div class=\"gradient-bg\"><\/div>\n<p><!-- [et_pb_line_break_holder] -->  <\/p>\n<div class=\"content\"><!-- [et_pb_line_break_holder] -->    <\/p>\n<h2 class=\"title\">DogStem<\/h2>\n<p><!-- [et_pb_line_break_holder] -->    <pee class=\"desc\">DogStem is a medicine approved by the European Medicines Agency intended for pain and lameness reduction in canine Osteoarthritis<\/pee><!-- [et_pb_line_break_holder] -->    <\/p>\n<div class=\"et_pb_button btn\">See more<\/div>\n<p>  <!-- [et_pb_line_break_holder] -->  <\/div>\n<p><!-- [et_pb_line_break_holder] --><\/a>[\/et_pb_code][\/et_pb_column][\/et_pb_row][\/et_pb_section][et_pb_section fb_built=\u00bb1&#8243; custom_padding_last_edited=\u00bbon|phone\u00bb disabled_on=\u00bbon|on|on\u00bb _builder_version=\u00bb4.16&#8243; _module_preset=\u00bbdefault\u00bb background_enable_color=\u00bboff\u00bb background_color_gradient_direction=\u00bb126deg\u00bb custom_padding=\u00bb8rem||8rem||false|false\u00bb custom_padding_tablet=\u00bb4rem||4rem||false|false\u00bb custom_padding_phone=\u00bb\u00bb top_divider_style=\u00bbramp\u00bb top_divider_color=\u00bb#e8edf5&#8243; top_divider_height=\u00bb2vw\u00bb top_divider_height_tablet=\u00bb\u00bb top_divider_height_phone=\u00bb\u00bb top_divider_height_last_edited=\u00bbon|tablet\u00bb bottom_divider_style=\u00bbcurve\u00bb bottom_divider_color=\u00bb#262626&#8243; bottom_divider_height=\u00bb2vw\u00bb disabled=\u00bbon\u00bb global_colors_info=\u00bb{}\u00bb][et_pb_row column_structure=\u00bb1_2,1_2&#8243; _builder_version=\u00bb4.16&#8243; _module_preset=\u00bbdefault\u00bb custom_margin=\u00bb||||false|false\u00bb custom_margin_tablet=\u00bb\u00bb custom_margin_phone=\u00bb\u00bb custom_margin_last_edited=\u00bbon|phone\u00bb global_colors_info=\u00bb{}\u00bb][et_pb_column type=\u00bb1_2&#8243; _builder_version=\u00bb4.16&#8243; _module_preset=\u00bbdefault\u00bb global_colors_info=\u00bb{}\u00bb][et_pb_text _builder_version=\u00bb4.16&#8243; _module_preset=\u00bbdefault\u00bb header_2_font=\u00bb||||||||\u00bb header_2_font_size=\u00bb3em\u00bb header_4_font=\u00bb||||||||\u00bb custom_margin=\u00bb||0.5rem||false|false\u00bb custom_margin_tablet=\u00bb\u00bb custom_margin_phone=\u00bb\u00bb custom_margin_last_edited=\u00bbon|phone\u00bb header_2_font_size_tablet=\u00bb2.5em\u00bb header_2_font_size_phone=\u00bb2.2em\u00bb header_2_font_size_last_edited=\u00bbon|desktop\u00bb header_4_text_color_tablet=\u00bb\u00bb header_4_text_color_phone=\u00bb\u00bb header_4_text_color_last_edited=\u00bbon|desktop\u00bb header_4_font_size_tablet=\u00bb\u00bb header_4_font_size_phone=\u00bb\u00bb header_4_font_size_last_edited=\u00bbon|desktop\u00bb global_colors_info=\u00bb{}\u00bb]<\/p>\n<h2>Where can you find our products?<\/h2>\n<p>[\/et_pb_text][et_pb_text _builder_version=\u00bb4.16&#8243; _module_preset=\u00bbdefault\u00bb custom_margin=\u00bb||||false|false\u00bb custom_margin_tablet=\u00bb\u00bb custom_margin_phone=\u00bb\u00bb custom_margin_last_edited=\u00bbon|desktop\u00bb custom_padding=\u00bb||||false|false\u00bb global_colors_info=\u00bb{}\u00bb]<\/p>\n<p class=\" translation-block\">HorStem is <strong>sent<\/strong> directly from our facilities in Madrid <strong>in less than 24 hours<\/strong> to any point in Europe with a medicalised logistics service.\n<strong>No minimum order<\/strong> is necessary and HorStem can be ordered any day of the week\nContact our distributors for more information.<\/p>\n<p>[\/et_pb_text][et_pb_button button_url=\u00bb@ET-DC@eyJkeW5hbWljIjp0cnVlLCJjb250ZW50IjoicG9zdF9saW5rX3VybF9wYWdlIiwic2V0dGluZ3MiOnsicG9zdF9pZCI6IjIzMDYxNiJ9fQ==@\u00bb button_text=\u00bbVer distribuidores\u00bb module_class=\u00bbbtn\u00bb _builder_version=\u00bb4.16&#8243; _dynamic_attributes=\u00bbbutton_url\u00bb _module_preset=\u00bbdefault\u00bb global_colors_info=\u00bb{}\u00bb][\/et_pb_button][\/et_pb_column][et_pb_column type=\u00bb1_2&#8243; _builder_version=\u00bb4.16&#8243; _module_preset=\u00bbdefault\u00bb global_colors_info=\u00bb{}\u00bb][et_pb_image src=\u00bbhttps:\/\/equicord.com\/wp-content\/uploads\/2020\/09\/mockup.png\u00bb title_text=\u00bbHorStem\u00bb _builder_version=\u00bb4.16&#8243; _module_preset=\u00bbdefault\u00bb max_width_tablet=\u00bb500px\u00bb max_width_phone=\u00bb\u00bb max_width_last_edited=\u00bbon|tablet\u00bb module_alignment=\u00bbcenter\u00bb custom_padding_tablet=\u00bb3rem||||false|false\u00bb custom_padding_phone=\u00bb\u00bb custom_padding_last_edited=\u00bbon|phone\u00bb global_colors_info=\u00bb{}\u00bb][\/et_pb_image][\/et_pb_column][\/et_pb_row][\/et_pb_section]<\/p>","protected":false},"excerpt":{"rendered":"<p>Vanguardia en tecnolog\u00eda celular Pioneros en el mundo trabajando con c\u00e9lulas de cord\u00f3n umbilical equino gracias a nuestro secreto industrial.\u00bfD\u00f3nde encontrar nuestros productos?HorStem es enviado directamente desde nuestras instalaciones de Madrid en menos de 24h a cualquier punto de Europa con un servicio log\u00edstico medicalizado. No es necesario pedido m\u00ednimo y se puede pedir HorStem [&hellip;]<\/p>","protected":false},"author":3,"featured_media":0,"parent":0,"menu_order":0,"comment_status":"closed","ping_status":"closed","template":"","meta":{"_et_pb_use_builder":"on","_et_pb_old_content":"","_et_gb_content_width":"","inline_featured_image":false},"_links":{"self":[{"href":"https:\/\/equicord.com\/en\/wp-json\/wp\/v2\/pages\/231181"}],"collection":[{"href":"https:\/\/equicord.com\/en\/wp-json\/wp\/v2\/pages"}],"about":[{"href":"https:\/\/equicord.com\/en\/wp-json\/wp\/v2\/types\/page"}],"author":[{"embeddable":true,"href":"https:\/\/equicord.com\/en\/wp-json\/wp\/v2\/users\/3"}],"replies":[{"embeddable":true,"href":"https:\/\/equicord.com\/en\/wp-json\/wp\/v2\/comments?post=231181"}],"version-history":[{"count":23,"href":"https:\/\/equicord.com\/en\/wp-json\/wp\/v2\/pages\/231181\/revisions"}],"predecessor-version":[{"id":231640,"href":"https:\/\/equicord.com\/en\/wp-json\/wp\/v2\/pages\/231181\/revisions\/231640"}],"wp:attachment":[{"href":"https:\/\/equicord.com\/en\/wp-json\/wp\/v2\/media?parent=231181"}],"curies":[{"name":"wp","href":"https:\/\/api.w.org\/{rel}","templated":true}]}}