{"id":231457,"date":"2020-12-03T15:32:11","date_gmt":"2020-12-03T15:32:11","guid":{"rendered":"https:\/\/equicord.com\/?page_id=231457"},"modified":"2020-12-03T15:59:01","modified_gmt":"2020-12-03T15:59:01","slug":"aviso-legal","status":"publish","type":"page","link":"https:\/\/equicord.com\/en\/legal-announcement\/","title":{"rendered":"Aviso Legal"},"content":{"rendered":"<p>[et_pb_section fb_built=\u00bb1&#8243; custom_padding_last_edited=\u00bbon|phone\u00bb _builder_version=\u00bb4.7.0&#8243; _module_preset=\u00bbdefault\u00bb background_enable_color=\u00bboff\u00bb use_background_color_gradient=\u00bbon\u00bb background_color_gradient_start=\u00bb#24519b\u00bb background_color_gradient_end=\u00bb#78a9cc\u00bb background_color_gradient_direction=\u00bb53deg\u00bb background_color_gradient_start_position=\u00bb35%\u00bb background_enable_image=\u00bboff\u00bb background_blend=\u00bbsoft-light\u00bb custom_padding=\u00bb6rem||5.5rem||false|false\u00bb custom_padding_tablet=\u00bb3rem||2.5rem||false|false\u00bb custom_padding_phone=\u00bb3rem||||false|false\u00bb bottom_divider_color=\u00bb#f4f4f4&#8243; bottom_divider_height=\u00bb5vw\u00bb][et_pb_row _builder_version=\u00bb4.7.0&#8243; _module_preset=\u00bbdefault\u00bb custom_margin=\u00bb||||false|false\u00bb custom_padding=\u00bb0px||0px||false|false\u00bb][et_pb_column type=\u00bb4_4&#8243; _builder_version=\u00bb4.7.0&#8243; _module_preset=\u00bbdefault\u00bb custom_padding=\u00bb0px||0px||false|false\u00bb][et_pb_text _builder_version=\u00bb4.7.0&#8243; _module_preset=\u00bbdefault\u00bb text_font=\u00bb|300|||||||\u00bb text_text_color=\u00bb#e3edf4&#8243; text_font_size=\u00bb1.15rem\u00bb text_line_height=\u00bb1.5rem\u00bb header_text_color=\u00bb#ffffff\u00bb header_font_size=\u00bb2.5rem\u00bb header_line_height=\u00bb3.8rem\u00bb max_width=\u00bb50%\u00bb max_width_tablet=\u00bb75%\u00bb max_width_phone=\u00bb80%\u00bb max_width_last_edited=\u00bbon|phone\u00bb text_font_size_tablet=\u00bb1rem\u00bb text_font_size_phone=\u00bb0.9rem\u00bb text_font_size_last_edited=\u00bbon|desktop\u00bb text_line_height_tablet=\u00bb1.4rem\u00bb text_line_height_phone=\u00bb1.3rem\u00bb text_line_height_last_edited=\u00bbon|phone\u00bb header_font_size_tablet=\u00bb2rem\u00bb header_font_size_phone=\u00bb2rem\u00bb header_font_size_last_edited=\u00bbon|desktop\u00bb header_line_height_tablet=\u00bb3.3rem\u00bb header_line_height_phone=\u00bb2.5rem\u00bb header_line_height_last_edited=\u00bbon|phone\u00bb]<\/p>\n<h1 class=\"title\">Legal Announcement LSSI - CE<\/h1>\n<p>[\/et_pb_text][\/et_pb_column][\/et_pb_row][\/et_pb_section][et_pb_section fb_built=\u00bb1&#8243; custom_padding_last_edited=\u00bbon|desktop\u00bb _builder_version=\u00bb4.7.0&#8243; _module_preset=\u00bbdefault\u00bb background_color=\u00bb#ededed\u00bb use_background_color_gradient=\u00bbon\u00bb background_color_gradient_start=\u00bb#f4f4f4&#8243; background_color_gradient_end=\u00bb#ecf1f9&#8243; background_color_gradient_start_position=\u00bb24%\u00bb custom_padding=\u00bb3rem||5rem||false|false\u00bb custom_padding_tablet=\u00bb||||false|false\u00bb custom_padding_phone=\u00bb||||false|false\u00bb bottom_divider_color=\u00bb#e8edff\u00bb bottom_divider_height=\u00bb10vw\u00bb bottom_divider_repeat=\u00bb0x\u00bb bottom_divider_height_tablet=\u00bb\u00bb bottom_divider_height_phone=\u00bb\u00bb bottom_divider_height_last_edited=\u00bbon|phone\u00bb][et_pb_row _builder_version=\u00bb4.5.1&#8243; _module_preset=\u00bbdefault\u00bb custom_padding=\u00bb||0px|||\u00bb][et_pb_column type=\u00bb4_4&#8243; _builder_version=\u00bb4.5.1&#8243; _module_preset=\u00bbdefault\u00bb][et_pb_text _builder_version=\u00bb4.7.0&#8243; _module_preset=\u00bbdefault\u00bb text_text_color=\u00bb#60789b\u00bb header_2_text_color=\u00bb#24519b\u00bb header_2_font_size=\u00bb1.5em\u00bb header_2_line_height=\u00bb1.3em\u00bb header_3_font_size=\u00bb1.1em\u00bb]En cumplimiento de la Ley 34\/2002, de 11 de julio, de Servicios de la Sociedad de la Informaci\u00f3n y de Comercio Electr\u00f3nico (LSSI-CE), la entidad EquiCord, SL le informa que es titular del sitio web. De acuerdo con la exigencia del art\u00edculo 10 de la citada Ley, informa de los siguientes datos: <\/p>\n<p>El titular de este sitio web es: EquiCord, SL<br \/>\nNIF: B86468873<br \/>\nDomicilio social: Loeches 203D, 28925, Alcorc\u00f3n, Madrid    [\/et_pb_text][et_pb_text _builder_version=\u00bb4.7.0&#8243; _module_preset=\u00bbdefault\u00bb text_text_color=\u00bb#60789b\u00bb header_2_text_color=\u00bb#24519b\u00bb header_2_font_size=\u00bb1.5em\u00bb header_2_line_height=\u00bb1.3em\u00bb header_3_font_size=\u00bb1.1em\u00bb]<\/p>\n<h2>Users<\/h2>\n<p>The Access and\/or use of the site grants you the condition of USER, which you accept, under the General Terms of Use hereby stated.  Such Terms will be applied independent of the General Terms of Agreement which in your case are mandatory.<\/p>\n<p>[\/et_pb_text][et_pb_text _builder_version=\u00bb4.7.0&#8243; _module_preset=\u00bbdefault\u00bb text_text_color=\u00bb#60789b\u00bb header_2_text_color=\u00bb#24519b\u00bb header_2_font_size=\u00bb1.5em\u00bb header_2_line_height=\u00bb1.3em\u00bb header_3_font_size=\u00bb1.1em\u00bb]<\/p>\n<h2>Use of the website<\/h2>\n<p>The web page grants access to a great amount of information, services, programs or data (onwards, \u201cthe contents\u201d) in Internet belonging to EquiCord, SL or its licensors to whom the USER can have access.  The USER undertakes the responsibility of the use of the web site.  Such responsibility is extended to the necessary registration to access to certain services or contents.<\/p>\n<p>In such registry the USER will be responsible of providing truthful and legal information. As a consequence of this registration, the USER can be provided with a password of which he will be made responsible, compromising to make diligent and confidential use of same. The USER agrees to make the correct use of contents and services which EquiCord, SL offers through its web site and, being of meaningful but not with limitative character and these shall not be used for: <\/p>\n<ul>\n<li>Incurring in illicit activities, illegal or opposed to good faith and public order.<\/li>\n<li>Spreading contents or propaganda considered; racist, xenophobic, pornographic-illegal, of terrorism apology or attempting against human rights.<\/li>\n<li>Causing damages on the physical or logical systems of EquiCord, SL Its suppliers or third parties, introducing or spreading computer virus on the web or any other physical or logic systems which may cause damages such as the mentioned before.<\/li>\n<li>Trying to access and, in your case, using the email accounts of other users and modify or manipulate their messages EquiCord, SL reserves the right to withdraw any comments or  try to access and , in your case, use the email accounts of other users and modify or manipulate their messages reserves the right to withdraw all those comments or input which violate the respect for the dignity of a person, which are discriminatory, xenophobic, racist, that attempt against childhood or infancy, order or public security or that, in our opinion, are not fit for publication.  In any case EquiCord, SL will not be responsible for the opinions given by users through forums, chats or other participation tools<\/li>\n<\/ul>\n<p>[\/et_pb_text][et_pb_text _builder_version=\u00bb4.7.0&#8243; _module_preset=\u00bbdefault\u00bb text_text_color=\u00bb#60789b\u00bb header_2_text_color=\u00bb#24519b\u00bb header_2_font_size=\u00bb1.5em\u00bb header_2_line_height=\u00bb1.3em\u00bb header_3_font_size=\u00bb1.1em\u00bb]<\/p>\n<h2>Intellectual and industrial property<\/h2>\n<p>EquiCord, SL will own all rights of industrial and intellectual property of its web page, as well as the elements contained in it (images, sound, audio, video, software or texts, trade- marks or logos, combination of colors, structure and design, selection of materials used, computer programs necessary for its functioning, access and use, etc.)<\/p>\n<p>Todos los derechos reservados. En virtud de lo dispuesto en los art\u00edculos 8 y 32.1, p\u00e1rrafo segundo, de la Ley de Propiedad Intelectual, quedan expresamente prohibidas la reproducci\u00f3n, la distribuci\u00f3n y la comunicaci\u00f3n p\u00fablica, incluida su modalidad de puesta a disposici\u00f3n, de la totalidad o parte de los contenidos de esta p\u00e1gina web, con fines comerciales, en cualquier soporte y por cualquier medio t\u00e9cnico, sin la autorizaci\u00f3n de EquiCord, SL. El USUARIO se compromete a respetar los derechos de Propiedad Intelectual e Industrial titularidad de EquiCord, SL. Podr\u00e1 visualizar los elementos del portal e incluso imprimirlos, copiarlos y almacenarlos en el disco duro de su ordenador o en cualquier otro soporte f\u00edsico siempre y cuando sea, \u00fanica y exclusivamente, para su uso personal y privado. El USUARIO deber\u00e1 abstenerse de suprimir, alterar, eludir o manipular cualquier dispositivo de protecci\u00f3n o sistema de seguridad que estuviera instalado en el las p\u00e1ginas de EquiCord, SL.[\/et_pb_text][et_pb_text _builder_version=\u00bb4.7.0&#8243; _module_preset=\u00bbdefault\u00bb text_text_color=\u00bb#60789b\u00bb header_2_text_color=\u00bb#24519b\u00bb header_2_font_size=\u00bb1.5em\u00bb header_2_line_height=\u00bb1.3em\u00bb header_3_font_size=\u00bb1.1em\u00bb]<\/p>\n<h2>Exclusion of guarantees and responsabilities<\/h2>\n<p>EquiCord, SL no se hace responsable, en ning\u00fan caso, de los da\u00f1os y perjuicios de cualquier naturaleza que pudieran ocasionar, a t\u00edtulo enunciativo: errores u omisiones en los contenidos, falta de disponibilidad del portal o la transmisi\u00f3n de virus o programas maliciosos o lesivos en los contenidos, a pesar de haber adoptado todas las medidas tecnol\u00f3gicas necesarias para evitarlo.[\/et_pb_text][et_pb_text _builder_version=\u00bb4.7.0&#8243; _module_preset=\u00bbdefault\u00bb text_text_color=\u00bb#60789b\u00bb header_2_text_color=\u00bb#24519b\u00bb header_2_font_size=\u00bb1.5em\u00bb header_2_line_height=\u00bb1.3em\u00bb header_3_font_size=\u00bb1.1em\u00bb hover_enabled=\u00bb0&#8243; sticky_enabled=\u00bb0&#8243;]<\/p>\n<h2>Modifications<\/h2>\n<p>EquiCord, SL se reserva el derecho de efectuar sin previo aviso las modificaciones que considere oportunas en su portal, pudiendo cambiar, suprimir o a\u00f1adir tanto los contenidos y servicios que se presten a trav\u00e9s de la misma como la forma en la que \u00e9stos aparezcan presentados o localizados en su portal.[\/et_pb_text][et_pb_text _builder_version=\u00bb4.7.0&#8243; _module_preset=\u00bbdefault\u00bb text_text_color=\u00bb#60789b\u00bb header_2_text_color=\u00bb#24519b\u00bb header_2_font_size=\u00bb1.5em\u00bb header_2_line_height=\u00bb1.3em\u00bb header_3_font_size=\u00bb1.1em\u00bb hover_enabled=\u00bb0&#8243; sticky_enabled=\u00bb0&#8243;]<\/p>\n<h2>Links<\/h2>\n<p>In the case that in the web page, links or hyperlinks were made to other internet sites, EquiCord, SL will not execute any type of control of such sites and contents. EquiCord, SL under no circumstance will take any responsibility for the contents of some link belonging to another web site, nor guarantee the technical availability, quality, reliability, accuracy, veracity, validity or constitutionality of any material or information contained in none of such hyperlinks or other internet sites<\/p>\n<p>Likewise, the inclusion of these external connections will not imply any kind of association, merging or participation with the connected entities.<br \/>\n[\/et_pb_text][et_pb_text _builder_version=\u00bb4.7.0&#8243; _module_preset=\u00bbdefault\u00bb text_text_color=\u00bb#60789b\u00bb header_2_text_color=\u00bb#24519b\u00bb header_2_font_size=\u00bb1.5em\u00bb header_2_line_height=\u00bb1.3em\u00bb header_3_font_size=\u00bb1.1em\u00bb]<\/p>\n<h2>Exclusion Rights<\/h2>\n<p>EquiCord, SL se reserva el derecho a denegar o retirar el acceso a portal y\/o los servicios ofrecidos sin necesidad de preaviso, a instancia propia o de un tercero, a aquellos usuarios que incumplan las presentes Condiciones Generales de Uso.[\/et_pb_text][et_pb_text _builder_version=\u00bb4.7.0&#8243; _module_preset=\u00bbdefault\u00bb text_text_color=\u00bb#60789b\u00bb header_2_text_color=\u00bb#24519b\u00bb header_2_font_size=\u00bb1.5em\u00bb header_2_line_height=\u00bb1.3em\u00bb header_3_font_size=\u00bb1.1em\u00bb]<\/p>\n<h2>Generalities<\/h2>\n<p>EquiCord, SL perseguir\u00e1 el incumplimiento de las presentes condiciones, as\u00ed como cualquier utilizaci\u00f3n indebida de su portal ejerciendo todas las acciones civiles y penales que le puedan corresponder en derecho.[\/et_pb_text][et_pb_text _builder_version=\u00bb4.7.0&#8243; _module_preset=\u00bbdefault\u00bb text_text_color=\u00bb#60789b\u00bb header_2_text_color=\u00bb#24519b\u00bb header_2_font_size=\u00bb1.5em\u00bb header_2_line_height=\u00bb1.3em\u00bb header_3_font_size=\u00bb1.1em\u00bb]<\/p>\n<h2>Of the present condition and duration<\/h2>\n<p>EquiCord, SL could modify at any time the conditions hereby determined, being duly published as appearing herewith.<\/p>\n<p>La vigencia de las citadas condiciones ir\u00e1 en funci\u00f3n de su exposici\u00f3n y estar\u00e1n vigentes hasta que sean modificadas por otras debidamente publicadas.[\/et_pb_text][et_pb_text _builder_version=\u00bb4.7.0&#8243; _module_preset=\u00bbdefault\u00bb text_text_color=\u00bb#60789b\u00bb header_2_text_color=\u00bb#24519b\u00bb header_2_font_size=\u00bb1.5em\u00bb header_2_line_height=\u00bb1.3em\u00bb header_3_font_size=\u00bb1.1em\u00bb]<\/p>\n<h2>Applicable law and jurisdiction<\/h2>\n<p>La relaci\u00f3n entre EquiCord, SL y el USUARIO se regir\u00e1 por la normativa espa\u00f1ola vigente y cualquier controversia se someter\u00e1 a los Juzgados y tribunales de la ciudad anteriormente indicada.[\/et_pb_text][\/et_pb_column][\/et_pb_row][\/et_pb_section]<\/p>","protected":false},"excerpt":{"rendered":"<p>Aviso Legal LSSI &#8211; CEEn cumplimiento de la Ley 34\/2002, de 11 de julio, de Servicios de la Sociedad de la Informaci\u00f3n y de Comercio Electr\u00f3nico (LSSI-CE), la entidad EquiCord, SL le informa que es titular del sitio web. De acuerdo con la exigencia del art\u00edculo 10 de la citada Ley, informa de los siguientes [&hellip;]<\/p>","protected":false},"author":2,"featured_media":0,"parent":0,"menu_order":0,"comment_status":"closed","ping_status":"closed","template":"","meta":{"_et_pb_use_builder":"on","_et_pb_old_content":"<!-- wp:heading --><h2>Qui\u00e9nes somos<\/h2><!-- \/wp:heading --><!-- wp:paragraph --><p>La direcci\u00f3n de nuestra web es: https:\/\/equicord.com.<\/p><!-- \/wp:paragraph --><!-- wp:heading --><h2>Qu\u00e9 datos personales recogemos y por qu\u00e9 los recogemos<\/h2><!-- \/wp:heading --><!-- wp:heading {\"level\":3} --><h3>Comentarios<\/h3><!-- \/wp:heading --><!-- wp:paragraph --><p>Cuando los visitantes dejan comentarios en la web, recopilamos los datos que se muestran en el formulario de comentarios, as\u00ed como la direcci\u00f3n IP del visitante y la cadena de agentes de usuario del navegador para ayudar a la detecci\u00f3n de spam.<\/p><!-- \/wp:paragraph --><!-- wp:paragraph --><p>Una cadena an\u00f3nima creada a partir de tu direcci\u00f3n de correo electr\u00f3nico (tambi\u00e9n llamada hash) puede ser proporcionada al servicio de Gravatar para ver si la est\u00e1s usando. La pol\u00edtica de privacidad del servicio Gravatar est\u00e1 disponible aqu\u00ed: https:\/\/automattic.com\/privacy\/. Despu\u00e9s de la aprobaci\u00f3n de tu comentario, la imagen de tu perfil es visible para el p\u00fablico en el contexto de tu comentario.<\/p><!-- \/wp:paragraph --><!-- wp:heading {\"level\":3} --><h3>Medios<\/h3><!-- \/wp:heading --><!-- wp:paragraph --><p>Si subes im\u00e1genes a la web, deber\u00edas evitar subir im\u00e1genes con datos de ubicaci\u00f3n (GPS EXIF) incluidos. Los visitantes de la web pueden descargar y extraer cualquier dato de ubicaci\u00f3n de las im\u00e1genes de la web.<\/p><!-- \/wp:paragraph --><!-- wp:heading {\"level\":3} --><h3>Formularios de contacto<\/h3><!-- \/wp:heading --><!-- wp:heading {\"level\":3} --><h3>Cookies<\/h3><!-- \/wp:heading --><!-- wp:paragraph --><p>Si dejas un comentario en nuestro sitio puedes elegir guardar tu nombre, direcci\u00f3n de correo electr\u00f3nico y web en cookies. Esto es para tu comodidad, para que no tengas que volver a rellenar tus datos cuando dejes otro comentario. Estas cookies tendr\u00e1n una duraci\u00f3n de un a\u00f1o.<\/p><!-- \/wp:paragraph --><!-- wp:paragraph --><p>Si tienes una cuenta y te conectas a este sitio, instalaremos una cookie temporal para determinar si tu navegador acepta cookies. Esta cookie no contiene datos personales y se elimina al cerrar el navegador.<\/p><!-- \/wp:paragraph --><!-- wp:paragraph --><p>Cuando accedas, tambi\u00e9n instalaremos varias cookies para guardar tu informaci\u00f3n de acceso y tus opciones de visualizaci\u00f3n de pantalla. Las cookies de acceso duran dos d\u00edas, y las cookies de opciones de pantalla duran un a\u00f1o. Si seleccionas \u00abRecu\u00e9rdarme\u00bb, tu acceso perdurar\u00e1 durante dos semanas. Si sales de tu cuenta, las cookies de acceso se eliminar\u00e1n.<\/p><!-- \/wp:paragraph --><!-- wp:paragraph --><p>Si editas o publicas un art\u00edculo se guardar\u00e1 una cookie adicional en tu navegador. Esta cookie no incluye datos personales y simplemente indica el ID del art\u00edculo que acabas de editar. Caduca despu\u00e9s de 1 d\u00eda.<\/p><!-- \/wp:paragraph --><!-- wp:heading {\"level\":3} --><h3>Contenido incrustado de otros sitios web<\/h3><!-- \/wp:heading --><!-- wp:paragraph --><p>Los art\u00edculos de este sitio pueden incluir contenido incrustado (por ejemplo, v\u00eddeos, im\u00e1genes, art\u00edculos, etc.). El contenido incrustado de otras webs se comporta exactamente de la misma manera que si el visitante hubiera visitado la otra web.<\/p><!-- \/wp:paragraph --><!-- wp:paragraph --><p>Estas web pueden recopilar datos sobre ti, utilizar cookies, incrustar un seguimiento adicional de terceros, y supervisar tu interacci\u00f3n con ese contenido incrustado, incluido el seguimiento de tu interacci\u00f3n con el contenido incrustado si tienes una cuenta y est\u00e1s conectado a esa web.<\/p><!-- \/wp:paragraph --><!-- wp:heading {\"level\":3} --><h3>Anal\u00edtica<\/h3><!-- \/wp:heading --><!-- wp:heading --><h2>Con qui\u00e9n compartimos tus datos<\/h2><!-- \/wp:heading --><!-- wp:heading --><h2>Cu\u00e1nto tiempo conservamos tus datos<\/h2><!-- \/wp:heading --><!-- wp:paragraph --><p>Si dejas un comentario, el comentario y sus metadatos se conservan indefinidamente. Esto es para que podamos reconocer y aprobar comentarios sucesivos autom\u00e1ticamente, en lugar de mantenerlos en una cola de moderaci\u00f3n.<\/p><!-- \/wp:paragraph --><!-- wp:paragraph --><p>De los usuarios que se registran en nuestra web (si los hay), tambi\u00e9n almacenamos la informaci\u00f3n personal que proporcionan en su perfil de usuario. Todos los usuarios pueden ver, editar o eliminar su informaci\u00f3n personal en cualquier momento (excepto que no pueden cambiar su nombre de usuario). Los administradores de la web tambi\u00e9n pueden ver y editar esa informaci\u00f3n.<\/p><!-- \/wp:paragraph --><!-- wp:heading --><h2>Qu\u00e9 derechos tienes sobre tus datos<\/h2><!-- \/wp:heading --><!-- wp:paragraph --><p>Si tienes una cuenta o has dejado comentarios en esta web, puedes solicitar recibir un archivo de exportaci\u00f3n de los datos personales que tenemos sobre ti, incluyendo cualquier dato que nos hayas proporcionado. Tambi\u00e9n puedes solicitar que eliminemos cualquier dato personal que tengamos sobre ti. Esto no incluye ning\u00fan dato que estemos obligados a conservar con fines administrativos, legales o de seguridad.<\/p><!-- \/wp:paragraph --><!-- wp:heading --><h2>D\u00f3nde enviamos tus datos<\/h2><!-- \/wp:heading --><!-- wp:paragraph --><p>Los comentarios de los visitantes puede que los revise un servicio de detecci\u00f3n autom\u00e1tica de spam.<\/p><!-- \/wp:paragraph --><!-- wp:heading --><h2>Tu informaci\u00f3n de contacto<\/h2><!-- \/wp:heading --><!-- wp:heading --><h2>Informaci\u00f3n adicional<\/h2><!-- \/wp:heading --><!-- wp:heading {\"level\":3} --><h3>C\u00f3mo protegemos tus datos<\/h3><!-- \/wp:heading --><!-- wp:heading {\"level\":3} --><h3>Qu\u00e9 procedimientos utilizamos contra las brechas de datos<\/h3><!-- \/wp:heading --><!-- wp:heading {\"level\":3} --><h3>De qu\u00e9 terceros recibimos datos<\/h3><!-- \/wp:heading --><!-- wp:heading {\"level\":3} --><h3>Qu\u00e9 tipo de toma de decisiones automatizada y\/o perfilado hacemos con los datos del usuario<\/h3><!-- \/wp:heading --><!-- wp:heading {\"level\":3} --><h3>Requerimientos regulatorios de revelaci\u00f3n de informaci\u00f3n del sector<\/h3><!-- \/wp:heading -->","_et_gb_content_width":"","inline_featured_image":false},"_links":{"self":[{"href":"https:\/\/equicord.com\/en\/wp-json\/wp\/v2\/pages\/231457"}],"collection":[{"href":"https:\/\/equicord.com\/en\/wp-json\/wp\/v2\/pages"}],"about":[{"href":"https:\/\/equicord.com\/en\/wp-json\/wp\/v2\/types\/page"}],"author":[{"embeddable":true,"href":"https:\/\/equicord.com\/en\/wp-json\/wp\/v2\/users\/2"}],"replies":[{"embeddable":true,"href":"https:\/\/equicord.com\/en\/wp-json\/wp\/v2\/comments?post=231457"}],"version-history":[{"count":7,"href":"https:\/\/equicord.com\/en\/wp-json\/wp\/v2\/pages\/231457\/revisions"}],"predecessor-version":[{"id":231471,"href":"https:\/\/equicord.com\/en\/wp-json\/wp\/v2\/pages\/231457\/revisions\/231471"}],"wp:attachment":[{"href":"https:\/\/equicord.com\/en\/wp-json\/wp\/v2\/media?parent=231457"}],"curies":[{"name":"wp","href":"https:\/\/api.w.org\/{rel}","templated":true}]}}