{"id":231460,"date":"2020-12-03T15:42:48","date_gmt":"2020-12-03T15:42:48","guid":{"rendered":"https:\/\/equicord.com\/?page_id=231460"},"modified":"2020-12-03T15:42:51","modified_gmt":"2020-12-03T15:42:51","slug":"politica-de-privacidad","status":"publish","type":"page","link":"https:\/\/equicord.com\/en\/privacy-policy\/","title":{"rendered":"Privacy policy and web legal announcement"},"content":{"rendered":"<p>[et_pb_section fb_built=\u00bb1&#8243; custom_padding_last_edited=\u00bbon|phone\u00bb _builder_version=\u00bb4.7.0&#8243; _module_preset=\u00bbdefault\u00bb background_enable_color=\u00bboff\u00bb use_background_color_gradient=\u00bbon\u00bb background_color_gradient_start=\u00bb#24519b\u00bb background_color_gradient_end=\u00bb#78a9cc\u00bb background_color_gradient_direction=\u00bb53deg\u00bb background_color_gradient_start_position=\u00bb35%\u00bb background_enable_image=\u00bboff\u00bb background_blend=\u00bbsoft-light\u00bb custom_padding=\u00bb6rem||5.5rem||false|false\u00bb custom_padding_tablet=\u00bb3rem||2.5rem||false|false\u00bb custom_padding_phone=\u00bb3rem||||false|false\u00bb bottom_divider_color=\u00bb#f4f4f4&#8243; bottom_divider_height=\u00bb5vw\u00bb][et_pb_row _builder_version=\u00bb4.7.0&#8243; _module_preset=\u00bbdefault\u00bb custom_margin=\u00bb||||false|false\u00bb custom_padding=\u00bb0px||0px||false|false\u00bb][et_pb_column type=\u00bb4_4&#8243; _builder_version=\u00bb4.7.0&#8243; _module_preset=\u00bbdefault\u00bb custom_padding=\u00bb0px||0px||false|false\u00bb][et_pb_text _builder_version=\u00bb4.7.0&#8243; _module_preset=\u00bbdefault\u00bb text_font=\u00bb|300|||||||\u00bb text_text_color=\u00bb#e3edf4&#8243; text_font_size=\u00bb1.15rem\u00bb text_line_height=\u00bb1.5rem\u00bb header_text_color=\u00bb#ffffff\u00bb header_font_size=\u00bb2.5rem\u00bb header_line_height=\u00bb3.8rem\u00bb max_width=\u00bb50%\u00bb max_width_tablet=\u00bb75%\u00bb max_width_phone=\u00bb80%\u00bb max_width_last_edited=\u00bbon|phone\u00bb text_font_size_tablet=\u00bb1rem\u00bb text_font_size_phone=\u00bb0.9rem\u00bb text_font_size_last_edited=\u00bbon|desktop\u00bb text_line_height_tablet=\u00bb1.4rem\u00bb text_line_height_phone=\u00bb1.3rem\u00bb text_line_height_last_edited=\u00bbon|phone\u00bb header_font_size_tablet=\u00bb2rem\u00bb header_font_size_phone=\u00bb2rem\u00bb header_font_size_last_edited=\u00bbon|desktop\u00bb header_line_height_tablet=\u00bb3.3rem\u00bb header_line_height_phone=\u00bb2.5rem\u00bb header_line_height_last_edited=\u00bbon|phone\u00bb]<\/p>\n<h1 class=\"title\">Privacy policy and web legal announcement<\/h1>\n<p>[\/et_pb_text][\/et_pb_column][\/et_pb_row][\/et_pb_section][et_pb_section fb_built=\u00bb1&#8243; custom_padding_last_edited=\u00bbon|desktop\u00bb _builder_version=\u00bb4.7.0&#8243; _module_preset=\u00bbdefault\u00bb background_color=\u00bb#ededed\u00bb use_background_color_gradient=\u00bbon\u00bb background_color_gradient_start=\u00bb#f4f4f4&#8243; background_color_gradient_end=\u00bb#ecf1f9&#8243; background_color_gradient_start_position=\u00bb24%\u00bb custom_padding=\u00bb3rem||5rem||false|false\u00bb custom_padding_tablet=\u00bb||||false|false\u00bb custom_padding_phone=\u00bb||||false|false\u00bb bottom_divider_color=\u00bb#e8edff\u00bb bottom_divider_height=\u00bb10vw\u00bb bottom_divider_repeat=\u00bb0x\u00bb bottom_divider_height_tablet=\u00bb\u00bb bottom_divider_height_phone=\u00bb\u00bb bottom_divider_height_last_edited=\u00bbon|phone\u00bb][et_pb_row _builder_version=\u00bb4.5.1&#8243; _module_preset=\u00bbdefault\u00bb custom_padding=\u00bb||0px|||\u00bb][et_pb_column type=\u00bb4_4&#8243; _builder_version=\u00bb4.5.1&#8243; _module_preset=\u00bbdefault\u00bb][et_pb_text _builder_version=\u00bb4.7.0&#8243; _module_preset=\u00bbdefault\u00bb text_text_color=\u00bb#60789b\u00bb header_2_text_color=\u00bb#24519b\u00bb header_2_font_size=\u00bb1.5em\u00bb header_2_line_height=\u00bb1.3em\u00bb header_3_font_size=\u00bb1.1em\u00bb]<\/p>\n<h2>Privacy and data protection policy<\/h2>\n<p>EquiCord, SL is a company in which information transparency is essential for establishing relationships of trust with the people who make up our project and with our suppliers and customers, and protecting the personal data of those who trust us is of vital importance. Accordingly, we want this Privacy and personal data protection policy to inform you how we collect, process and use the data.<\/p>\n<p>This Privacy and Personal Data Protection Policy establishes the bases on which EquiCord, SL company, with registered address at Loeches 203D, 28925, Alcorc\u00f3n, Madrid, processes the personal data that our users voluntarily send us through the website.<\/p>\n<p>Esta Pol\u00edtica siempre ser\u00e1 aplicable cuando se faciliten datos a EquiCord, SL, el cual ser\u00e1 responsable de sus datos (Responsable del Tratamiento de los Datos), y a trav\u00e9s de cualquiera de los formularios de contacto o suscripci\u00f3n donde se recojan datos de car\u00e1cter personal (nombre, email, etc.).[\/et_pb_text][et_pb_text _builder_version=\u00bb4.7.0&#8243; _module_preset=\u00bbdefault\u00bb text_text_color=\u00bb#60789b\u00bb header_2_text_color=\u00bb#24519b\u00bb header_2_font_size=\u00bb1.5em\u00bb header_2_line_height=\u00bb1.3em\u00bb header_3_font_size=\u00bb1.1em\u00bb]<\/p>\n<h2>Our commitment<\/h2>\n<ul>\n<li>To respect the privacy of our users and process their personal data with their consent.<\/li>\n<li>To process the personal data that we strictly need to provide the requested service and process the data securely and confidentially, taking the necessary measures to prevent unauthorized access and improper use thereof.<\/li>\n<li>Not to use personal data for purposes for which we have not previously obtained consent.<\/li>\n<li>Not to send personal information to third parties or share such data.<\/li>\n<li>To keep personal data for as long as is strictly necessary for the specific purpose for which the data were provided, with regular revision of those needs and deletion of data that are not necessary.<\/li>\n<ul>[\/et_pb_text][et_pb_text _builder_version=\u00bb4.7.0&#8243; _module_preset=\u00bbdefault\u00bb text_text_color=\u00bb#60789b\u00bb header_2_text_color=\u00bb#24519b\u00bb header_2_font_size=\u00bb1.5em\u00bb header_2_line_height=\u00bb1.3em\u00bb header_3_font_size=\u00bb1.1em\u00bb]<\/p>\n<h2>What personal information do we use?<\/h2>\n<p>Through our website we may collect personal data for different purposes:<\/p>\n<h3>User information request<\/h3>\n<p>Depending on the purpose for which the data are provided, only the strictly necessary data will be requested.<br \/>\nEs importante que el usuario sea consciente de los datos que aporta y la finalidad para la que lo hace porque en el momento que los facilita, est\u00e1 aceptando que recopilemos, almacenemos y usemos dichos datos para la finalidad requerida, pudiendo en cualquier momento retirar el consentimiento prestado por los cauces oportunos siendo el consentimiento del interesado la base legal y legitimaci\u00f3n para el tratamiento de sus datos personales.[\/et_pb_text][et_pb_text _builder_version=\u00bb4.7.0&#8243; _module_preset=\u00bbdefault\u00bb text_text_color=\u00bb#60789b\u00bb header_2_text_color=\u00bb#24519b\u00bb header_2_font_size=\u00bb1.5em\u00bb header_2_line_height=\u00bb1.3em\u00bb header_3_font_size=\u00bb1.1em\u00bb]<\/p>\n<h2>Data accuracy and truthfulness<\/h2>\n<p>El usuario, al aportar los datos requeridos en los formularios es el \u00fanico responsable de la veracidad de los datos remitidos, garantizando y respondiendo de la exactitud, vigencia y autenticidad de los datos personales facilitados, comprometi\u00e9ndose a mantenerlos debidamente actualizados.[\/et_pb_text][et_pb_text _builder_version=\u00bb4.7.0&#8243; _module_preset=\u00bbdefault\u00bb text_text_color=\u00bb#60789b\u00bb header_2_text_color=\u00bb#24519b\u00bb header_2_font_size=\u00bb1.5em\u00bb header_2_line_height=\u00bb1.3em\u00bb header_3_font_size=\u00bb1.1em\u00bb]<\/p>\n<h2>What rights do you have over the personal data provided?<\/h2>\n<p>Once the personal information is provided, you will have the right to:<\/p>\n<ul>\n<li>ask any question and be informed about how we use the data and obtain ACCESS to the data.<\/li>\n<li>request that your information be corrected or DELETED or that RESTRICTIONS be imposed on its processing<\/li>\n<li>OBJECT to the processing of your data<\/li>\n<li>WITHDRAW your consent subject to legal or contractual restrictions.<\/li>\n<li>DATA PORTABILITY<\/li>\n<\/ul>\n<p>You can exercise these rights at any time, in writing, with proof of your identity, addressed to EquiCord, SL, Loeches 203D, 28925, Alcorc\u00f3n, Madrid, or using the e-mail address: ilusarreta@equicord.com.<\/p>\n<p>Adem\u00e1s, podr\u00e1 presentar una reclamaci\u00f3n ante la autoridad de control, en este caso, la Agencia Espa\u00f1ola de Protecci\u00f3n de Datos, si considera que el tratamiento de datos personales infringe la legislaci\u00f3n aplicable.[\/et_pb_text][et_pb_text _builder_version=\u00bb4.7.0&#8243; _module_preset=\u00bbdefault\u00bb text_text_color=\u00bb#60789b\u00bb header_2_text_color=\u00bb#24519b\u00bb header_2_font_size=\u00bb1.5em\u00bb header_2_line_height=\u00bb1.3em\u00bb header_3_font_size=\u00bb1.1em\u00bb]<\/p>\n<h2>What rights do you have over the personal data provided?<\/h2>\n<p>Once the personal information is provided, you will have the right to:<\/p>\n<ul>\n<li>ask any question and be informed about how we use the data and obtain ACCESS to the data.<\/li>\n<li>request that your information be corrected or DELETED or that RESTRICTIONS be imposed on its processing<\/li>\n<li>OBJECT to the processing of your data<\/li>\n<li>WITHDRAW your consent subject to legal or contractual restrictions.<\/li>\n<li>DATA PORTABILITY<\/li>\n<\/ul>\n<p>You can exercise these rights at any time, in writing, with proof of your identity, addressed to EquiCord, SL, Loeches 203D, 28925, Alcorc\u00f3n, Madrid, or using the e-mail address: ilusarreta@equicord.com.<\/p>\n<p>Adem\u00e1s, podr\u00e1 presentar una reclamaci\u00f3n ante la autoridad de control, en este caso, la Agencia Espa\u00f1ola de Protecci\u00f3n de Datos, si considera que el tratamiento de datos personales infringe la legislaci\u00f3n aplicable.[\/et_pb_text][et_pb_text _builder_version=\u00bb4.7.0&#8243; _module_preset=\u00bbdefault\u00bb text_text_color=\u00bb#60789b\u00bb header_2_text_color=\u00bb#24519b\u00bb header_2_font_size=\u00bb1.5em\u00bb header_2_line_height=\u00bb1.3em\u00bb header_3_font_size=\u00bb1.1em\u00bb]<\/p>\n<h2>Data security and storage<\/h2>\n<p>Mantendremos los datos durante el tiempo estrictamente necesario para la prestaci\u00f3n del servicio solicitado y mientras el titular no solicite su eliminaci\u00f3n, adoptando las medidas adecuadas de car\u00e1cter t\u00e9cnico y organizativo contra el tratamiento no autorizado o il\u00edcito y contra su p\u00e9rdida, destrucci\u00f3n o da\u00f1o accidentales, haciendo todo lo posible por protegerlos y mantenerlos de forma segura.[\/et_pb_text][et_pb_text _builder_version=\u00bb4.7.0&#8243; _module_preset=\u00bbdefault\u00bb text_text_color=\u00bb#60789b\u00bb header_2_text_color=\u00bb#24519b\u00bb header_2_font_size=\u00bb1.5em\u00bb header_2_line_height=\u00bb1.3em\u00bb header_3_font_size=\u00bb1.1em\u00bb]<\/p>\n<h2>Addressees of personal data<\/h2>\n<p>No se prev\u00e9n cesiones de datos salvo en aquellos casos en que exista una obligaci\u00f3n legal. No hay previsi\u00f3n de transferencias de datos internacionales.[\/et_pb_text][\/et_pb_column][\/et_pb_row][\/et_pb_section]<\/p>","protected":false},"excerpt":{"rendered":"<p>Pol\u00edtica de privacidadPol\u00edtica de privacidad y protecci\u00f3n de datos del sitio web EquiCord, SL es una empresa en la que la transparencia en la informaci\u00f3n es fundamental para establecer una relaci\u00f3n de confianza con las personas que forman nuestro proyecto y con nuestros proveedores y clientes, siendo la protecci\u00f3n de los datos personales de las [&hellip;]<\/p>","protected":false},"author":2,"featured_media":0,"parent":0,"menu_order":0,"comment_status":"closed","ping_status":"closed","template":"","meta":{"_et_pb_use_builder":"on","_et_pb_old_content":"<!-- wp:heading --><h2>Qui\u00e9nes somos<\/h2><!-- \/wp:heading --><!-- wp:paragraph --><p>La direcci\u00f3n de nuestra web es: https:\/\/equicord.com.<\/p><!-- \/wp:paragraph --><!-- wp:heading --><h2>Qu\u00e9 datos personales recogemos y por qu\u00e9 los recogemos<\/h2><!-- \/wp:heading --><!-- wp:heading {\"level\":3} --><h3>Comentarios<\/h3><!-- \/wp:heading --><!-- wp:paragraph --><p>Cuando los visitantes dejan comentarios en la web, recopilamos los datos que se muestran en el formulario de comentarios, as\u00ed como la direcci\u00f3n IP del visitante y la cadena de agentes de usuario del navegador para ayudar a la detecci\u00f3n de spam.<\/p><!-- \/wp:paragraph --><!-- wp:paragraph --><p>Una cadena an\u00f3nima creada a partir de tu direcci\u00f3n de correo electr\u00f3nico (tambi\u00e9n llamada hash) puede ser proporcionada al servicio de Gravatar para ver si la est\u00e1s usando. La pol\u00edtica de privacidad del servicio Gravatar est\u00e1 disponible aqu\u00ed: https:\/\/automattic.com\/privacy\/. Despu\u00e9s de la aprobaci\u00f3n de tu comentario, la imagen de tu perfil es visible para el p\u00fablico en el contexto de tu comentario.<\/p><!-- \/wp:paragraph --><!-- wp:heading {\"level\":3} --><h3>Medios<\/h3><!-- \/wp:heading --><!-- wp:paragraph --><p>Si subes im\u00e1genes a la web, deber\u00edas evitar subir im\u00e1genes con datos de ubicaci\u00f3n (GPS EXIF) incluidos. Los visitantes de la web pueden descargar y extraer cualquier dato de ubicaci\u00f3n de las im\u00e1genes de la web.<\/p><!-- \/wp:paragraph --><!-- wp:heading {\"level\":3} --><h3>Formularios de contacto<\/h3><!-- \/wp:heading --><!-- wp:heading {\"level\":3} --><h3>Cookies<\/h3><!-- \/wp:heading --><!-- wp:paragraph --><p>Si dejas un comentario en nuestro sitio puedes elegir guardar tu nombre, direcci\u00f3n de correo electr\u00f3nico y web en cookies. Esto es para tu comodidad, para que no tengas que volver a rellenar tus datos cuando dejes otro comentario. Estas cookies tendr\u00e1n una duraci\u00f3n de un a\u00f1o.<\/p><!-- \/wp:paragraph --><!-- wp:paragraph --><p>Si tienes una cuenta y te conectas a este sitio, instalaremos una cookie temporal para determinar si tu navegador acepta cookies. Esta cookie no contiene datos personales y se elimina al cerrar el navegador.<\/p><!-- \/wp:paragraph --><!-- wp:paragraph --><p>Cuando accedas, tambi\u00e9n instalaremos varias cookies para guardar tu informaci\u00f3n de acceso y tus opciones de visualizaci\u00f3n de pantalla. Las cookies de acceso duran dos d\u00edas, y las cookies de opciones de pantalla duran un a\u00f1o. Si seleccionas \u00abRecu\u00e9rdarme\u00bb, tu acceso perdurar\u00e1 durante dos semanas. Si sales de tu cuenta, las cookies de acceso se eliminar\u00e1n.<\/p><!-- \/wp:paragraph --><!-- wp:paragraph --><p>Si editas o publicas un art\u00edculo se guardar\u00e1 una cookie adicional en tu navegador. Esta cookie no incluye datos personales y simplemente indica el ID del art\u00edculo que acabas de editar. Caduca despu\u00e9s de 1 d\u00eda.<\/p><!-- \/wp:paragraph --><!-- wp:heading {\"level\":3} --><h3>Contenido incrustado de otros sitios web<\/h3><!-- \/wp:heading --><!-- wp:paragraph --><p>Los art\u00edculos de este sitio pueden incluir contenido incrustado (por ejemplo, v\u00eddeos, im\u00e1genes, art\u00edculos, etc.). El contenido incrustado de otras webs se comporta exactamente de la misma manera que si el visitante hubiera visitado la otra web.<\/p><!-- \/wp:paragraph --><!-- wp:paragraph --><p>Estas web pueden recopilar datos sobre ti, utilizar cookies, incrustar un seguimiento adicional de terceros, y supervisar tu interacci\u00f3n con ese contenido incrustado, incluido el seguimiento de tu interacci\u00f3n con el contenido incrustado si tienes una cuenta y est\u00e1s conectado a esa web.<\/p><!-- \/wp:paragraph --><!-- wp:heading {\"level\":3} --><h3>Anal\u00edtica<\/h3><!-- \/wp:heading --><!-- wp:heading --><h2>Con qui\u00e9n compartimos tus datos<\/h2><!-- \/wp:heading --><!-- wp:heading --><h2>Cu\u00e1nto tiempo conservamos tus datos<\/h2><!-- \/wp:heading --><!-- wp:paragraph --><p>Si dejas un comentario, el comentario y sus metadatos se conservan indefinidamente. Esto es para que podamos reconocer y aprobar comentarios sucesivos autom\u00e1ticamente, en lugar de mantenerlos en una cola de moderaci\u00f3n.<\/p><!-- \/wp:paragraph --><!-- wp:paragraph --><p>De los usuarios que se registran en nuestra web (si los hay), tambi\u00e9n almacenamos la informaci\u00f3n personal que proporcionan en su perfil de usuario. Todos los usuarios pueden ver, editar o eliminar su informaci\u00f3n personal en cualquier momento (excepto que no pueden cambiar su nombre de usuario). Los administradores de la web tambi\u00e9n pueden ver y editar esa informaci\u00f3n.<\/p><!-- \/wp:paragraph --><!-- wp:heading --><h2>Qu\u00e9 derechos tienes sobre tus datos<\/h2><!-- \/wp:heading --><!-- wp:paragraph --><p>Si tienes una cuenta o has dejado comentarios en esta web, puedes solicitar recibir un archivo de exportaci\u00f3n de los datos personales que tenemos sobre ti, incluyendo cualquier dato que nos hayas proporcionado. Tambi\u00e9n puedes solicitar que eliminemos cualquier dato personal que tengamos sobre ti. Esto no incluye ning\u00fan dato que estemos obligados a conservar con fines administrativos, legales o de seguridad.<\/p><!-- \/wp:paragraph --><!-- wp:heading --><h2>D\u00f3nde enviamos tus datos<\/h2><!-- \/wp:heading --><!-- wp:paragraph --><p>Los comentarios de los visitantes puede que los revise un servicio de detecci\u00f3n autom\u00e1tica de spam.<\/p><!-- \/wp:paragraph --><!-- wp:heading --><h2>Tu informaci\u00f3n de contacto<\/h2><!-- \/wp:heading --><!-- wp:heading --><h2>Informaci\u00f3n adicional<\/h2><!-- \/wp:heading --><!-- wp:heading {\"level\":3} --><h3>C\u00f3mo protegemos tus datos<\/h3><!-- \/wp:heading --><!-- wp:heading {\"level\":3} --><h3>Qu\u00e9 procedimientos utilizamos contra las brechas de datos<\/h3><!-- \/wp:heading --><!-- wp:heading {\"level\":3} --><h3>De qu\u00e9 terceros recibimos datos<\/h3><!-- \/wp:heading --><!-- wp:heading {\"level\":3} --><h3>Qu\u00e9 tipo de toma de decisiones automatizada y\/o perfilado hacemos con los datos del usuario<\/h3><!-- \/wp:heading --><!-- wp:heading {\"level\":3} --><h3>Requerimientos regulatorios de revelaci\u00f3n de informaci\u00f3n del sector<\/h3><!-- \/wp:heading -->","_et_gb_content_width":"","inline_featured_image":false},"_links":{"self":[{"href":"https:\/\/equicord.com\/en\/wp-json\/wp\/v2\/pages\/231460"}],"collection":[{"href":"https:\/\/equicord.com\/en\/wp-json\/wp\/v2\/pages"}],"about":[{"href":"https:\/\/equicord.com\/en\/wp-json\/wp\/v2\/types\/page"}],"author":[{"embeddable":true,"href":"https:\/\/equicord.com\/en\/wp-json\/wp\/v2\/users\/2"}],"replies":[{"embeddable":true,"href":"https:\/\/equicord.com\/en\/wp-json\/wp\/v2\/comments?post=231460"}],"version-history":[{"count":1,"href":"https:\/\/equicord.com\/en\/wp-json\/wp\/v2\/pages\/231460\/revisions"}],"predecessor-version":[{"id":231464,"href":"https:\/\/equicord.com\/en\/wp-json\/wp\/v2\/pages\/231460\/revisions\/231464"}],"wp:attachment":[{"href":"https:\/\/equicord.com\/en\/wp-json\/wp\/v2\/media?parent=231460"}],"curies":[{"name":"wp","href":"https:\/\/api.w.org\/{rel}","templated":true}]}}