{"id":231616,"date":"2022-07-18T12:12:54","date_gmt":"2022-07-18T12:12:54","guid":{"rendered":"https:\/\/equicord.com\/?page_id=231616"},"modified":"2023-10-18T11:17:24","modified_gmt":"2023-10-18T11:17:24","slug":"nuevos-desarrollos","status":"publish","type":"page","link":"https:\/\/equicord.com\/en\/nuevos-desarrollos\/","title":{"rendered":"Further developments"},"content":{"rendered":"<p>[et_pb_section fb_built=\u00bb1&#8243; custom_padding_last_edited=\u00bbon|desktop\u00bb module_class=\u00bbsection-header\u00bb _builder_version=\u00bb4.17.6&#8243; _module_preset=\u00bbdefault\u00bb background_enable_color=\u00bboff\u00bb use_background_color_gradient=\u00bbon\u00bb background_color_gradient_direction=\u00bb53deg\u00bb background_color_gradient_stops=\u00bb#24519b 35%|#78a9cc 100%\u00bb background_color_gradient_start=\u00bb#24519b\u00bb background_color_gradient_start_position=\u00bb35%\u00bb background_color_gradient_end=\u00bb#78a9cc\u00bb background_image=\u00bbhttps:\/\/equicord.com\/wp-content\/uploads\/dogstem_futuro.jpg\u00bb background_blend=\u00bbsoft-light\u00bb custom_padding=\u00bb8vw||12vw||false|false\u00bb custom_padding_tablet=\u00bb5rem||8rem||false|false\u00bb custom_padding_phone=\u00bb3rem||5rem||false|false\u00bb bottom_divider_style=\u00bbramp\u00bb bottom_divider_color=\u00bb#ffffff\u00bb bottom_divider_height=\u00bb5vw\u00bb global_colors_info=\u00bb{}\u00bb][et_pb_row _builder_version=\u00bb4.16&#8243; _module_preset=\u00bbdefault\u00bb global_colors_info=\u00bb{}\u00bb][et_pb_column type=\u00bb4_4&#8243; _builder_version=\u00bb4.16&#8243; _module_preset=\u00bbdefault\u00bb global_colors_info=\u00bb{}\u00bb][et_pb_text _builder_version=\u00bb4.17.6&#8243; _module_preset=\u00bbdefault\u00bb text_font=\u00bb|300|||||||\u00bb text_text_color=\u00bb#e3edf4&#8243; text_font_size=\u00bb1.15rem\u00bb text_line_height=\u00bb1.5rem\u00bb header_text_color=\u00bb#ffffff\u00bb header_font_size=\u00bb3.5rem\u00bb header_line_height=\u00bb3.8rem\u00bb max_width=\u00bb50%\u00bb max_width_tablet=\u00bb75%\u00bb max_width_phone=\u00bb80%\u00bb max_width_last_edited=\u00bbon|phone\u00bb text_font_size_tablet=\u00bb1rem\u00bb text_font_size_phone=\u00bb0.9rem\u00bb text_font_size_last_edited=\u00bbon|desktop\u00bb text_line_height_tablet=\u00bb1.4rem\u00bb text_line_height_phone=\u00bb1.3rem\u00bb text_line_height_last_edited=\u00bbon|phone\u00bb header_font_size_tablet=\u00bb3rem\u00bb header_font_size_phone=\u00bb2.2rem\u00bb header_font_size_last_edited=\u00bbon|phone\u00bb header_line_height_tablet=\u00bb3.3rem\u00bb header_line_height_phone=\u00bb2.5rem\u00bb header_line_height_last_edited=\u00bbon|phone\u00bb global_colors_info=\u00bb{}\u00bb]<span class=\"header-top-title\">DogStem<\/span><\/p>\n<h1 class=\"title\">The future: Systemic pathologies<\/h1>\n<p>Numerosas publicaciones cient\u00edficas apoyan la eficacia y seguridad de las c\u00e9lulas madre en el tratamiento de enfermedades sist\u00e9micas como la insuficiencia renal cr\u00f3nica o la enfermedad inflamatoria intestinal (IBD).[\/et_pb_text][\/et_pb_column][\/et_pb_row][\/et_pb_section][et_pb_section fb_built=\u00bb1&#8243; custom_padding_last_edited=\u00bbon|phone\u00bb _builder_version=\u00bb4.19.1&#8243; _module_preset=\u00bbdefault\u00bb use_background_color_gradient=\u00bbon\u00bb background_color_gradient_stops=\u00bbrgba(0,0,0,0) 50%|rgba(36,81,155,0.1) 100%\u00bb background_color_gradient_start=\u00bbrgba(0,0,0,0)\u00bb background_color_gradient_start_position=\u00bb50%\u00bb background_color_gradient_end=\u00bbrgba(36,81,155,0.1)\u00bb custom_margin=\u00bb||||false|false\u00bb custom_padding=\u00bb||6rem||false|false\u00bb custom_padding_tablet=\u00bb||3rem||false|false\u00bb custom_padding_phone=\u00bb||2rem||false|false\u00bb bottom_divider_style=\u00bbcurve\u00bb bottom_divider_color=\u00bb#FFFFFF\u00bb bottom_divider_height=\u00bb1vw\u00bb bottom_divider_repeat=\u00bb0x\u00bb global_colors_info=\u00bb{}\u00bb][et_pb_row column_structure=\u00bb3_5,2_5&#8243; _builder_version=\u00bb4.16&#8243; _module_preset=\u00bbdefault\u00bb custom_css_main_element=\u00bbdisplay:flex;||align-items:center;\u00bb global_colors_info=\u00bb{}\u00bb custom_css_main_element_last_edited=\u00bbon|phone\u00bb custom_css_main_element_tablet=\u00bbdisplay: inherit;\u00bb custom_css_main_element_phone=\u00bbdisplay: inherit;\u00bb][et_pb_column type=\u00bb3_5&#8243; _builder_version=\u00bb4.16&#8243; _module_preset=\u00bbdefault\u00bb global_colors_info=\u00bb{}\u00bb][et_pb_image src=\u00bbhttps:\/\/equicord.com\/wp-content\/uploads\/regine-tholen-8LZCvlyQ8hY-unsplash.jpg\u00bb alt=\u00bbHorstem &#8211; ecograf\u00eda\u00bb title_text=\u00bbregine-tholen-8LZCvlyQ8hY-unsplash\u00bb align=\u00bbcenter\u00bb disabled_on=\u00bboff|off|off\u00bb _builder_version=\u00bb4.17.6&#8243; _module_preset=\u00bbdefault\u00bb max_width=\u00bb800px\u00bb box_shadow_style=\u00bbpreset4&#8243; box_shadow_spread=\u00bb-2px\u00bb box_shadow_color=\u00bb#f2ad00&#8243; global_colors_info=\u00bb{}\u00bb][\/et_pb_image][\/et_pb_column][et_pb_column type=\u00bb2_5&#8243; _builder_version=\u00bb4.16&#8243; _module_preset=\u00bbdefault\u00bb custom_padding_tablet=\u00bb2rem||||false|false\u00bb custom_padding_phone=\u00bb\u00bb custom_padding_last_edited=\u00bbon|phone\u00bb global_colors_info=\u00bb{}\u00bb][et_pb_text _builder_version=\u00bb4.17.6&#8243; _module_preset=\u00bbdefault\u00bb global_colors_info=\u00bb{}\u00bb]En los \u00faltimos a\u00f1os se ha indagado en el uso intravenoso de las c\u00e9lulas madre para tratar numerosas patolog\u00edas sist\u00e9micas y de origen autoinmune debido a su potencial inmunomodulador, pero a\u00fan no existe ning\u00fan medicamento a base de c\u00e9lulas madre autorizado para este uso.[\/et_pb_text][et_pb_text _builder_version=\u00bb4.17.6&#8243; _module_preset=\u00bbdefault\u00bb global_colors_info=\u00bb{}\u00bb]<\/p>\n<ul>\n<li>Insuficiencia renal<\/li>\n<li>IBD<\/li>\n<li>Dermatitis at\u00f3pica<\/li>\n<li>Problemas oftalmol\u00f3gicos<\/li>\n<li>Heridas<\/li>\n<\/ul>\n<p>[\/et_pb_text][\/et_pb_column][\/et_pb_row][\/et_pb_section][et_pb_section fb_built=\u00bb1&#8243; custom_padding_last_edited=\u00bbon|phone\u00bb _builder_version=\u00bb4.16&#8243; _module_preset=\u00bbdefault\u00bb use_background_color_gradient=\u00bbon\u00bb background_color_gradient_stops=\u00bbrgba(0,0,0,0) 50%|rgba(36,81,155,0.1) 100%\u00bb background_color_gradient_start=\u00bbrgba(0,0,0,0)\u00bb background_color_gradient_start_position=\u00bb50%\u00bb background_color_gradient_end=\u00bbrgba(36,81,155,0.1)\u00bb custom_margin=\u00bb||||false|false\u00bb custom_padding=\u00bb||6rem||false|false\u00bb custom_padding_tablet=\u00bb||3rem||false|false\u00bb custom_padding_phone=\u00bb||2rem||false|false\u00bb bottom_divider_style=\u00bbcurve\u00bb bottom_divider_color=\u00bb#262626&#8243; bottom_divider_height=\u00bb2vw\u00bb bottom_divider_repeat=\u00bb0x\u00bb bottom_divider_flip=\u00bbhorizontal\u00bb global_colors_info=\u00bb{}\u00bb][et_pb_row _builder_version=\u00bb4.19.1&#8243; _module_preset=\u00bbdefault\u00bb global_colors_info=\u00bb{}\u00bb][et_pb_column type=\u00bb4_4&#8243; _builder_version=\u00bb4.19.1&#8243; _module_preset=\u00bbdefault\u00bb global_colors_info=\u00bb{}\u00bb][et_pb_text _builder_version=\u00bb4.19.1&#8243; _module_preset=\u00bbdefault\u00bb global_colors_info=\u00bb{}\u00bb]<\/p>\n<h2>Do you want to participate in our clinical trials?<\/h2>\n<p>&nbsp;<\/p>\n<p>EquiCord is committed to the research and development of new advanced therapy drugs that offer a long-term solution to veterinarians. Thanks to their potent anti-inflammatory and immunomodulatory action, mesenchymal cells have proven to be an effective and safe treatment for numerous pathologies, with a long-lasting effect after a single administration.<\/p>\n<p class=\" translation-block\"><strong>Inflammatory bowel disease (IBD) <\/strong>is a chronic, severe and debilitating disease with a mortality rate of over 30%. It is characterised by vomiting, diarrhoea, weight loss, weakness and reduced quality of life.<\/p>\n<p class=\" translation-block\">Until now <strong>IBD <\/strong>has been managed with high doses of immunosuppressants which have serious side effects.<\/p>\n<p>[\/et_pb_text][et_pb_text _builder_version=\u00bb4.16&#8243; _module_preset=\u00bbdefault\u00bb header_3_font_size=\u00bb1.6rem\u00bb custom_margin_tablet=\u00bb||2rem||false|false\u00bb custom_margin_phone=\u00bb\u00bb custom_margin_last_edited=\u00bbon|phone\u00bb text_font_size_tablet=\u00bb\u00bb text_font_size_phone=\u00bb\u00bb text_font_size_last_edited=\u00bbon|phone\u00bb locked=\u00bboff\u00bb global_colors_info=\u00bb{}\u00bb][\/et_pb_text][\/et_pb_column][\/et_pb_row][et_pb_row column_structure=\u00bb1_4,1_4,1_4,1_4&#8243; _builder_version=\u00bb4.19.1&#8243; _module_preset=\u00bbdefault\u00bb global_colors_info=\u00bb{}\u00bb][et_pb_column type=\u00bb1_4&#8243; _builder_version=\u00bb4.19.1&#8243; _module_preset=\u00bbdefault\u00bb global_colors_info=\u00bb{}\u00bb][et_pb_text _builder_version=\u00bb4.19.1&#8243; _module_preset=\u00bbdefault\u00bb global_colors_info=\u00bb{}\u00bb]<\/p>\n<h2>Results of pilot studies have shown:<\/h2>\n<p>[\/et_pb_text][\/et_pb_column][et_pb_column type=\u00bb1_4&#8243; _builder_version=\u00bb4.19.1&#8243; _module_preset=\u00bbdefault\u00bb global_colors_info=\u00bb{}\u00bb][et_pb_circle_counter title=\u00bbRetirada de corticoides\u00bb number=\u00bb90&#8243; bar_bg_color=\u00bb#f2ad00&#8243; circle_color=\u00bbrgba(214,222,236,0.38)\u00bb circle_color_alpha=\u00bb1&#8243; _builder_version=\u00bb4.19.1&#8243; _module_preset=\u00bbdefault\u00bb title_font=\u00bb||||||||\u00bb title_text_color=\u00bb#24519b\u00bb number_text_color=\u00bb#f2ad00&#8243; number_font_size=\u00bb3.5rem\u00bb background_layout=\u00bbdark\u00bb max_width=\u00bb210px\u00bb custom_margin_tablet=\u00bb\u00bb custom_margin_phone=\u00bb\u00bb custom_margin_last_edited=\u00bbon|tablet\u00bb custom_css_circle_counter_title=\u00bbtext-transform: uppercase;||letter-spacing: 2px;||font-size: 1em;||font-weight: 400;\u00bb locked=\u00bboff\u00bb global_colors_info=\u00bb{}\u00bb][\/et_pb_circle_counter][\/et_pb_column][et_pb_column type=\u00bb1_4&#8243; _builder_version=\u00bb4.19.1&#8243; _module_preset=\u00bbdefault\u00bb global_colors_info=\u00bb{}\u00bb][et_pb_circle_counter title=\u00bbremisi\u00f3n de la sintomatolog\u00eda cl\u00ednica\u00bb number=\u00bb75&#8243; bar_bg_color=\u00bb#f2ad00&#8243; circle_color=\u00bbrgba(214,222,236,0.38)\u00bb circle_color_alpha=\u00bb1&#8243; _builder_version=\u00bb4.19.1&#8243; _module_preset=\u00bbdefault\u00bb title_font=\u00bb||||||||\u00bb title_text_color=\u00bb#24519b\u00bb number_text_color=\u00bb#f2ad00&#8243; number_font_size=\u00bb3.5rem\u00bb background_layout=\u00bbdark\u00bb max_width=\u00bb210px\u00bb custom_margin_tablet=\u00bb\u00bb custom_margin_phone=\u00bb\u00bb custom_margin_last_edited=\u00bbon|tablet\u00bb custom_css_circle_counter_title=\u00bbtext-transform: uppercase;||letter-spacing: 2px;||font-size: 1em;||font-weight: 400;\u00bb locked=\u00bboff\u00bb global_colors_info=\u00bb{}\u00bb][\/et_pb_circle_counter][\/et_pb_column][et_pb_column type=\u00bb1_4&#8243; _builder_version=\u00bb4.19.1&#8243; _module_preset=\u00bbdefault\u00bb global_colors_info=\u00bb{}\u00bb][et_pb_circle_counter title=\u00bbmejora de la calidad de vida\u00bb number=\u00bb90&#8243; bar_bg_color=\u00bb#f2ad00&#8243; circle_color=\u00bbrgba(214,222,236,0.38)\u00bb circle_color_alpha=\u00bb1&#8243; _builder_version=\u00bb4.19.1&#8243; _module_preset=\u00bbdefault\u00bb title_font=\u00bb||||||||\u00bb title_text_color=\u00bb#24519b\u00bb number_text_color=\u00bb#f2ad00&#8243; number_font_size=\u00bb3.5rem\u00bb background_layout=\u00bbdark\u00bb max_width=\u00bb210px\u00bb custom_margin_tablet=\u00bb\u00bb custom_margin_phone=\u00bb\u00bb custom_margin_last_edited=\u00bbon|tablet\u00bb custom_css_circle_counter_title=\u00bbtext-transform: uppercase;||letter-spacing: 2px;||font-size: 1em;||font-weight: 400;\u00bb locked=\u00bboff\u00bb global_colors_info=\u00bb{}\u00bb][\/et_pb_circle_counter][\/et_pb_column][\/et_pb_row][et_pb_row _builder_version=\u00bb4.19.1&#8243; _module_preset=\u00bbdefault\u00bb global_colors_info=\u00bb{}\u00bb][et_pb_column type=\u00bb4_4&#8243; _builder_version=\u00bb4.19.1&#8243; _module_preset=\u00bbdefault\u00bb global_colors_info=\u00bb{}\u00bb][et_pb_text _builder_version=\u00bb4.19.1&#8243; _module_preset=\u00bbdefault\u00bb global_colors_info=\u00bb{}\u00bb]<\/p>\n<p>Do you have a patient with IBD and want to improve their life? Fill out <a href=\"https:\/\/forms.gle\/Mu3EJ78pS4nKoJkn9\" target=\"_blank\" rel=\"noopener\">this form<\/a> and we will get in touch with you.<\/p>\n<p>[\/et_pb_text][\/et_pb_column][\/et_pb_row][\/et_pb_section]<\/p>","protected":false},"excerpt":{"rendered":"<p>DogStem El Futuro: Patolog\u00edas sist\u00e9micas Numerosas publicaciones cient\u00edficas apoyan la eficacia y seguridad de las c\u00e9lulas madre en el tratamiento de enfermedades sist\u00e9micas como la insuficiencia renal cr\u00f3nica o la enfermedad inflamatoria intestinal (IBD).En los \u00faltimos a\u00f1os se ha indagado en el uso intravenoso de las c\u00e9lulas madre para tratar numerosas patolog\u00edas sist\u00e9micas y de [&hellip;]<\/p>","protected":false},"author":2,"featured_media":0,"parent":0,"menu_order":0,"comment_status":"closed","ping_status":"closed","template":"","meta":{"_et_pb_use_builder":"on","_et_pb_old_content":"","_et_gb_content_width":"","inline_featured_image":false},"_links":{"self":[{"href":"https:\/\/equicord.com\/en\/wp-json\/wp\/v2\/pages\/231616"}],"collection":[{"href":"https:\/\/equicord.com\/en\/wp-json\/wp\/v2\/pages"}],"about":[{"href":"https:\/\/equicord.com\/en\/wp-json\/wp\/v2\/types\/page"}],"author":[{"embeddable":true,"href":"https:\/\/equicord.com\/en\/wp-json\/wp\/v2\/users\/2"}],"replies":[{"embeddable":true,"href":"https:\/\/equicord.com\/en\/wp-json\/wp\/v2\/comments?post=231616"}],"version-history":[{"count":13,"href":"https:\/\/equicord.com\/en\/wp-json\/wp\/v2\/pages\/231616\/revisions"}],"predecessor-version":[{"id":231796,"href":"https:\/\/equicord.com\/en\/wp-json\/wp\/v2\/pages\/231616\/revisions\/231796"}],"wp:attachment":[{"href":"https:\/\/equicord.com\/en\/wp-json\/wp\/v2\/media?parent=231616"}],"curies":[{"name":"wp","href":"https:\/\/api.w.org\/{rel}","templated":true}]}}