{"id":231651,"date":"2022-07-26T15:39:22","date_gmt":"2022-07-26T15:39:22","guid":{"rendered":"https:\/\/equicord.com\/?page_id=231651"},"modified":"2023-10-13T16:16:10","modified_gmt":"2023-10-13T16:16:10","slug":"desarrollo-farmaceutico","status":"publish","type":"page","link":"https:\/\/equicord.com\/en\/desarrollo-farmaceutico\/","title":{"rendered":"Pharmaceutical development"},"content":{"rendered":"<p>[et_pb_section fb_built=\u00bb1&#8243; custom_padding_last_edited=\u00bbon|desktop\u00bb module_class=\u00bbsection-header\u00bb _builder_version=\u00bb4.16&#8243; _module_preset=\u00bbdefault\u00bb background_enable_color=\u00bboff\u00bb use_background_color_gradient=\u00bbon\u00bb background_color_gradient_direction=\u00bb53deg\u00bb background_color_gradient_stops=\u00bb#24519b 35%|#78a9cc 100%\u00bb background_color_gradient_start=\u00bb#24519b\u00bb background_color_gradient_start_position=\u00bb35%\u00bb background_color_gradient_end=\u00bb#78a9cc\u00bb background_image=\u00bbhttps:\/\/equicord.com\/wp-content\/uploads\/ventajas4.jpg\u00bb background_blend=\u00bbsoft-light\u00bb custom_padding=\u00bb8vw||12vw||false|false\u00bb custom_padding_tablet=\u00bb5rem||8rem||false|false\u00bb custom_padding_phone=\u00bb3rem||5rem||false|false\u00bb bottom_divider_style=\u00bbramp\u00bb bottom_divider_color=\u00bb#ffffff\u00bb bottom_divider_height=\u00bb5vw\u00bb global_colors_info=\u00bb{}\u00bb][et_pb_row _builder_version=\u00bb4.16&#8243; _module_preset=\u00bbdefault\u00bb global_colors_info=\u00bb{}\u00bb][et_pb_column type=\u00bb4_4&#8243; _builder_version=\u00bb4.16&#8243; _module_preset=\u00bbdefault\u00bb global_colors_info=\u00bb{}\u00bb][et_pb_text _builder_version=\u00bb4.17.6&#8243; _module_preset=\u00bbdefault\u00bb text_font=\u00bb|300|||||||\u00bb text_text_color=\u00bb#e3edf4&#8243; text_font_size=\u00bb1.15rem\u00bb text_line_height=\u00bb1.5rem\u00bb header_text_color=\u00bb#ffffff\u00bb header_font_size=\u00bb3.5rem\u00bb header_line_height=\u00bb3.8rem\u00bb max_width=\u00bb50%\u00bb max_width_tablet=\u00bb75%\u00bb max_width_phone=\u00bb80%\u00bb max_width_last_edited=\u00bbon|phone\u00bb text_font_size_tablet=\u00bb1rem\u00bb text_font_size_phone=\u00bb0.9rem\u00bb text_font_size_last_edited=\u00bbon|desktop\u00bb text_line_height_tablet=\u00bb1.4rem\u00bb text_line_height_phone=\u00bb1.3rem\u00bb text_line_height_last_edited=\u00bbon|phone\u00bb header_font_size_tablet=\u00bb3rem\u00bb header_font_size_phone=\u00bb2.2rem\u00bb header_font_size_last_edited=\u00bbon|phone\u00bb header_line_height_tablet=\u00bb3.3rem\u00bb header_line_height_phone=\u00bb2.5rem\u00bb header_line_height_last_edited=\u00bbon|phone\u00bb global_colors_info=\u00bb{}\u00bb]<\/p>\n<h1 class=\"title\">Pharmaceutical development<\/h1>\n<p>[\/et_pb_text][\/et_pb_column][\/et_pb_row][\/et_pb_section][et_pb_section fb_built=\u00bb1&#8243; _builder_version=\u00bb4.19.1&#8243; _module_preset=\u00bbdefault\u00bb hover_enabled=\u00bb0&#8243; global_colors_info=\u00bb{}\u00bb custom_padding=\u00bb||0px||false|false\u00bb sticky_enabled=\u00bb0&#8243;][et_pb_row _builder_version=\u00bb4.19.1&#8243; _module_preset=\u00bbdefault\u00bb global_colors_info=\u00bb{}\u00bb][et_pb_column type=\u00bb4_4&#8243; _builder_version=\u00bb4.19.1&#8243; _module_preset=\u00bbdefault\u00bb global_colors_info=\u00bb{}\u00bb][et_pb_video src=\u00bbhttps:\/\/equicord.com\/wp-content\/uploads\/HorStem_HR_compressed.mp4&#8243; image_src=\u00bbhttps:\/\/equicord.com\/wp-content\/uploads\/video_placeholder.webp\u00bb _builder_version=\u00bb4.19.1&#8243; _module_preset=\u00bbdefault\u00bb hover_enabled=\u00bb0&#8243; global_colors_info=\u00bb{}\u00bb title_text=\u00bbvideo_placeholder\u00bb sticky_enabled=\u00bb0&#8243;][\/et_pb_video][\/et_pb_column][\/et_pb_row][\/et_pb_section][et_pb_section fb_built=\u00bb1&#8243; _builder_version=\u00bb4.16&#8243; _module_preset=\u00bbdefault\u00bb global_colors_info=\u00bb{}\u00bb][et_pb_row column_structure=\u00bb1_2,1_2&#8243; _builder_version=\u00bb4.16&#8243; _module_preset=\u00bbdefault\u00bb custom_padding=\u00bb0px||||false|false\u00bb global_colors_info=\u00bb{}\u00bb][et_pb_column type=\u00bb1_2&#8243; _builder_version=\u00bb4.16&#8243; _module_preset=\u00bbdefault\u00bb global_colors_info=\u00bb{}\u00bb][et_pb_text _builder_version=\u00bb4.16&#8243; _module_preset=\u00bbdefault\u00bb text_font=\u00bb||||||||\u00bb text_text_color=\u00bb#24519b\u00bb text_font_size=\u00bb1.5em\u00bb text_line_height=\u00bb1.6rem\u00bb custom_css_main_element=\u00bbfont-weight: 500;\u00bb global_colors_info=\u00bb{}\u00bb]El desarrollo de un f\u00e1rmaco es un proceso largo y complejo donde diferentes \u00e1reas de investigaci\u00f3n se unen para garantizar la calidad, seguridad y eficacia de un medicamento.[\/et_pb_text][et_pb_text _builder_version=\u00bb4.17.6&#8243; _module_preset=\u00bbdefault\u00bb custom_padding=\u00bb||0px|||\u00bb global_colors_info=\u00bb{}\u00bb]<\/p>\n<p>Our medicines are authorized by the European Medicines Agency, which gives them optimal quality, efficacy and safety for their use.<\/p>\n<p>Our donors are sport foals, healthy and born at term by natural delivery in arranged breeding centers. All the umbilical cords used in the development of our products are obtained by highly qualified personnel who are present at the time of delivery for the correct neonatal care of the animal and optimal tissue collection.<\/p>\n<p>Tissue collection does not affect the normal equine birth process, being a process in line with maximum animal welfare.<\/p>\n<p>[\/et_pb_text][\/et_pb_column][et_pb_column type=\u00bb1_2&#8243; _builder_version=\u00bb4.16&#8243; _module_preset=\u00bbdefault\u00bb global_colors_info=\u00bb{}\u00bb][et_pb_text _builder_version=\u00bb4.17.6&#8243; _module_preset=\u00bbdefault\u00bb global_colors_info=\u00bb{}\u00bb]Una vez en nuestras instalaciones el cord\u00f3n umbilical es procesado siguiendo los m\u00e1s altos est\u00e1ndares de calidad europea.<\/p>\n<p>Our <strong>facilities of more than 500m<sup style=\"font-size: .6em;\">2<\/sup>\u00a0of high-tech laboratories<\/strong> have a production room that complies with <strong><em>Good Manufacturing Practices<\/em> (GMP)<\/strong> of more than 100m<sup style=\"font-size: .6em;\">2<\/sup> especialmente dise\u00f1ada para la fabricaci\u00f3n de nuestros productos.<\/p>\n<p>During the manufacturing process, more than 30 Quality Controls are carried out according to the European Pharmacopoeia, including: cell morphology, viability, cell duplications, identity, mycoplasma, genetic stability, foreign viruses, potency, sterility, etc.<\/p>\n<p>Una vez completado el proceso de fabricaci\u00f3n, HorStem y DogStem son envasados en fresco, lo que significa que pueden ser usados directamente sin necesidad de ser manipulados por el veterinario y pueden ser aplicados directamente de manera f\u00e1cil y segura.[\/et_pb_text][\/et_pb_column][\/et_pb_row][\/et_pb_section][et_pb_section fb_built=\u00bb1&#8243; fullwidth=\u00bbon\u00bb disabled_on=\u00bbon|off|off\u00bb _builder_version=\u00bb4.16&#8243; _module_preset=\u00bbdefault\u00bb custom_margin=\u00bb||4rem||false|false\u00bb custom_margin_tablet=\u00bb\u00bb custom_margin_phone=\u00bb\u00bb custom_margin_last_edited=\u00bbon|phone\u00bb global_colors_info=\u00bb{}\u00bb][et_pb_fullwidth_code _builder_version=\u00bb4.17.6&#8243; _module_preset=\u00bbdefault\u00bb global_colors_info=\u00bb{}\u00bb]<\/p>\n<div class=\"timeline-wrapper\"><!-- [et_pb_line_break_holder] -->\t<\/p>\n<div class=\"timeline\"><!-- [et_pb_line_break_holder] -->\t\t<input type=\"radio\" name=\"timeline-dot\" data-description=\"step1\" checked><!-- [et_pb_line_break_holder] -->\t\t<\/p>\n<div class=\"dot-info\" data-description=\"step1\"><!-- [et_pb_line_break_holder] -->\t\t\t<span class=\"step\">1<\/span><!-- [et_pb_line_break_holder] -->\t\t\t<span class=\"label\">Breeding mares<\/span><!-- [et_pb_line_break_holder] -->\t\t<\/div>\n<p><!-- [et_pb_line_break_holder] -->\t\t<input type=\"radio\" name=\"timeline-dot\" data-description=\"step2\"><!-- [et_pb_line_break_holder] -->\t\t<\/p>\n<div class=\"dot-info\" data-description=\"step2\"><!-- [et_pb_line_break_holder] -->\t\t\t<span class=\"step\">2<\/span><!-- [et_pb_line_break_holder] -->\t\t\t<span class=\"label\">Birth of the foals<\/span><!-- [et_pb_line_break_holder] -->\t\t<\/div>\n<p><!-- [et_pb_line_break_holder] -->\t\t<input type=\"radio\" name=\"timeline-dot\" data-description=\"step3\"><!-- [et_pb_line_break_holder] -->\t\t<\/p>\n<div class=\"dot-info\" data-description=\"step3\"><!-- [et_pb_line_break_holder] -->\t\t\t<span class=\"step\">3<\/span><!-- [et_pb_line_break_holder] -->\t\t\t<span class=\"label\">Tissue reception<\/span><!-- [et_pb_line_break_holder] -->\t\t<\/div>\n<p><!-- [et_pb_line_break_holder] -->\t\t<input type=\"radio\" name=\"timeline-dot\" data-description=\"step4\"><!-- [et_pb_line_break_holder] -->\t\t<\/p>\n<div class=\"dot-info\" data-description=\"step4\"><!-- [et_pb_line_break_holder] -->\t\t\t<span class=\"step\">4<\/span><!-- [et_pb_line_break_holder] -->\t\t\t<span class=\"label\">Tissue processing<\/span><!-- [et_pb_line_break_holder] -->\t\t<\/div>\n<p><!-- [et_pb_line_break_holder] -->\t\t<input type=\"radio\" name=\"timeline-dot\" data-description=\"step5\"><!-- [et_pb_line_break_holder] -->\t\t<\/p>\n<div class=\"dot-info\" data-description=\"step5\"><!-- [et_pb_line_break_holder] -->\t\t\t<span class=\"step\">5<\/span><!-- [et_pb_line_break_holder] -->\t\t\t<span class=\"label\">Cellular expansion<\/span><!-- [et_pb_line_break_holder] -->\t\t<\/div>\n<p><!-- [et_pb_line_break_holder] -->\t\t<input type=\"radio\" name=\"timeline-dot\" data-description=\"step6\"><!-- [et_pb_line_break_holder] -->\t\t<\/p>\n<div class=\"dot-info\" data-description=\"step6\"><!-- [et_pb_line_break_holder] -->\t\t\t<span class=\"step\">6<\/span><!-- [et_pb_line_break_holder] -->\t\t\t<span class=\"label\">Packaging and final product<\/span><!-- [et_pb_line_break_holder] -->\t\t<\/div>\n<p><!-- [et_pb_line_break_holder] -->\t\t<input type=\"radio\" name=\"timeline-dot\" data-description=\"step7\"><!-- [et_pb_line_break_holder] -->\t\t<\/p>\n<div class=\"dot-info\" data-description=\"step7\"><!-- [et_pb_line_break_holder] -->\t\t\t<span class=\"step\">7<\/span><!-- [et_pb_line_break_holder] -->\t\t\t<span class=\"label\">Shipping and logistics<\/span><!-- [et_pb_line_break_holder] -->\t\t<\/div>\n<p><!-- [et_pb_line_break_holder] -->\t\t<!-- [et_pb_line_break_holder] -->\t\t<\/p>\n<div id=\"timeline-descriptions-wrapper\"><!-- [et_pb_line_break_holder] -->\t\t\t<pee data-description=\"step1\"><span class=\"title\">1. Breeding mares<\/span>Only those breeding centers that meet the highest quality standards can work with us. All our studs have veterinary assistance at birth 24h, 24h monitored farrowing crates, a deworming \/vaccination program, veterinary medical equipment and the highest quality standards in reproduction. All our foals are high level sports horses or racehorses.<\/pee><!-- [et_pb_line_break_holder] -->\t\t\t<pee data-description=\"step2\"><span class=\"title\">2. Birth of the foals<\/span>In order to interfere as little as possible in the natural process of birth and preserve animal welfare to the maximum, one of the principles of EquiCord, once the foal has been born veterinary staff collect the tissue of the umbilical cord and begin a process of disinfection on farm patented by EquiCord.<\/pee><!-- [et_pb_line_break_holder] -->\t\t\t<pee data-description=\"step3\"><span class=\"title\">3. Tissue reception<\/span>In our facilities the tissue is reviewed by the quality control and logistics department, so that the collection of the tissue as well as its documentation (health status of the mother and foal before and during birth, shipping temperature, etc) meets the established quality standards.<\/pee><!-- [et_pb_line_break_holder] -->\t\t\t<pee data-description=\"step4\"><span class=\"title\">4. Tissue processing<\/span>The production department begins the processing of umbilical cord tissue, an eminently manual process carried out by our highly specialised staff. Once the Master Cell Bank is manufactured it is cryopreserved while obtaining the results of quality controls: sterility, mycoplasma, genetic stability, viruses and parasites, purity and identity, blood analysis of the donor foal, etc.<\/pee><!-- [et_pb_line_break_holder] -->\t\t\t<pee data-description=\"step5\"><span class=\"title\">5. Cellular expansion<\/span>Once all the results of all quality controls are obtained, the cells are expanded to pass 4 in asepsis conditions following the highest European standards and tested again of all quality controls.<\/pee><!-- [et_pb_line_break_holder] -->\t\t\t<pee data-description=\"step6\"><span class=\"title\">6. Packaging and final product<\/span>HorStem and DogStem are packaged ready to use in small batches each week to always guarantee the supply of HorStem throughout Europe<\/pee><!-- [et_pb_line_break_holder] -->\t\t\t<pee data-description=\"step7\"><span class=\"title\">7. Shipping and logistics<\/span>Our medicines are sent directly to the veterinarian through specialized transport and following the Good Manufacturing Practices (GMPs)<\/pee><!-- [et_pb_line_break_holder] -->\t\t<\/div>\n<p><!-- [et_pb_line_break_holder] -->\t<\/div>\n<p><!-- [et_pb_line_break_holder] --><\/div>\n<p><!-- [et_pb_line_break_holder] -->[\/et_pb_fullwidth_code][\/et_pb_section]<\/p>","protected":false},"excerpt":{"rendered":"<p>Desarrollo farmac\u00e9uticoEl desarrollo de un f\u00e1rmaco es un proceso largo y complejo donde diferentes \u00e1reas de investigaci\u00f3n se unen para garantizar la calidad, seguridad y eficacia de un medicamento.Nuestros medicamentos est\u00e1n autorizados por la Agencia Europea del Medicamento, lo que les confiere una calidad, eficacia y seguridad \u00f3ptima para su uso. Nuestros donantes son potros [&hellip;]<\/p>","protected":false},"author":2,"featured_media":0,"parent":0,"menu_order":0,"comment_status":"closed","ping_status":"closed","template":"","meta":{"_et_pb_use_builder":"on","_et_pb_old_content":"","_et_gb_content_width":"","inline_featured_image":false},"_links":{"self":[{"href":"https:\/\/equicord.com\/en\/wp-json\/wp\/v2\/pages\/231651"}],"collection":[{"href":"https:\/\/equicord.com\/en\/wp-json\/wp\/v2\/pages"}],"about":[{"href":"https:\/\/equicord.com\/en\/wp-json\/wp\/v2\/types\/page"}],"author":[{"embeddable":true,"href":"https:\/\/equicord.com\/en\/wp-json\/wp\/v2\/users\/2"}],"replies":[{"embeddable":true,"href":"https:\/\/equicord.com\/en\/wp-json\/wp\/v2\/comments?post=231651"}],"version-history":[{"count":13,"href":"https:\/\/equicord.com\/en\/wp-json\/wp\/v2\/pages\/231651\/revisions"}],"predecessor-version":[{"id":231795,"href":"https:\/\/equicord.com\/en\/wp-json\/wp\/v2\/pages\/231651\/revisions\/231795"}],"wp:attachment":[{"href":"https:\/\/equicord.com\/en\/wp-json\/wp\/v2\/media?parent=231651"}],"curies":[{"name":"wp","href":"https:\/\/api.w.org\/{rel}","templated":true}]}}