{"id":231674,"date":"2022-07-26T17:00:14","date_gmt":"2022-07-26T17:00:14","guid":{"rendered":"https:\/\/equicord.com\/?page_id=231674"},"modified":"2022-07-26T17:01:35","modified_gmt":"2022-07-26T17:01:35","slug":"ventajas-horstem","status":"publish","type":"page","link":"https:\/\/equicord.com\/en\/ventajas-horstem\/","title":{"rendered":"Advantages"},"content":{"rendered":"<p>[et_pb_section fb_built=\u00bb1&#8243; custom_padding_last_edited=\u00bbon|desktop\u00bb module_class=\u00bbsection-header\u00bb _builder_version=\u00bb4.16&#8243; _module_preset=\u00bbdefault\u00bb background_enable_color=\u00bboff\u00bb use_background_color_gradient=\u00bbon\u00bb background_color_gradient_direction=\u00bb53deg\u00bb background_color_gradient_stops=\u00bb#24519b 35%|#78a9cc 100%\u00bb background_color_gradient_start=\u00bb#24519b\u00bb background_color_gradient_start_position=\u00bb35%\u00bb background_color_gradient_end=\u00bb#78a9cc\u00bb background_image=\u00bbhttps:\/\/equicord.com\/wp-content\/uploads\/ventajas-3.jpg\u00bb background_blend=\u00bbsoft-light\u00bb custom_padding=\u00bb8vw||12vw||false|false\u00bb custom_padding_tablet=\u00bb5rem||8rem||false|false\u00bb custom_padding_phone=\u00bb3rem||5rem||false|false\u00bb bottom_divider_style=\u00bbramp\u00bb bottom_divider_color=\u00bb#ffffff\u00bb bottom_divider_height=\u00bb5vw\u00bb global_colors_info=\u00bb{}\u00bb theme_builder_area=\u00bbpost_content\u00bb][et_pb_row _builder_version=\u00bb4.16&#8243; _module_preset=\u00bbdefault\u00bb global_colors_info=\u00bb{}\u00bb theme_builder_area=\u00bbpost_content\u00bb][et_pb_column type=\u00bb4_4&#8243; _builder_version=\u00bb4.16&#8243; _module_preset=\u00bbdefault\u00bb global_colors_info=\u00bb{}\u00bb theme_builder_area=\u00bbpost_content\u00bb][et_pb_text _builder_version=\u00bb4.16&#8243; _module_preset=\u00bbdefault\u00bb text_font=\u00bb|300|||||||\u00bb text_text_color=\u00bb#e3edf4&#8243; text_font_size=\u00bb1.15rem\u00bb text_line_height=\u00bb1.5rem\u00bb header_text_color=\u00bb#ffffff\u00bb header_font_size=\u00bb3.5rem\u00bb header_line_height=\u00bb3.8rem\u00bb max_width=\u00bb50%\u00bb max_width_tablet=\u00bb75%\u00bb max_width_phone=\u00bb80%\u00bb max_width_last_edited=\u00bbon|phone\u00bb custom_padding=\u00bb||0px|||\u00bb text_font_size_tablet=\u00bb1rem\u00bb text_font_size_phone=\u00bb0.9rem\u00bb text_font_size_last_edited=\u00bbon|desktop\u00bb text_line_height_tablet=\u00bb1.4rem\u00bb text_line_height_phone=\u00bb1.3rem\u00bb text_line_height_last_edited=\u00bbon|phone\u00bb header_font_size_tablet=\u00bb3rem\u00bb header_font_size_phone=\u00bb2.2rem\u00bb header_font_size_last_edited=\u00bbon|phone\u00bb header_line_height_tablet=\u00bb3.3rem\u00bb header_line_height_phone=\u00bb2.5rem\u00bb header_line_height_last_edited=\u00bbon|phone\u00bb global_colors_info=\u00bb{}\u00bb theme_builder_area=\u00bbpost_content\u00bb]<span class=\"header-top-title\">Horstem<\/span><\/p>\n<h1 class=\"title\">Advantages<\/h1>\n<p>Pioneers in the world in the use of umbilical cord as an active substance<\/p>\n<p>[\/et_pb_text][\/et_pb_column][\/et_pb_row][\/et_pb_section][et_pb_section fb_built=\u00bb1&#8243; _builder_version=\u00bb4.16&#8243; _module_preset=\u00bbdefault\u00bb use_background_color_gradient=\u00bbon\u00bb background_color_gradient_stops=\u00bbrgba(0,0,0,0) 50%|rgba(36,81,155,0.1) 100%\u00bb background_color_gradient_start=\u00bbrgba(0,0,0,0)\u00bb background_color_gradient_start_position=\u00bb50%\u00bb background_color_gradient_end=\u00bbrgba(36,81,155,0.1)\u00bb global_colors_info=\u00bb{}\u00bb theme_builder_area=\u00bbpost_content\u00bb][et_pb_row column_structure=\u00bb2_5,3_5&#8243; _builder_version=\u00bb4.16&#8243; _module_preset=\u00bbdefault\u00bb sticky_position_tablet=\u00bb\u00bb sticky_position_phone=\u00bb\u00bb sticky_position_last_edited=\u00bbon|desktop\u00bb global_colors_info=\u00bb{}\u00bb theme_builder_area=\u00bbpost_content\u00bb][et_pb_column type=\u00bb2_5&#8243; _builder_version=\u00bb4.16&#8243; _module_preset=\u00bbdefault\u00bb custom_padding=\u00bb||5rem||false|false\u00bb sticky_position=\u00bbtop\u00bb sticky_offset_top=\u00bb30px\u00bb sticky_limit_bottom=\u00bbsection\u00bb sticky_position_tablet=\u00bbnone\u00bb sticky_position_phone=\u00bb\u00bb sticky_position_last_edited=\u00bbon|tablet\u00bb sticky_offset_top_tablet=\u00bb\u00bb sticky_offset_top_phone=\u00bb\u00bb sticky_offset_top_last_edited=\u00bbon|tablet\u00bb global_colors_info=\u00bb{}\u00bb theme_builder_area=\u00bbpost_content\u00bb][et_pb_text module_class=\u00bblemon\u00bb _builder_version=\u00bb4.16&#8243; _module_preset=\u00bbdefault\u00bb header_2_font=\u00bb||||||||\u00bb header_2_text_color=\u00bb#24519b\u00bb header_2_font_size=\u00bb3em\u00bb header_4_font_size=\u00bb29px\u00bb header_2_font_size_tablet=\u00bb2.5em\u00bb header_2_font_size_phone=\u00bb2.2em\u00bb header_2_font_size_last_edited=\u00bbon|phone\u00bb global_colors_info=\u00bb{}\u00bb theme_builder_area=\u00bbpost_content\u00bb]<\/p>\n<h2>Advantages over other stem cell products<\/h2>\n<p>[\/et_pb_text][et_pb_text _builder_version=\u00bb4.16&#8243; _module_preset=\u00bbdefault\u00bb global_colors_info=\u00bb{}\u00bb theme_builder_area=\u00bbpost_content\u00bb]<\/p>\n<p class=\" translation-block\">HorStem is <strong>the only ready-to-use <\/strong>(fresh) equine umbilical cord pluripotent mesenchymal stem cell based medicine on the world market.<\/p>\n<p>There are various advanced therapy products on the European market. When choosing an advanced therapy product, various factors must be taken into account:<\/p>\n<p>[\/et_pb_text][et_pb_code _builder_version=\u00bb4.16&#8243; _module_preset=\u00bbdefault\u00bb global_colors_info=\u00bb{}\u00bb theme_builder_area=\u00bbpost_content\u00bb]<\/p>\n<div class=\"anchors-wrapper\"><!-- [et_pb_line_break_holder] -->  <a href=\"#EstadoRegulatorio\" class=\"anchor-link\"><span class=\"num\">1<\/span>Regulatory Status<span class=\"ico\">&rtrif;<\/span><\/a><!-- [et_pb_line_break_holder] -->  <a href=\"#OrigenCelular\" class=\"anchor-link\"><span class=\"num\">2<\/span>Origin and cell type<span class=\"ico\">&rtrif;<\/span><\/a><!-- [et_pb_line_break_holder] -->  <a href=\"#CondicionesUso\" class=\"anchor-link\"><span class=\"num\">3<\/span>Terms of use<span class=\"ico\">&rtrif;<\/span><\/a><!-- [et_pb_line_break_holder] --><\/div>\n<p>[\/et_pb_code][\/et_pb_column][et_pb_column type=\u00bb3_5&#8243; _builder_version=\u00bb4.16&#8243; _module_preset=\u00bbdefault\u00bb custom_padding=\u00bb10rem||||false|false\u00bb custom_padding_tablet=\u00bb0rem||||false|false\u00bb custom_padding_phone=\u00bb\u00bb custom_padding_last_edited=\u00bbon|tablet\u00bb global_colors_info=\u00bb{}\u00bb theme_builder_area=\u00bbpost_content\u00bb][et_pb_text module_id=\u00bbEstadoRegulatorio\u00bb _builder_version=\u00bb4.16&#8243; _module_preset=\u00bbdefault\u00bb text_font=\u00bb||||||||\u00bb header_3_font_size=\u00bb2.2em\u00bb custom_margin=\u00bb||5em||false|false\u00bb sticky_limit_bottom=\u00bbcolumn\u00bb header_3_font_size_tablet=\u00bb\u00bb header_3_font_size_phone=\u00bb1.8em\u00bb header_3_font_size_last_edited=\u00bbon|phone\u00bb global_colors_info=\u00bb{}\u00bb theme_builder_area=\u00bbpost_content\u00bb]<\/p>\n<div class=\"bg-number-list\">\n<div class=\"bg-number\">1<\/div>\n<h3>Regulatory status<\/h3>\n<p>Only a product authorised by the European Union as a veterinary medicine can guarantee quality, safety and efficacy. From the point of view of quality, only authorised drugs guarantee production under Good Manufacturing Practices (GMP) conditions, the performance of quality controls according to European regulations and pharmacopoeia, stability studies, control of starting materials, etc.<\/p>\n<p>In respect to safety and efficacy, only authorised drugs have passed an extensive evaluation process, have carried out clinical trials under international regulations and have a pharmacovigilance system that guarantees the safety and efficacy of the products throughout the European territory. Currently, the use of unauthorised cell products as medicine poses a high risk to the health and safety of animals, as well as a risk to the prescribing veterinarian.<\/p>\n<\/div>\n<p>[\/et_pb_text][et_pb_text module_id=\u00bbOrigenCelular\u00bb _builder_version=\u00bb4.16&#8243; _module_preset=\u00bbdefault\u00bb header_3_font_size=\u00bb2.2em\u00bb custom_margin=\u00bb||5em||false|false\u00bb sticky_limit_bottom=\u00bbcolumn\u00bb header_3_font_size_tablet=\u00bb\u00bb header_3_font_size_phone=\u00bb1.8em\u00bb header_3_font_size_last_edited=\u00bbon|phone\u00bb global_colors_info=\u00bb{}\u00bb theme_builder_area=\u00bbpost_content\u00bb]<\/p>\n<div class=\"bg-number-list\">\n<div class=\"bg-number\">2<\/div>\n<h3>Origin and cell type<\/h3>\n<p>It is scientifically recognised that umbilical cord stem cells are ideal for regenerative medicine treatments thanks to their extraordinary pluripotential, immunomodulatory and cell proliferation status (*). Likewise, the stage of differentiation is important when choosing a cellular product.<\/p>\n<p>Pluripotent (undifferentiated) mesenchymal stem cells offer a wide range of possibilities as they have a great capacity for tissue adaptation and can be applied in pathologies of multidisciplinary origin.<\/p>\n<p>Finally, thanks to the richness in umbilical cord cells and their large size, the cells used in HorStem have hardly been expanded in vitro, which gives a higher quality and effectiveness to the product at a lower production cost, this allows HorStem to have a more affordable price than other alternatives.\n<\/p><\/div>\n<p>[\/et_pb_text][et_pb_text module_id=\u00bbCondicionesUso\u00bb _builder_version=\u00bb4.16&#8243; _module_preset=\u00bbdefault\u00bb header_3_font_size=\u00bb2.2em\u00bb custom_margin=\u00bb||||false|false\u00bb sticky_limit_bottom=\u00bbcolumn\u00bb header_3_font_size_tablet=\u00bb\u00bb header_3_font_size_phone=\u00bb1.8em\u00bb header_3_font_size_last_edited=\u00bbon|phone\u00bb global_colors_info=\u00bb{}\u00bb theme_builder_area=\u00bbpost_content\u00bb]<\/p>\n<div class=\"bg-number-list\">\n<div class=\"bg-number\">3<\/div>\n<h3>Terms of use<\/h3>\n<p>Today's cellular products can be sold both fresh or frozen. In frozen products it is necessary for the prescribing veterinarian to carry out a thawing process under field conditions. This process, although apparently simple, is critical with regards to the efficacy of the product, since the thawing process can cause significant cell death and therefore negatively impact the efficacy of the product (*).<\/p>\n<p>On the other hand, fresh products such as HorStem, do not require handling by the veterinarian and can be stored in a normal refrigerator of the prescribing veterinarian without the need for ultra-low temperature equipment.<\/p>\n<\/div>\n<p>[\/et_pb_text][\/et_pb_column][\/et_pb_row][\/et_pb_section][et_pb_section fb_built=\u00bb1&#8243; custom_padding_last_edited=\u00bbon|desktop\u00bb _builder_version=\u00bb4.16&#8243; _module_preset=\u00bbdefault\u00bb background_color=\u00bbrgba(0,0,0,0)\u00bb use_background_color_gradient=\u00bbon\u00bb background_color_gradient_direction=\u00bb126deg\u00bb background_color_gradient_stops=\u00bb#24519b 0%|#6eabd3 100%\u00bb background_color_gradient_start=\u00bb#24519b\u00bb background_color_gradient_end=\u00bb#6eabd3&#8243; custom_padding=\u00bb7vw||||false|false\u00bb custom_padding_tablet=\u00bb8vw||||false|false\u00bb custom_padding_phone=\u00bb12vw||||false|false\u00bb top_divider_style=\u00bbramp\u00bb top_divider_color=\u00bb#E9EDF5&#8243; top_divider_height=\u00bb4vw\u00bb top_divider_repeat=\u00bb0x\u00bb top_divider_flip=\u00bbvertical|horizontal\u00bb bottom_divider_style=\u00bbcurve\u00bb bottom_divider_color=\u00bb#262626&#8243; bottom_divider_height=\u00bb2vw\u00bb custom_css_main_element=\u00bboverflow:hidden;\u00bb global_colors_info=\u00bb{}\u00bb theme_builder_area=\u00bbpost_content\u00bb][et_pb_row _builder_version=\u00bb4.16&#8243; _module_preset=\u00bbdefault\u00bb global_colors_info=\u00bb{}\u00bb theme_builder_area=\u00bbpost_content\u00bb][et_pb_column type=\u00bb4_4&#8243; _builder_version=\u00bb4.16&#8243; _module_preset=\u00bbdefault\u00bb global_colors_info=\u00bb{}\u00bb custom_css_main_element_last_edited=\u00bbon|desktop\u00bb theme_builder_area=\u00bbpost_content\u00bb][et_pb_text module_class=\u00bblemon\u00bb _builder_version=\u00bb4.16&#8243; _module_preset=\u00bbdefault\u00bb header_2_font=\u00bb||||||||\u00bb header_2_font_size=\u00bb3em\u00bb header_4_font=\u00bb||||||||\u00bb background_layout=\u00bbdark\u00bb max_width=\u00bb60%\u00bb max_width_tablet=\u00bb100%\u00bb max_width_phone=\u00bb\u00bb max_width_last_edited=\u00bbon|tablet\u00bb header_2_font_size_tablet=\u00bb2.5em\u00bb header_2_font_size_phone=\u00bb2.2em\u00bb header_2_font_size_last_edited=\u00bbon|phone\u00bb header_4_text_color_tablet=\u00bb\u00bb header_4_text_color_phone=\u00bb\u00bb header_4_text_color_last_edited=\u00bbon|desktop\u00bb header_4_font_size_tablet=\u00bb\u00bb header_4_font_size_phone=\u00bb\u00bb header_4_font_size_last_edited=\u00bbon|desktop\u00bb global_colors_info=\u00bb{}\u00bb theme_builder_area=\u00bbpost_content\u00bb]<\/p>\n<h2>Advantages over conventional treatments<\/h2>\n<p>[\/et_pb_text][\/et_pb_column][\/et_pb_row][et_pb_row column_structure=\u00bb1_2,1_2&#8243; _builder_version=\u00bb4.16&#8243; _module_preset=\u00bbdefault\u00bb custom_margin=\u00bb||3rem||false|false\u00bb custom_margin_tablet=\u00bb||1rem||false|false\u00bb custom_margin_phone=\u00bb\u00bb custom_margin_last_edited=\u00bbon|tablet\u00bb custom_padding=\u00bb0px||||false|false\u00bb global_colors_info=\u00bb{}\u00bb custom_css_main_element_last_edited=\u00bbon|desktop\u00bb theme_builder_area=\u00bbpost_content\u00bb][et_pb_column type=\u00bb1_2&#8243; _builder_version=\u00bb4.16&#8243; _module_preset=\u00bbdefault\u00bb global_colors_info=\u00bb{}\u00bb theme_builder_area=\u00bbpost_content\u00bb][et_pb_text _builder_version=\u00bb4.16&#8243; _module_preset=\u00bbdefault\u00bb text_text_color=\u00bb#a9c5e0&#8243; background_layout=\u00bbdark\u00bb custom_margin_tablet=\u00bb\u00bb custom_margin_phone=\u00bb\u00bb custom_margin_last_edited=\u00bbon|tablet\u00bb global_colors_info=\u00bb{}\u00bb theme_builder_area=\u00bbpost_content\u00bb]<\/p>\n<p>HorStem is a therapeutic alternative to conventional treatments without being doping, avoiding side effects in the medium \/ long term and with a duration of effect much longer than the classic therapeutic alternatives. <strong>avoiding side effects in the medium\/long term <\/strong>and with a <strong>much longer duration of effect than classical therapeutic alternatives.<\/strong><\/p>\n<p>[\/et_pb_text][\/et_pb_column][et_pb_column type=\u00bb1_2&#8243; _builder_version=\u00bb4.16&#8243; _module_preset=\u00bbdefault\u00bb global_colors_info=\u00bb{}\u00bb theme_builder_area=\u00bbpost_content\u00bb][et_pb_text _builder_version=\u00bb4.16&#8243; _module_preset=\u00bbdefault\u00bb text_text_color=\u00bb#a9c5e0&#8243; background_layout=\u00bbdark\u00bb custom_margin_tablet=\u00bb\u00bb custom_margin_phone=\u00bb\u00bb custom_margin_last_edited=\u00bbon|tablet\u00bb global_colors_info=\u00bb{}\u00bb theme_builder_area=\u00bbpost_content\u00bb]<\/p>\n<p>Conventional treatments for equine osteoarthrosis are well known and are well established in the daily clinic, however, conventional treatments have important drawbacks that can be solved with innovative treatments such as stem cell treatments.<\/p>\n<p>[\/et_pb_text][\/et_pb_column][\/et_pb_row][et_pb_row column_structure=\u00bb1_3,1_3,1_3&#8243; _builder_version=\u00bb4.16&#8243; _module_preset=\u00bbdefault\u00bb global_colors_info=\u00bb{}\u00bb theme_builder_area=\u00bbpost_content\u00bb][et_pb_column type=\u00bb1_3&#8243; _builder_version=\u00bb4.16&#8243; _module_preset=\u00bbdefault\u00bb background_color=\u00bb#ffffff\u00bb custom_padding=\u00bb2rem|2rem|2rem|2rem|true|true\u00bb scroll_vertical_motion_enable=\u00bbon\u00bb scroll_vertical_motion=\u00bb0|50|50|100|4|2|-1.5&#8243; scroll_horizontal_motion_enable=\u00bbon\u00bb scroll_horizontal_motion=\u00bb0|50|50|100|-7|0|0&#8243; scroll_rotating_enable=\u00bbon\u00bb scroll_rotating=\u00bb0|50|50|100|50\u00b0|0|0&#8243; motion_trigger_start=\u00bbtop\u00bb scroll_vertical_motion_tablet=\u00bb0|50|50|100|2|0|0&#8243; scroll_vertical_motion_phone=\u00bb\u00bb scroll_vertical_motion_last_edited=\u00bbon|tablet\u00bb scroll_horizontal_motion_tablet=\u00bb\u00bb scroll_horizontal_motion_phone=\u00bb\u00bb scroll_horizontal_motion_last_edited=\u00bbon|tablet\u00bb scroll_rotating_tablet=\u00bb\u00bb scroll_rotating_phone=\u00bb\u00bb scroll_rotating_last_edited=\u00bbon|tablet\u00bb custom_css_main_element=\u00bbmargin-top: 5vh;\u00bb border_radii=\u00bboff|4em|14em|1em|1em\u00bb border_width_top=\u00bb10px\u00bb border_color_top=\u00bb#f2ad00&#8243; border_radii_tablet=\u00bboff|1em|10em|1em|1em\u00bb border_radii_phone=\u00bb\u00bb border_radii_last_edited=\u00bbon|desktop\u00bb box_shadow_style=\u00bbpreset3&#8243; box_shadow_vertical=\u00bb26px\u00bb box_shadow_blur=\u00bb25px\u00bb box_shadow_spread=\u00bb-16px\u00bb box_shadow_color=\u00bb#24519b\u00bb global_colors_info=\u00bb{}\u00bb custom_css_main_element_last_edited=\u00bbon|desktop\u00bb custom_css_main_element_tablet=\u00bbmargin-top: 0;\u00bb theme_builder_area=\u00bbpost_content\u00bb custom_css_main_element_phone=\u00bbmargin-top: 0;\u00bb][et_pb_image src=\u00bbhttps:\/\/equicord.com\/wp-content\/uploads\/doping.png\u00bb title_text=\u00bbdoping\u00bb align_tablet=\u00bbleft\u00bb align_phone=\u00bb\u00bb align_last_edited=\u00bbon|tablet\u00bb _builder_version=\u00bb4.16&#8243; _module_preset=\u00bbdefault\u00bb width=\u00bb39%\u00bb width_tablet=\u00bb22%\u00bb width_phone=\u00bb27%\u00bb width_last_edited=\u00bbon|tablet\u00bb global_colors_info=\u00bb{}\u00bb theme_builder_area=\u00bbpost_content\u00bb][\/et_pb_image][et_pb_text _builder_version=\u00bb4.16&#8243; _module_preset=\u00bbdefault\u00bb text_font_size=\u00bb0.9em\u00bb text_line_height=\u00bb1.55em\u00bb header_3_font_size=\u00bb1.8em\u00bb header_3_font_size_tablet=\u00bb\u00bb header_3_font_size_phone=\u00bb\u00bb header_3_font_size_last_edited=\u00bbon|desktop\u00bb global_colors_info=\u00bb{}\u00bb theme_builder_area=\u00bbpost_content\u00bb]<\/p>\n<h3>Doping<\/h3>\n<p>Cualquier tratamiento farmacol\u00f3gico, sean AINES o Corticoides son doping positivo en caballos de competici\u00f3n, por lo que su uso est\u00e1 restringido a caballos fuera de la competici\u00f3n, o ser\u00e1 necesario aplicar tiempos de espera.[\/et_pb_text][\/et_pb_column][et_pb_column type=\u00bb1_3&#8243; _builder_version=\u00bb4.16&#8243; _module_preset=\u00bbdefault\u00bb background_color=\u00bb#ffffff\u00bb custom_padding=\u00bb2rem|2rem|2rem|2rem|true|true\u00bb scroll_vertical_motion_enable=\u00bbon\u00bb scroll_vertical_motion=\u00bb0|50|50|100|2|1|-1&#8243; scroll_horizontal_motion_enable=\u00bbon\u00bb scroll_horizontal_motion=\u00bb0|50|50|100|0|0|0&#8243; scroll_rotating_enable=\u00bbon\u00bb scroll_rotating=\u00bb0|50|50|100|0\u00b0|0|0&#8243; motion_trigger_start=\u00bbtop\u00bb scroll_vertical_motion_tablet=\u00bb0|50|50|100|2|0|0&#8243; scroll_vertical_motion_phone=\u00bb\u00bb scroll_vertical_motion_last_edited=\u00bbon|tablet\u00bb scroll_horizontal_motion_tablet=\u00bb0|50|50|100|7|0|0&#8243; scroll_horizontal_motion_phone=\u00bb\u00bb scroll_horizontal_motion_last_edited=\u00bbon|tablet\u00bb scroll_rotating_tablet=\u00bb0|50|50|100|-50\u00b0|0|0&#8243; scroll_rotating_phone=\u00bb\u00bb scroll_rotating_last_edited=\u00bbon|tablet\u00bb border_radii=\u00bboff|4em|14em|1em|1em\u00bb border_width_top=\u00bb10px\u00bb border_color_top=\u00bb#f2ad00&#8243; border_radii_tablet=\u00bboff|1em|10em|1em|1em\u00bb border_radii_phone=\u00bb\u00bb border_radii_last_edited=\u00bbon|desktop\u00bb box_shadow_style=\u00bbpreset3&#8243; box_shadow_vertical=\u00bb26px\u00bb box_shadow_blur=\u00bb25px\u00bb box_shadow_spread=\u00bb-16px\u00bb box_shadow_color=\u00bb#24519b\u00bb global_colors_info=\u00bb{}\u00bb theme_builder_area=\u00bbpost_content\u00bb][et_pb_image src=\u00bbhttps:\/\/equicord.com\/wp-content\/uploads\/duracion.png\u00bb title_text=\u00bbduracion\u00bb _builder_version=\u00bb4.16&#8243; _module_preset=\u00bbdefault\u00bb width=\u00bb39%\u00bb width_tablet=\u00bb22%\u00bb width_phone=\u00bb27%\u00bb width_last_edited=\u00bbon|tablet\u00bb global_colors_info=\u00bb{}\u00bb theme_builder_area=\u00bbpost_content\u00bb][\/et_pb_image][et_pb_text _builder_version=\u00bb4.16&#8243; _module_preset=\u00bbdefault\u00bb text_font_size=\u00bb0.9em\u00bb text_line_height=\u00bb1.55em\u00bb header_3_font_size=\u00bb1.8em\u00bb global_colors_info=\u00bb{}\u00bb theme_builder_area=\u00bbpost_content\u00bb]<\/p>\n<h3>Duration of effect<\/h3>\n<p>Conventional treatments are effective, however, their effectiveness is not very sustained over time. The duration of the effect of intra-articular corticosteroids is variable depending on the case and the number of administrations that the animal has received in its life, averaging about 4 months (*). For this reason, the use of conventional treatments requires the systematic administration of drugs, which increases the risk of adverse effects and increases the associated veterinary costs.<\/p>\n<p>[\/et_pb_text][\/et_pb_column][et_pb_column type=\u00bb1_3&#8243; _builder_version=\u00bb4.16&#8243; _module_preset=\u00bbdefault\u00bb background_color=\u00bb#ffffff\u00bb custom_padding=\u00bb2rem|2rem|2rem|2rem|true|true\u00bb scroll_vertical_motion_enable=\u00bbon\u00bb scroll_vertical_motion=\u00bb0|50|50|100|5|0.5|-2&#8243; scroll_horizontal_motion_enable=\u00bbon\u00bb scroll_horizontal_motion=\u00bb0|50|50|100|7|0|0&#8243; scroll_rotating_enable=\u00bbon\u00bb scroll_rotating=\u00bb0|50|50|100|-50\u00b0|0|0&#8243; motion_trigger_start=\u00bbtop\u00bb scroll_vertical_motion_tablet=\u00bb0|50|50|100|2|0|0&#8243; scroll_vertical_motion_phone=\u00bb\u00bb scroll_vertical_motion_last_edited=\u00bbon|desktop\u00bb scroll_horizontal_motion_tablet=\u00bb0|50|50|100|-7|0|0&#8243; scroll_horizontal_motion_phone=\u00bb\u00bb scroll_horizontal_motion_last_edited=\u00bbon|tablet\u00bb scroll_rotating_tablet=\u00bb0|50|50|100|50\u00b0|0|0&#8243; scroll_rotating_phone=\u00bb\u00bb scroll_rotating_last_edited=\u00bbon|tablet\u00bb custom_css_main_element=\u00bbmargin-top: 10vh;\u00bb border_radii=\u00bboff|4em|14em|1em|1em\u00bb border_width_top=\u00bb10px\u00bb border_color_top=\u00bb#f2ad00&#8243; border_radii_tablet=\u00bboff|1em|10em|1em|1em\u00bb border_radii_phone=\u00bb\u00bb border_radii_last_edited=\u00bbon|desktop\u00bb box_shadow_style=\u00bbpreset3&#8243; box_shadow_vertical=\u00bb26px\u00bb box_shadow_blur=\u00bb25px\u00bb box_shadow_spread=\u00bb-16px\u00bb box_shadow_color=\u00bb#24519b\u00bb global_colors_info=\u00bb{}\u00bb custom_css_main_element_last_edited=\u00bbon|tablet\u00bb custom_css_main_element_tablet=\u00bbmargin-top: 0;\u00bb theme_builder_area=\u00bbpost_content\u00bb custom_css_main_element_phone=\u00bbmargin-top: 0;\u00bb][et_pb_image src=\u00bbhttps:\/\/equicord.com\/wp-content\/uploads\/efectosadversos.png\u00bb title_text=\u00bbefectosadversos\u00bb _builder_version=\u00bb4.16&#8243; _module_preset=\u00bbdefault\u00bb width=\u00bb39%\u00bb width_tablet=\u00bb22%\u00bb width_phone=\u00bb27%\u00bb width_last_edited=\u00bbon|tablet\u00bb global_colors_info=\u00bb{}\u00bb theme_builder_area=\u00bbpost_content\u00bb][\/et_pb_image][et_pb_text _builder_version=\u00bb4.16&#8243; _module_preset=\u00bbdefault\u00bb text_font_size=\u00bb0.9em\u00bb text_line_height=\u00bb1.55em\u00bb header_3_font_size=\u00bb1.8em\u00bb global_colors_info=\u00bb{}\u00bb theme_builder_area=\u00bbpost_content\u00bb]<\/p>\n<h3>Adverse effects<\/h3>\n<p>Los tratamientos farmacol\u00f3gicos convencionales tienen importantes efectos adversos a medio\/largo plazo. Especialmente relevante es el efecto que tiene el uso continuado de corticoides en la homeostasis del cart\u00edlago articular generando importantes efectos negativos como es la degradaci\u00f3n de cart\u00edlago articular (*).[\/et_pb_text][\/et_pb_column][\/et_pb_row][et_pb_row _builder_version=\u00bb4.16&#8243; _module_preset=\u00bbdefault\u00bb global_colors_info=\u00bb{}\u00bb theme_builder_area=\u00bbpost_content\u00bb][et_pb_column type=\u00bb4_4&#8243; _builder_version=\u00bb4.16&#8243; _module_preset=\u00bbdefault\u00bb global_colors_info=\u00bb{}\u00bb theme_builder_area=\u00bbpost_content\u00bb][et_pb_text _builder_version=\u00bb4.16&#8243; _module_preset=\u00bbdefault\u00bb text_font=\u00bb||on||||||\u00bb text_text_color=\u00bbrgba(255,255,255,0.42)\u00bb text_font_size=\u00bb0.95em\u00bb global_colors_info=\u00bb{}\u00bb theme_builder_area=\u00bbpost_content\u00bb]<\/p>\n<p>* L.V Schnabel et al. 2013; Kalaszcynska et al, 2015; Kern et al, 2007; Crisostomo PR, 2006; Baksh et al. 2007; Nagamura-Inoue. U 2014; Hunt C.J.2019; Harkins et al., 1993; de Grauw et al., 2015; Van Weeren &amp; de Grauw, 2010 and Souza, 2016<\/p>\n<p>[\/et_pb_text][\/et_pb_column][\/et_pb_row][\/et_pb_section]<\/p>","protected":false},"excerpt":{"rendered":"<p>Horstem Ventajas Pioneros en el mundo en el uso de cord\u00f3n umbilical como principio activo.Ventajas frente a otros productos de c\u00e9lulas madreHorStem es el \u00fanico medicamento autorizado por la UE basado en c\u00e9lulas madre mesenquimales pluripotentes de cord\u00f3n umbilical equino listo para usar (en fresco) del mercado mundial. Existen en el mercado Europeo diversos productos [&hellip;]<\/p>","protected":false},"author":2,"featured_media":0,"parent":0,"menu_order":0,"comment_status":"closed","ping_status":"closed","template":"","meta":{"_et_pb_use_builder":"on","_et_pb_old_content":"","_et_gb_content_width":"","inline_featured_image":false},"_links":{"self":[{"href":"https:\/\/equicord.com\/en\/wp-json\/wp\/v2\/pages\/231674"}],"collection":[{"href":"https:\/\/equicord.com\/en\/wp-json\/wp\/v2\/pages"}],"about":[{"href":"https:\/\/equicord.com\/en\/wp-json\/wp\/v2\/types\/page"}],"author":[{"embeddable":true,"href":"https:\/\/equicord.com\/en\/wp-json\/wp\/v2\/users\/2"}],"replies":[{"embeddable":true,"href":"https:\/\/equicord.com\/en\/wp-json\/wp\/v2\/comments?post=231674"}],"version-history":[{"count":3,"href":"https:\/\/equicord.com\/en\/wp-json\/wp\/v2\/pages\/231674\/revisions"}],"predecessor-version":[{"id":231677,"href":"https:\/\/equicord.com\/en\/wp-json\/wp\/v2\/pages\/231674\/revisions\/231677"}],"wp:attachment":[{"href":"https:\/\/equicord.com\/en\/wp-json\/wp\/v2\/media?parent=231674"}],"curies":[{"name":"wp","href":"https:\/\/api.w.org\/{rel}","templated":true}]}}