{"id":231682,"date":"2022-07-27T07:55:48","date_gmt":"2022-07-27T07:55:48","guid":{"rendered":"https:\/\/equicord.com\/?page_id=231682"},"modified":"2022-07-27T10:51:05","modified_gmt":"2022-07-27T10:51:05","slug":"ventajas-de-dogstem","status":"publish","type":"page","link":"https:\/\/equicord.com\/en\/ventajas-de-dogstem\/","title":{"rendered":"Advantages"},"content":{"rendered":"<p>[et_pb_section fb_built=\u00bb1&#8243; custom_padding_last_edited=\u00bbon|desktop\u00bb module_class=\u00bbsection-header\u00bb _builder_version=\u00bb4.17.6&#8243; _module_preset=\u00bbdefault\u00bb background_enable_color=\u00bboff\u00bb use_background_color_gradient=\u00bbon\u00bb background_color_gradient_direction=\u00bb53deg\u00bb background_color_gradient_stops=\u00bb#24519b 35%|#78a9cc 100%\u00bb background_color_gradient_start=\u00bb#24519b\u00bb background_color_gradient_start_position=\u00bb35%\u00bb background_color_gradient_end=\u00bb#78a9cc\u00bb background_image=\u00bbhttps:\/\/equicord.com\/wp-content\/uploads\/dogstem_resultados_preliminares.jpg\u00bb background_blend=\u00bbsoft-light\u00bb custom_padding=\u00bb8vw||12vw||false|false\u00bb custom_padding_tablet=\u00bb5rem||8rem||false|false\u00bb custom_padding_phone=\u00bb3rem||5rem||false|false\u00bb bottom_divider_style=\u00bbramp\u00bb bottom_divider_color=\u00bb#ffffff\u00bb bottom_divider_height=\u00bb5vw\u00bb global_colors_info=\u00bb{}\u00bb][et_pb_row _builder_version=\u00bb4.16&#8243; _module_preset=\u00bbdefault\u00bb global_colors_info=\u00bb{}\u00bb][et_pb_column type=\u00bb4_4&#8243; _builder_version=\u00bb4.16&#8243; _module_preset=\u00bbdefault\u00bb global_colors_info=\u00bb{}\u00bb][et_pb_text _builder_version=\u00bb4.17.6&#8243; _module_preset=\u00bbdefault\u00bb text_font=\u00bb|300|||||||\u00bb text_text_color=\u00bb#e3edf4&#8243; text_font_size=\u00bb1.15rem\u00bb text_line_height=\u00bb1.5rem\u00bb header_text_color=\u00bb#ffffff\u00bb header_font_size=\u00bb3.5rem\u00bb header_line_height=\u00bb3.8rem\u00bb max_width=\u00bb50%\u00bb max_width_tablet=\u00bb75%\u00bb max_width_phone=\u00bb80%\u00bb max_width_last_edited=\u00bbon|phone\u00bb custom_padding=\u00bb||0px|||\u00bb text_font_size_tablet=\u00bb1rem\u00bb text_font_size_phone=\u00bb0.9rem\u00bb text_font_size_last_edited=\u00bbon|desktop\u00bb text_line_height_tablet=\u00bb1.4rem\u00bb text_line_height_phone=\u00bb1.3rem\u00bb text_line_height_last_edited=\u00bbon|phone\u00bb header_font_size_tablet=\u00bb3rem\u00bb header_font_size_phone=\u00bb2.2rem\u00bb header_font_size_last_edited=\u00bbon|phone\u00bb header_line_height_tablet=\u00bb3.3rem\u00bb header_line_height_phone=\u00bb2.5rem\u00bb header_line_height_last_edited=\u00bbon|phone\u00bb global_colors_info=\u00bb{}\u00bb]<span class=\"header-top-title\">DogStem<\/span><\/p>\n<h1 class=\"title\">Advantages<\/h1>\n<p>Pioneros en el mundo en el uso de cord\u00f3n umbilical como principio activo.[\/et_pb_text][\/et_pb_column][\/et_pb_row][\/et_pb_section][et_pb_section fb_built=\u00bb1&#8243; _builder_version=\u00bb4.17.6&#8243; _module_preset=\u00bbdefault\u00bb use_background_color_gradient=\u00bbon\u00bb background_color_gradient_stops=\u00bbrgba(0,0,0,0) 50%|rgba(36,81,155,0.1) 100%\u00bb background_color_gradient_start=\u00bbrgba(0,0,0,0)\u00bb background_color_gradient_start_position=\u00bb50%\u00bb background_color_gradient_end=\u00bbrgba(36,81,155,0.1)\u00bb hover_enabled=\u00bb0&#8243; global_colors_info=\u00bb{}\u00bb bottom_divider_style=\u00bbcurve\u00bb bottom_divider_height=\u00bb2vw\u00bb bottom_divider_color=\u00bb#262626&#8243; sticky_enabled=\u00bb0&#8243;][et_pb_row column_structure=\u00bb2_5,3_5&#8243; _builder_version=\u00bb4.16&#8243; _module_preset=\u00bbdefault\u00bb sticky_position_tablet=\u00bb\u00bb sticky_position_phone=\u00bb\u00bb sticky_position_last_edited=\u00bbon|desktop\u00bb global_colors_info=\u00bb{}\u00bb][et_pb_column type=\u00bb2_5&#8243; _builder_version=\u00bb4.16&#8243; _module_preset=\u00bbdefault\u00bb custom_padding=\u00bb||5rem||false|false\u00bb sticky_position=\u00bbtop\u00bb sticky_offset_top=\u00bb30px\u00bb sticky_limit_bottom=\u00bbsection\u00bb sticky_position_tablet=\u00bbnone\u00bb sticky_position_phone=\u00bb\u00bb sticky_position_last_edited=\u00bbon|tablet\u00bb sticky_offset_top_tablet=\u00bb\u00bb sticky_offset_top_phone=\u00bb\u00bb sticky_offset_top_last_edited=\u00bbon|tablet\u00bb global_colors_info=\u00bb{}\u00bb][et_pb_text module_class=\u00bblemon\u00bb _builder_version=\u00bb4.17.6&#8243; _module_preset=\u00bbdefault\u00bb header_2_font=\u00bb||||||||\u00bb header_2_text_color=\u00bb#24519b\u00bb header_2_font_size=\u00bb3em\u00bb header_4_font_size=\u00bb29px\u00bb header_2_font_size_tablet=\u00bb2.5em\u00bb header_2_font_size_phone=\u00bb2.2em\u00bb header_2_font_size_last_edited=\u00bbon|phone\u00bb global_colors_info=\u00bb{}\u00bb]<\/p>\n<h2>Advantages over other treatments for osteoarthritis<\/h2>\n<p>[\/et_pb_text][et_pb_text _builder_version=\u00bb4.17.6&#8243; _module_preset=\u00bbdefault\u00bb global_colors_info=\u00bb{}\u00bb]DogStem es el <strong>only authorized stem cell drug.<\/strong>[\/et_pb_text][et_pb_code _builder_version=\u00bb4.17.6&#8243; _module_preset=\u00bbdefault\u00bb global_colors_info=\u00bb{}\u00bb]<\/p>\n<div class=\"anchors-wrapper\"><!-- [et_pb_line_break_holder] -->  <a href=\"#EficaciaDemostrada\" class=\"anchor-link\"><span class=\"num\">1<\/span>Proven efficacy<span class=\"ico\">&rtrif;<\/span><\/a><!-- [et_pb_line_break_holder] -->  <a href=\"#EvolucionEnfermedad\" class=\"anchor-link\"><span class=\"num\">2<\/span>Evolution of the disease<span class=\"ico\">&rtrif;<\/span><\/a><!-- [et_pb_line_break_holder] -->  <a href=\"#DuracionEfecto\" class=\"anchor-link\"><span class=\"num\">3<\/span>Duration of effect<span class=\"ico\">&rtrif;<\/span><\/a><!-- [et_pb_line_break_holder] -->  <a href=\"#EfectosAdversos\" class=\"anchor-link\"><span class=\"num\">4<\/span>Adverse effects<span class=\"ico\">&rtrif;<\/span><\/a><!-- [et_pb_line_break_holder] -->  <a href=\"#Posologia\" class=\"anchor-link\"><span class=\"num\">5<\/span>Dosage<span class=\"ico\">&rtrif;<\/span><\/a><!-- [et_pb_line_break_holder] --><\/div>\n<p>[\/et_pb_code][\/et_pb_column][et_pb_column type=\u00bb3_5&#8243; _builder_version=\u00bb4.16&#8243; _module_preset=\u00bbdefault\u00bb custom_padding=\u00bb10rem||||false|false\u00bb custom_padding_tablet=\u00bb0rem||||false|false\u00bb custom_padding_phone=\u00bb\u00bb custom_padding_last_edited=\u00bbon|tablet\u00bb global_colors_info=\u00bb{}\u00bb][et_pb_text module_id=\u00bbEficaciaDemostrada\u00bb _builder_version=\u00bb4.17.6&#8243; _module_preset=\u00bbdefault\u00bb text_font=\u00bb||||||||\u00bb header_3_font_size=\u00bb2.2em\u00bb custom_margin=\u00bb||5em||false|false\u00bb sticky_limit_bottom=\u00bbcolumn\u00bb header_3_font_size_tablet=\u00bb\u00bb header_3_font_size_phone=\u00bb1.8em\u00bb header_3_font_size_last_edited=\u00bbon|phone\u00bb global_colors_info=\u00bb{}\u00bb]<\/p>\n<div class=\"bg-number-list\">\n<div class=\"bg-number\">1<\/div>\n<h3>Proven efficacy<\/h3>\n<p>DogStem has demonstrated superior efficacy to currently available medicines for the treatment of canine osteoarthritis. This efficacy has been rigorously demonstrated using objective variables.<\/p>\n<p>In addition, 65% of owners report that DogStem has significantly improved their dog's quality of life.<\/p>\n<\/div>\n<p>[\/et_pb_text][et_pb_text module_id=\u00bbEvolucionEnfermedad\u00bb _builder_version=\u00bb4.17.6&#8243; _module_preset=\u00bbdefault\u00bb header_3_font_size=\u00bb2.2em\u00bb custom_margin=\u00bb||5em||false|false\u00bb sticky_limit_bottom=\u00bbcolumn\u00bb header_3_font_size_tablet=\u00bb\u00bb header_3_font_size_phone=\u00bb1.8em\u00bb header_3_font_size_last_edited=\u00bbon|phone\u00bb global_colors_info=\u00bb{}\u00bb]<\/p>\n<div class=\"bg-number-list\">\n<div class=\"bg-number\">2<\/div>\n<h3>Evolution of the disease<\/h3>\n<p>While currently available treatments focus on tackling the symptoms of osteoarthritis, DogStem with its double mechanism of action, in one hand has a symptomatic effect by reducing lameness and pain, on the other hand acts at the root of the problem, slowing its progression, regenerating damaged cartilage and acting on the hostile environment of the joint by \"deactivating\" the inflammatory cells.<\/p>\n<\/div>\n<p>[\/et_pb_text][et_pb_text module_id=\u00bbDuracionEfecto\u00bb _builder_version=\u00bb4.17.6&#8243; _module_preset=\u00bbdefault\u00bb header_3_font_size=\u00bb2.2em\u00bb custom_margin=\u00bb||5em||false|false\u00bb sticky_limit_bottom=\u00bbcolumn\u00bb header_3_font_size_tablet=\u00bb\u00bb header_3_font_size_phone=\u00bb1.8em\u00bb header_3_font_size_last_edited=\u00bbon|phone\u00bb global_colors_info=\u00bb{}\u00bb]<\/p>\n<div class=\"bg-number-list\">\n<div class=\"bg-number\">3<\/div>\n<h3>Duration of effect<\/h3>\n<p>In addition to having superior efficacy to other available treatments, DogStem has a long-term duration of effect. In clinical studies, 59% of patients had a duration of effect of more than 6 months, and in half of them the duration of effect exceeded 12 months.<\/p>\n<\/div>\n<p>[\/et_pb_text][et_pb_text module_id=\u00bbEfectosAdversos\u00bb _builder_version=\u00bb4.17.6&#8243; _module_preset=\u00bbdefault\u00bb header_3_font_size=\u00bb2.2em\u00bb custom_margin=\u00bb||5em||false|false\u00bb sticky_limit_bottom=\u00bbcolumn\u00bb header_3_font_size_tablet=\u00bb\u00bb header_3_font_size_phone=\u00bb1.8em\u00bb header_3_font_size_last_edited=\u00bbon|phone\u00bb global_colors_info=\u00bb{}\u00bb]<\/p>\n<div class=\"bg-number-list\">\n<div class=\"bg-number\">4<\/div>\n<h3>Adverse effects<\/h3>\n<p>DogStem has been shown to be safe both locally and systemically. While conventional treatments have hepatic, digestive and renal side effects, DogStem has no such adverse effects. While conventional treatments may be contraindicated for animals with pre-existing problems or senior animals, DogStem has been administered to animals of all age ranges from one year and upwards and of all health conditions with no systemic side effects.<\/p>\n<\/div>\n<p>[\/et_pb_text][et_pb_text module_id=\u00bbPosologia\u00bb _builder_version=\u00bb4.17.6&#8243; _module_preset=\u00bbdefault\u00bb header_3_font_size=\u00bb2.2em\u00bb custom_margin=\u00bb||||false|false\u00bb sticky_limit_bottom=\u00bbcolumn\u00bb header_3_font_size_tablet=\u00bb\u00bb header_3_font_size_phone=\u00bb1.8em\u00bb header_3_font_size_last_edited=\u00bbon|phone\u00bb global_colors_info=\u00bb{}\u00bb]<\/p>\n<div class=\"bg-number-list\">\n<div class=\"bg-number\">5<\/div>\n<h3>Dosage<\/h3>\n<p>While currently available treatments for the treatment of pain and lameness associated with osteoarthritis are on a daily, weekly or monthly schedule, a single dose of DogStem has a sustained effect over time so that it is not necessary to repeat administration every few months. Despite this, safety trials have shown that DogStem is safe in repeated doses.<\/p>\n<\/div>\n<p>[\/et_pb_text][\/et_pb_column][\/et_pb_row][\/et_pb_section]<\/p>","protected":false},"excerpt":{"rendered":"<p>DogStem Ventajas Pioneros en el mundo en el uso de cord\u00f3n umbilical como principio activo.Ventajas frente a otros tratamientos para la artrosisDogStem es el \u00fanico medicamento de c\u00e9lulas madre autorizado. 1 Eficacia demostrada DogStem ha demostrado una eficacia superior a los tratamientos disponibles actualmente para el tratamiento de la artrosis canina. Esta eficacia ha sido [&hellip;]<\/p>","protected":false},"author":2,"featured_media":0,"parent":0,"menu_order":0,"comment_status":"closed","ping_status":"closed","template":"","meta":{"_et_pb_use_builder":"on","_et_pb_old_content":"","_et_gb_content_width":"","inline_featured_image":false},"_links":{"self":[{"href":"https:\/\/equicord.com\/en\/wp-json\/wp\/v2\/pages\/231682"}],"collection":[{"href":"https:\/\/equicord.com\/en\/wp-json\/wp\/v2\/pages"}],"about":[{"href":"https:\/\/equicord.com\/en\/wp-json\/wp\/v2\/types\/page"}],"author":[{"embeddable":true,"href":"https:\/\/equicord.com\/en\/wp-json\/wp\/v2\/users\/2"}],"replies":[{"embeddable":true,"href":"https:\/\/equicord.com\/en\/wp-json\/wp\/v2\/comments?post=231682"}],"version-history":[{"count":7,"href":"https:\/\/equicord.com\/en\/wp-json\/wp\/v2\/pages\/231682\/revisions"}],"predecessor-version":[{"id":231722,"href":"https:\/\/equicord.com\/en\/wp-json\/wp\/v2\/pages\/231682\/revisions\/231722"}],"wp:attachment":[{"href":"https:\/\/equicord.com\/en\/wp-json\/wp\/v2\/media?parent=231682"}],"curies":[{"name":"wp","href":"https:\/\/api.w.org\/{rel}","templated":true}]}}